{"id":219174,"date":"2026-02-11T17:02:04","date_gmt":"2026-02-11T14:02:04","guid":{"rendered":"https:\/\/baldumarket.lt\/product\/materac-medyczny-star-80x200-cm-dwustronny-kieszeniowy-sprezyny-pianka-xfoam-zdejmowany-pokrowiec-h4-comforteo\/"},"modified":"2026-02-11T17:02:05","modified_gmt":"2026-02-11T14:02:05","slug":"materac-medyczny-star-80x200-cm-dwustronny-kieszeniowy-sprezyny-pianka-xfoam-zdejmowany-pokrowiec-h4-comforteo","status":"publish","type":"product","link":"https:\/\/baldumarket.lt\/lt\/product\/materac-medyczny-star-80x200-cm-dwustronny-kieszeniowy-sprezyny-pianka-xfoam-zdejmowany-pokrowiec-h4-comforteo\/","title":{"rendered":"Medicininis \u010diu\u017einys \u201eStar\u201c, 80\u00d7200 cm, dvipusis, ki\u0161enin\u0117s spyruokl\u0117s, \u201eXfoam\u201c putos, nuimamas u\u017evalkalas, H4, \u201eComforteo\u201c"},"content":{"rendered":"<p>\u201eStar\u201c 80\u00d7200 cm medicininis \u010diu\u017einys, kurio kietumo \u012fvertinimas yra H4, yra modernus sprendimas, skirtas ie\u0161kantiems komforto ir profesionalios ortopedin\u0117s atramos. Tai puikus klasikini\u0173 ki\u0161enini\u0173 spyruokli\u0173 ir moderni\u0173, itin patvari\u0173 \u201eXFoam\u201c put\u0173 derinys, u\u017etikrinantis patog\u0173 ir sveik\u0105 nakties mieg\u0105.<\/p>","protected":false},"excerpt":{"rendered":"<p>Plotis: 80 cm<br \/>\nIlgis: 200 cm<br \/>\nAuk\u0161tis: 24 cm<br \/>\nMiegamoji erdv\u0117: 80 \u00d7 200 cm<br \/>\n\u010ciu\u017einio tipas: Ki\u0161enin\u0117s spyruokl\u0117s su \u201eXfoam\u201c putomis<\/p>","protected":false},"featured_media":219175,"comment_status":"open","ping_status":"open","template":"","meta":[],"product_brand":[],"product_cat":[7906,1099],"product_tag":[],"class_list":{"0":"post-219174","1":"product","2":"type-product","3":"status-publish","4":"has-post-thumbnail","6":"product_cat-comforteo","7":"product_cat-mattresses","9":"first","10":"instock","11":"purchasable","12":"product-type-simple"},"_links":{"self":[{"href":"https:\/\/baldumarket.lt\/lt\/wp-json\/wp\/v2\/product\/219174","targetHints":{"allow":["GET"]}}],"collection":[{"href":"https:\/\/baldumarket.lt\/lt\/wp-json\/wp\/v2\/product"}],"about":[{"href":"https:\/\/baldumarket.lt\/lt\/wp-json\/wp\/v2\/types\/product"}],"replies":[{"embeddable":true,"href":"https:\/\/baldumarket.lt\/lt\/wp-json\/wp\/v2\/comments?post=219174"}],"wp:featuredmedia":[{"embeddable":true,"href":"https:\/\/baldumarket.lt\/lt\/wp-json\/wp\/v2\/media\/219175"}],"wp:attachment":[{"href":"https:\/\/baldumarket.lt\/lt\/wp-json\/wp\/v2\/media?parent=219174"}],"wp:term":[{"taxonomy":"product_brand","embeddable":true,"href":"https:\/\/baldumarket.lt\/lt\/wp-json\/wp\/v2\/product_brand?post=219174"},{"taxonomy":"product_cat","embeddable":true,"href":"https:\/\/baldumarket.lt\/lt\/wp-json\/wp\/v2\/product_cat?post=219174"},{"taxonomy":"product_tag","embeddable":true,"href":"https:\/\/baldumarket.lt\/lt\/wp-json\/wp\/v2\/product_tag?post=219174"}],"curies":[{"name":"wp","href":"https:\/\/api.w.org\/{rel}","templated":true}]}}