{"id":219142,"date":"2026-02-11T17:01:57","date_gmt":"2026-02-11T14:01:57","guid":{"rendered":"https:\/\/baldumarket.lt\/product\/materac-mood-140x200-cm-dwustronny-piankowy-pianka-pneumatic-i-xfoam-zdejmowany-pokrowiec-h3-h4-comforteo\/"},"modified":"2026-02-11T17:01:59","modified_gmt":"2026-02-11T14:01:59","slug":"materac-mood-140x200-cm-dwustronny-piankowy-pianka-pneumatic-i-xfoam-zdejmowany-pokrowiec-h3-h4-comforteo","status":"publish","type":"product","link":"https:\/\/baldumarket.lt\/lt\/product\/materac-mood-140x200-cm-dwustronny-piankowy-pianka-pneumatic-i-xfoam-zdejmowany-pokrowiec-h3-h4-comforteo\/","title":{"rendered":"\u201eMood\u201c \u010diu\u017einys, 140 x 200 cm, dvipusis, put\u0173 poliuretanas, pneumatin\u0117s ir \u201eXfoam\u201c putos, nuimamas u\u017evalkalas, H3\/H4, \u201eComforteo\u201c"},"content":{"rendered":"<p>Jei ie\u0161kote erdvaus, patogaus ir sveiko sprendimo savo miegamajam, \u201eMood 140\u00d7200 cm\u201c \u010diu\u017einys yra puikus pasirinkimas. Sukurtas i\u0161 dviej\u0173 novatori\u0161k\u0173 put\u0173 \u2013 \u201eXFoam\u201c ir \u201ePneumatic\u201c \u2013 derinio, jis u\u017etikrina ne tik elastingum\u0105 ir ilgaam\u017ei\u0161kum\u0105, bet, svarbiausia, puik\u0173 prigludim\u0105. Tai suma\u017eina stuburo apkrov\u0105, palaiko raumenis ir leid\u017eia kiekvien\u0105 nakt\u012f m\u0117gautis ramiu, atkurian\u010diu miegu.<\/p>","protected":false},"excerpt":{"rendered":"<p>Plotis: 140 cm<br \/>\nIlgis: 200 cm<br \/>\nAuk\u0161tis: 25 cm<br \/>\nMiegamasis plotas: 140 \u00d7 200 cm<br \/>\n\u010ciu\u017einio tipas: Putplastis<\/p>","protected":false},"featured_media":219143,"comment_status":"open","ping_status":"open","template":"","meta":[],"product_brand":[],"product_cat":[7906,1099,1977],"product_tag":[],"class_list":{"0":"post-219142","1":"product","2":"type-product","3":"status-publish","4":"has-post-thumbnail","6":"product_cat-comforteo","7":"product_cat-mattresses","8":"product_cat-mattresses-140x200","10":"first","11":"instock","12":"purchasable","13":"product-type-simple"},"_links":{"self":[{"href":"https:\/\/baldumarket.lt\/lt\/wp-json\/wp\/v2\/product\/219142","targetHints":{"allow":["GET"]}}],"collection":[{"href":"https:\/\/baldumarket.lt\/lt\/wp-json\/wp\/v2\/product"}],"about":[{"href":"https:\/\/baldumarket.lt\/lt\/wp-json\/wp\/v2\/types\/product"}],"replies":[{"embeddable":true,"href":"https:\/\/baldumarket.lt\/lt\/wp-json\/wp\/v2\/comments?post=219142"}],"wp:featuredmedia":[{"embeddable":true,"href":"https:\/\/baldumarket.lt\/lt\/wp-json\/wp\/v2\/media\/219143"}],"wp:attachment":[{"href":"https:\/\/baldumarket.lt\/lt\/wp-json\/wp\/v2\/media?parent=219142"}],"wp:term":[{"taxonomy":"product_brand","embeddable":true,"href":"https:\/\/baldumarket.lt\/lt\/wp-json\/wp\/v2\/product_brand?post=219142"},{"taxonomy":"product_cat","embeddable":true,"href":"https:\/\/baldumarket.lt\/lt\/wp-json\/wp\/v2\/product_cat?post=219142"},{"taxonomy":"product_tag","embeddable":true,"href":"https:\/\/baldumarket.lt\/lt\/wp-json\/wp\/v2\/product_tag?post=219142"}],"curies":[{"name":"wp","href":"https:\/\/api.w.org\/{rel}","templated":true}]}}