{"id":219126,"date":"2026-02-11T17:01:54","date_gmt":"2026-02-11T14:01:54","guid":{"rendered":"https:\/\/baldumarket.lt\/product\/materac-mood-180x200-cm-dwustronny-piankowy-pianka-pneumatic-i-xfoam-zdejmowany-pokrowiec-h3-h4-comforteo\/"},"modified":"2026-02-11T17:01:56","modified_gmt":"2026-02-11T14:01:56","slug":"materac-mood-180x200-cm-dwustronny-piankowy-pianka-pneumatic-i-xfoam-zdejmowany-pokrowiec-h3-h4-comforteo","status":"publish","type":"product","link":"https:\/\/baldumarket.lt\/lt\/product\/materac-mood-180x200-cm-dwustronny-piankowy-pianka-pneumatic-i-xfoam-zdejmowany-pokrowiec-h3-h4-comforteo\/","title":{"rendered":"\u010ciu\u017einys \u201eNuotaika\u201c, 180\u00d7200 cm, dvipusis, putplastis, pneumatin\u0117s putos ir \u201eXfoam\u201c, nuimamas u\u017evalkalas, H3\/H4, \u201eComforteo\u201c"},"content":{"rendered":"<p>Ie\u0161kote erdvaus \u010diu\u017einio, kuris u\u017etikrint\u0173 patog\u0173 ir sveik\u0105 mieg\u0105 jums ir j\u016bs\u0173 antrajai pusei? \u201eMood\u201c 180 \u00d7 200 cm \u010diu\u017einys \u2013 puikus pasirinkimas poroms, kurios tikisi auk\u0161\u010diausios kokyb\u0117s miego, ergonomi\u0161ko palaikymo ir puikios higienos. D\u0117l novatori\u0161k\u0173 put\u0173 \u2013 \u201eXFoam\u201c ir \u201ePneumatic\u201c \u2013 naudojimo \u010diu\u017einys garantuoja puik\u0173 prigludim\u0105, stuburo ir raumen\u0173 apkrov\u0105 bei auk\u0161\u010diausi\u0105 komforto lyg\u012f. \u0160is modelis yra daugiau nei \u012fprastas 180 \u00d7 200 cm put\u0173 \u010diu\u017einys \u2013 tai investicija \u012f geresn\u0119 savijaut\u0105, sveikat\u0105 ir viso k\u016bno regeneracij\u0105.<\/p>","protected":false},"excerpt":{"rendered":"<p>Plotis: 180 cm<br \/>\nIlgis: 200 cm<br \/>\nAuk\u0161tis: 25 cm<br \/>\nMiegamoji erdv\u0117: 180 \u00d7 200 cm<br \/>\n\u010ciu\u017einio tipas: Putplastis<\/p>","protected":false},"featured_media":219127,"comment_status":"open","ping_status":"open","template":"","meta":[],"product_brand":[],"product_cat":[7906,1099,1979],"product_tag":[],"class_list":{"0":"post-219126","1":"product","2":"type-product","3":"status-publish","4":"has-post-thumbnail","6":"product_cat-comforteo","7":"product_cat-mattresses","8":"product_cat-mattresses-180x200","10":"first","11":"instock","12":"purchasable","13":"product-type-simple"},"_links":{"self":[{"href":"https:\/\/baldumarket.lt\/lt\/wp-json\/wp\/v2\/product\/219126","targetHints":{"allow":["GET"]}}],"collection":[{"href":"https:\/\/baldumarket.lt\/lt\/wp-json\/wp\/v2\/product"}],"about":[{"href":"https:\/\/baldumarket.lt\/lt\/wp-json\/wp\/v2\/types\/product"}],"replies":[{"embeddable":true,"href":"https:\/\/baldumarket.lt\/lt\/wp-json\/wp\/v2\/comments?post=219126"}],"wp:featuredmedia":[{"embeddable":true,"href":"https:\/\/baldumarket.lt\/lt\/wp-json\/wp\/v2\/media\/219127"}],"wp:attachment":[{"href":"https:\/\/baldumarket.lt\/lt\/wp-json\/wp\/v2\/media?parent=219126"}],"wp:term":[{"taxonomy":"product_brand","embeddable":true,"href":"https:\/\/baldumarket.lt\/lt\/wp-json\/wp\/v2\/product_brand?post=219126"},{"taxonomy":"product_cat","embeddable":true,"href":"https:\/\/baldumarket.lt\/lt\/wp-json\/wp\/v2\/product_cat?post=219126"},{"taxonomy":"product_tag","embeddable":true,"href":"https:\/\/baldumarket.lt\/lt\/wp-json\/wp\/v2\/product_tag?post=219126"}],"curies":[{"name":"wp","href":"https:\/\/api.w.org\/{rel}","templated":true}]}}