{"id":219102,"date":"2026-02-11T17:01:49","date_gmt":"2026-02-11T14:01:49","guid":{"rendered":"https:\/\/baldumarket.lt\/product\/materac-mood-90x200-cm-dwustronny-piankowy-pianka-pneumatic-i-xfoam-zdejmowany-pokrowiec-h3-h4-comforteo\/"},"modified":"2026-02-11T17:01:50","modified_gmt":"2026-02-11T14:01:50","slug":"materac-mood-90x200-cm-dwustronny-piankowy-pianka-pneumatic-i-xfoam-zdejmowany-pokrowiec-h3-h4-comforteo","status":"publish","type":"product","link":"https:\/\/baldumarket.lt\/lt\/product\/materac-mood-90x200-cm-dwustronny-piankowy-pianka-pneumatic-i-xfoam-zdejmowany-pokrowiec-h3-h4-comforteo\/","title":{"rendered":"\u010ciu\u017einys \u201eNuotaika\u201c, 90\u00d7200 cm, dvipusis, putplastis, pneumatin\u0117s putos ir \u201eXfoam\u201c, nuimamas u\u017evalkalas, H3\/H4, \u201eComforteo\u201c"},"content":{"rendered":"<p>Ie\u0161kote \u010diu\u017einio, kuris u\u017etikrint\u0173 sveik\u0105 ir atkuriant\u012f mieg\u0105? \u201eMood\u201c 90 \u00d7 200 cm \u010diu\u017einys \u2013 puikus pasirinkimas tiems, kurie vertina komfort\u0105, lankstum\u0105 ir tinkam\u0105 stuburo atram\u0105. \u010ciu\u017einio \u0161erdis pagaminta i\u0161 novatori\u0161kos \u201eXFoam\u201c med\u017eiagos, kuri garantuoja elastingum\u0105, ilgaam\u017ei\u0161kum\u0105 ir puik\u0173 prigludim\u0105 prie naudotojo k\u016bno. Be to, pneumatin\u0117s putos, reaguojan\u010dios \u012f \u0161ilum\u0105, pagerina miego komfort\u0105, tiksliai prisitaikydamos prie nat\u016brali\u0173 k\u016bno kont\u016br\u0173. \u0160is technologij\u0173 derinys paver\u010dia \u201eMood\u201c ortopedin\u012f \u010diu\u017ein\u012f puikiu pasirinkimu tiems, kurie ken\u010dia nuo nugaros skausm\u0173, raumen\u0173 \u012ftampos ir miego problem\u0173.<\/p>","protected":false},"excerpt":{"rendered":"<p>Plotis: 90 cm<br \/>\nIlgis: 200 cm<br \/>\nAuk\u0161tis: 25 cm<br \/>\nMiegamoji erdv\u0117: 90 \u00d7 200 cm<br \/>\n\u010ciu\u017einio tipas: Putplastis<\/p>","protected":false},"featured_media":219103,"comment_status":"open","ping_status":"open","template":"","meta":[],"product_brand":[],"product_cat":[7906,1099,1975],"product_tag":[],"class_list":{"0":"post-219102","1":"product","2":"type-product","3":"status-publish","4":"has-post-thumbnail","6":"product_cat-comforteo","7":"product_cat-mattresses","8":"product_cat-mattresses-90x200","10":"first","11":"instock","12":"purchasable","13":"product-type-simple"},"_links":{"self":[{"href":"https:\/\/baldumarket.lt\/lt\/wp-json\/wp\/v2\/product\/219102","targetHints":{"allow":["GET"]}}],"collection":[{"href":"https:\/\/baldumarket.lt\/lt\/wp-json\/wp\/v2\/product"}],"about":[{"href":"https:\/\/baldumarket.lt\/lt\/wp-json\/wp\/v2\/types\/product"}],"replies":[{"embeddable":true,"href":"https:\/\/baldumarket.lt\/lt\/wp-json\/wp\/v2\/comments?post=219102"}],"wp:featuredmedia":[{"embeddable":true,"href":"https:\/\/baldumarket.lt\/lt\/wp-json\/wp\/v2\/media\/219103"}],"wp:attachment":[{"href":"https:\/\/baldumarket.lt\/lt\/wp-json\/wp\/v2\/media?parent=219102"}],"wp:term":[{"taxonomy":"product_brand","embeddable":true,"href":"https:\/\/baldumarket.lt\/lt\/wp-json\/wp\/v2\/product_brand?post=219102"},{"taxonomy":"product_cat","embeddable":true,"href":"https:\/\/baldumarket.lt\/lt\/wp-json\/wp\/v2\/product_cat?post=219102"},{"taxonomy":"product_tag","embeddable":true,"href":"https:\/\/baldumarket.lt\/lt\/wp-json\/wp\/v2\/product_tag?post=219102"}],"curies":[{"name":"wp","href":"https:\/\/api.w.org\/{rel}","templated":true}]}}