{"id":219094,"date":"2026-02-11T17:01:47","date_gmt":"2026-02-11T14:01:47","guid":{"rendered":"https:\/\/baldumarket.lt\/product\/materac-moon-100x200-cm-dwustronny-kieszeniowy-sprezyny-kokos-pianka-xfoam-h4-h5-comforteo\/"},"modified":"2026-02-11T17:01:48","modified_gmt":"2026-02-11T14:01:48","slug":"materac-moon-100x200-cm-dwustronny-kieszeniowy-sprezyny-kokos-pianka-xfoam-h4-h5-comforteo","status":"publish","type":"product","link":"https:\/\/baldumarket.lt\/lt\/product\/materac-moon-100x200-cm-dwustronny-kieszeniowy-sprezyny-kokos-pianka-xfoam-h4-h5-comforteo\/","title":{"rendered":"\u010ciu\u017einys \u201eMoon\u201c, 100\u00d7200 cm, dvipusis, ki\u0161enin\u0117s spyruokl\u0117s, kokoso pluo\u0161tas, \u201eXfoam\u201c, H4\/H5, \u201eComforteo\u201c"},"content":{"rendered":"<p>Ie\u0161kote tvirto \u010diu\u017einio, kuris idealiai palaikyt\u0173 stubur\u0105 ir leist\u0173 reguliuoti kietum\u0105 pagal individualius poreikius? \u201eMoon\u201c 100\u00d7200 cm H4\/H5 \u010diu\u017einys \u2013 tai modernus sprendimas, skirtas i\u0161rankiems \u017emon\u0117ms, derinantis patvarum\u0105, ergonomik\u0105 ir auk\u0161t\u0105 komfort\u0105. \u0160is dvipusis modelis si\u016blo du skirtingus miego pavir\u0161ius \u2013 vidutinio kietumo (H4) ir labai kieto (H5). Atsi\u017evelgdami \u012f savo pageidavimus ir esamus poreikius, tiesiog apverskite \u010diu\u017ein\u012f, kad pasirinktum\u0117te skirting\u0105 komforto lyg\u012f. Viduje rasite pa\u017eangi\u0105 ki\u0161enini\u0173 spyruokli\u0173 sistem\u0105, kuri veikia individualiai, sukurdama septynias komforto zonas ir puikiai prisitaikydama prie k\u016bno anatomijos. Be to, \u201eXFoam\u201c ir nat\u016bralaus kokoso pluo\u0161to kilim\u0117lio naudojimas u\u017etikrina puik\u0173 elastingum\u0105, oro cirkuliacij\u0105 ir atsparum\u0105 deformacijai. \u201eMoon\u201c \u010diu\u017einys taip pat pasi\u017eymi ortopedin\u0117mis ir antialergin\u0117mis savyb\u0117mis, kurios teigiamai veikia miego kokyb\u0119 ir naudotojo sveikat\u0105.<\/p>","protected":false},"excerpt":{"rendered":"<p>Plotis: 100 cm<br \/>\nIlgis: 200 cm<br \/>\nAuk\u0161tis: 21 cm<br \/>\nMiegamasis plotas: 100 \u00d7 200 cm<br \/>\n\u010ciu\u017einio tipas: Ki\u0161enin\u0117 spyruokl\u0117 su kokoso kilim\u0117liu<\/p>","protected":false},"featured_media":219095,"comment_status":"open","ping_status":"open","template":"","meta":[],"product_brand":[],"product_cat":[7906,1099],"product_tag":[],"class_list":{"0":"post-219094","1":"product","2":"type-product","3":"status-publish","4":"has-post-thumbnail","6":"product_cat-comforteo","7":"product_cat-mattresses","9":"first","10":"instock","11":"purchasable","12":"product-type-simple"},"_links":{"self":[{"href":"https:\/\/baldumarket.lt\/lt\/wp-json\/wp\/v2\/product\/219094","targetHints":{"allow":["GET"]}}],"collection":[{"href":"https:\/\/baldumarket.lt\/lt\/wp-json\/wp\/v2\/product"}],"about":[{"href":"https:\/\/baldumarket.lt\/lt\/wp-json\/wp\/v2\/types\/product"}],"replies":[{"embeddable":true,"href":"https:\/\/baldumarket.lt\/lt\/wp-json\/wp\/v2\/comments?post=219094"}],"wp:featuredmedia":[{"embeddable":true,"href":"https:\/\/baldumarket.lt\/lt\/wp-json\/wp\/v2\/media\/219095"}],"wp:attachment":[{"href":"https:\/\/baldumarket.lt\/lt\/wp-json\/wp\/v2\/media?parent=219094"}],"wp:term":[{"taxonomy":"product_brand","embeddable":true,"href":"https:\/\/baldumarket.lt\/lt\/wp-json\/wp\/v2\/product_brand?post=219094"},{"taxonomy":"product_cat","embeddable":true,"href":"https:\/\/baldumarket.lt\/lt\/wp-json\/wp\/v2\/product_cat?post=219094"},{"taxonomy":"product_tag","embeddable":true,"href":"https:\/\/baldumarket.lt\/lt\/wp-json\/wp\/v2\/product_tag?post=219094"}],"curies":[{"name":"wp","href":"https:\/\/api.w.org\/{rel}","templated":true}]}}