{"id":219086,"date":"2026-02-11T17:01:46","date_gmt":"2026-02-11T14:01:46","guid":{"rendered":"https:\/\/baldumarket.lt\/product\/materac-moon-120x200-cm-dwustronny-kieszeniowy-sprezyny-kokos-pianka-xfoam-h4-h5-comforteo\/"},"modified":"2026-02-11T17:01:47","modified_gmt":"2026-02-11T14:01:47","slug":"materac-moon-120x200-cm-dwustronny-kieszeniowy-sprezyny-kokos-pianka-xfoam-h4-h5-comforteo","status":"publish","type":"product","link":"https:\/\/baldumarket.lt\/lt\/product\/materac-moon-120x200-cm-dwustronny-kieszeniowy-sprezyny-kokos-pianka-xfoam-h4-h5-comforteo\/","title":{"rendered":"\u010ciu\u017einys \u201eMoon\u201c, 120&#215;200 cm, dvipusis, ki\u0161enin\u0117s spyruokl\u0117s, kokoso pluo\u0161tas, \u201eXfoam\u201c, H4\/H5, \u201eComforteo\u201c"},"content":{"rendered":"<p>Ie\u0161kote \u010diu\u017einio, kuris u\u017etikrint\u0173 patog\u0173 ir sveik\u0105 mieg\u0105 be joki\u0173 kompromis\u0173? \u201eMoon 120\u00d7200 cm H4\/H5\u201c \u010diu\u017einys \u2013 tai novatori\u0161kas komforto, funkcionalumo ir tvirtos stuburo atramos derinys. D\u0117l \u201eXFoam\u201c, ki\u0161enini\u0173 spyruokli\u0173 ir nat\u016bralaus kokoso pluo\u0161to kilim\u0117lio \u0161is modelis si\u016blo du skirtingus kietumo lygius \u2013 vidutinio kietumo (H4) ir itin kieto (H5). Tiesiog apverskite \u010diu\u017ein\u012f, kad jis atitikt\u0173 j\u016bs\u0173 poreikius \u2013 pavyzd\u017eiui, po mank\u0161tos, d\u0117l nugaros problem\u0173 arba pagal savo pageidavimus. \u201eMoon 120\u00d7200 cm\u201c \u010diu\u017einys suteikia ergonomi\u0161k\u0105 atram\u0105 visam k\u016bnui, o 7 komforto zonos yra atsakingos u\u017e tinkam\u0105 stuburo pad\u0117t\u012f, raumen\u0173 \u012ftampos ma\u017einim\u0105 ir kraujotakos gerinim\u0105. Tai puikus pasirinkimas miegantiems ant nugaros ir \u0161ono, sunkesniems naudotojams, taip pat alergi\u0161kiems \u017emon\u0117ms ir tiems, kurie ken\u010dia nuo nugaros skausm\u0173.<\/p>","protected":false},"excerpt":{"rendered":"<p>Plotis: 120 cm<br \/>\nIlgis: 200 cm<br \/>\nAuk\u0161tis: 21 cm<br \/>\nMiegamasis plotas: 120 \u00d7 200 cm<br \/>\n\u010ciu\u017einio tipas: Ki\u0161enin\u0117 spyruokl\u0117 su kokoso kilim\u0117liu<\/p>","protected":false},"featured_media":219087,"comment_status":"open","ping_status":"open","template":"","meta":[],"product_brand":[],"product_cat":[7906,1099,1976],"product_tag":[],"class_list":{"0":"post-219086","1":"product","2":"type-product","3":"status-publish","4":"has-post-thumbnail","6":"product_cat-comforteo","7":"product_cat-mattresses","8":"product_cat-mattresses-120x200","10":"first","11":"instock","12":"purchasable","13":"product-type-simple"},"_links":{"self":[{"href":"https:\/\/baldumarket.lt\/lt\/wp-json\/wp\/v2\/product\/219086","targetHints":{"allow":["GET"]}}],"collection":[{"href":"https:\/\/baldumarket.lt\/lt\/wp-json\/wp\/v2\/product"}],"about":[{"href":"https:\/\/baldumarket.lt\/lt\/wp-json\/wp\/v2\/types\/product"}],"replies":[{"embeddable":true,"href":"https:\/\/baldumarket.lt\/lt\/wp-json\/wp\/v2\/comments?post=219086"}],"wp:featuredmedia":[{"embeddable":true,"href":"https:\/\/baldumarket.lt\/lt\/wp-json\/wp\/v2\/media\/219087"}],"wp:attachment":[{"href":"https:\/\/baldumarket.lt\/lt\/wp-json\/wp\/v2\/media?parent=219086"}],"wp:term":[{"taxonomy":"product_brand","embeddable":true,"href":"https:\/\/baldumarket.lt\/lt\/wp-json\/wp\/v2\/product_brand?post=219086"},{"taxonomy":"product_cat","embeddable":true,"href":"https:\/\/baldumarket.lt\/lt\/wp-json\/wp\/v2\/product_cat?post=219086"},{"taxonomy":"product_tag","embeddable":true,"href":"https:\/\/baldumarket.lt\/lt\/wp-json\/wp\/v2\/product_tag?post=219086"}],"curies":[{"name":"wp","href":"https:\/\/api.w.org\/{rel}","templated":true}]}}