{"id":21908,"date":"2025-11-14T13:48:14","date_gmt":"2025-11-14T10:48:14","guid":{"rendered":"https:\/\/baldumarket.lt\/product\/materac-lateksowy-milano-160x200-hipoalergiczny-pokrowiec\/"},"modified":"2026-03-24T18:24:26","modified_gmt":"2026-03-24T15:24:26","slug":"materac-lateksowy-milano-160x200-hipoalergiczny-pokrowiec","status":"publish","type":"product","link":"https:\/\/baldumarket.lt\/lt\/product\/materac-lateksowy-milano-160x200-hipoalergiczny-pokrowiec\/","title":{"rendered":"Milano latekso \u010diu\u017einio u\u017evalkalas, 160\u00d7200, hipoalerginis"},"content":{"rendered":"<p>Da\u017enai nesusim\u0105stome, koks svarbus yra sveikas stuburas. Tirpimas, koj\u0173 ir rank\u0173 skausmas, galvos skausmai \u2013 tai tik keletas negalavim\u0173, kuriuos sukelia stuburo problemos. J\u0173 galima i\u0161vengti mank\u0161tinantis arba pasirinkus tinkam\u0105 \u010diu\u017ein\u012f. Milano latekso \u010diu\u017einys \u2013 m\u016bs\u0173 atsakas \u012f j\u016bs\u0173 poreikius. Storas latekso put\u0173 sluoksnis, apgaubtas nuimamu u\u017evalkalu, yra puikus b\u016bdas pagerinti miego kokyb\u0119.<\/p>","protected":false},"excerpt":{"rendered":"<p>Da\u017enai nesusim\u0105stome, koks svarbus yra sveikas stuburas. Tirpimas, koj\u0173 ir rank\u0173 skausmas bei galvos skausmai \u2013 tai tik keletas negalavim\u0173, kuriuos sukelia stuburo problemos. J\u0173 galima i\u0161vengti mank\u0161tinantis arba pasirinkus tinkam\u0105 \u010diu\u017ein\u012f. Milano latekso \u010diu\u017einys \u2013 m\u016bs\u0173 atsakas \u012f j\u016bs\u0173 poreikius. Storas latekso sluoksnis [\u2026]<\/p>","protected":false},"featured_media":21886,"comment_status":"open","ping_status":"open","template":"","meta":[],"product_brand":[],"product_cat":[2012,1099,1978],"product_tag":[],"class_list":{"0":"post-21908","1":"product","2":"type-product","3":"status-publish","4":"has-post-thumbnail","6":"product_cat-eltap","7":"product_cat-mattresses","8":"product_cat-mattresses-160x200","10":"first","11":"instock","12":"purchasable","13":"product-type-simple"},"_links":{"self":[{"href":"https:\/\/baldumarket.lt\/lt\/wp-json\/wp\/v2\/product\/21908","targetHints":{"allow":["GET"]}}],"collection":[{"href":"https:\/\/baldumarket.lt\/lt\/wp-json\/wp\/v2\/product"}],"about":[{"href":"https:\/\/baldumarket.lt\/lt\/wp-json\/wp\/v2\/types\/product"}],"replies":[{"embeddable":true,"href":"https:\/\/baldumarket.lt\/lt\/wp-json\/wp\/v2\/comments?post=21908"}],"wp:featuredmedia":[{"embeddable":true,"href":"https:\/\/baldumarket.lt\/lt\/wp-json\/wp\/v2\/media\/21886"}],"wp:attachment":[{"href":"https:\/\/baldumarket.lt\/lt\/wp-json\/wp\/v2\/media?parent=21908"}],"wp:term":[{"taxonomy":"product_brand","embeddable":true,"href":"https:\/\/baldumarket.lt\/lt\/wp-json\/wp\/v2\/product_brand?post=21908"},{"taxonomy":"product_cat","embeddable":true,"href":"https:\/\/baldumarket.lt\/lt\/wp-json\/wp\/v2\/product_cat?post=21908"},{"taxonomy":"product_tag","embeddable":true,"href":"https:\/\/baldumarket.lt\/lt\/wp-json\/wp\/v2\/product_tag?post=21908"}],"curies":[{"name":"wp","href":"https:\/\/api.w.org\/{rel}","templated":true}]}}