{"id":219078,"date":"2026-02-11T17:01:44","date_gmt":"2026-02-11T14:01:44","guid":{"rendered":"https:\/\/baldumarket.lt\/product\/materac-moon-140x200-cm-dwustronny-kieszeniowy-sprezyny-kokos-pianka-xfoam-h4-h5-comforteo\/"},"modified":"2026-02-11T17:01:45","modified_gmt":"2026-02-11T14:01:45","slug":"materac-moon-140x200-cm-dwustronny-kieszeniowy-sprezyny-kokos-pianka-xfoam-h4-h5-comforteo","status":"publish","type":"product","link":"https:\/\/baldumarket.lt\/lt\/product\/materac-moon-140x200-cm-dwustronny-kieszeniowy-sprezyny-kokos-pianka-xfoam-h4-h5-comforteo\/","title":{"rendered":"\u010ciu\u017einys \u201eMoon\u201c, 140&#215;200 cm, dvipusis, ki\u0161enin\u0117s spyruokl\u0117s, kokoso pluo\u0161tas, \u201eXfoam\u201c, H4\/H5, \u201eComforteo\u201c"},"content":{"rendered":"<p>Ie\u0161kote patikimo \u010diu\u017einio, kuris u\u017etikrint\u0173 sveik\u0105, atkuriant\u012f mieg\u0105 ir prisitaikyt\u0173 prie j\u016bs\u0173 poreiki\u0173? \u201eMoon\u201c 140 \u00d7 200 cm H4\/H5 \u010diu\u017einys yra puikus pasirinkimas tiems, kurie ie\u0161ko komforto, patvarumo ir ortopedin\u0117s atramos. D\u0117l modernios konstrukcijos, paremtos \u201eXFoam\u201c, ki\u0161enin\u0117mis spyruokl\u0117mis ir kokoso pluo\u0161to kilim\u0117liu, \u0161is dvipusis \u010diu\u017einys si\u016blo du skirtingus kietumo lygius: H4 (vidutinio kietumo) ir H5 (labai kieto). Tiesiog apverskite \u010diu\u017ein\u012f, kad jis atitikt\u0173 j\u016bs\u0173 poreikius \u2013 pavyzd\u017eiui, po ilgos dienos, pasikeitus svoriui, patyrus traum\u0105 ar laikantis sveikatos rekomendacij\u0173. 140 \u00d7 200 cm dydis puikiai tinka vienam asmeniui, norin\u010diam daugiau erdv\u0117s, arba dviem \u017emon\u0117ms, kurie vertina glaud\u0173, bet patog\u0173 mieg\u0105. \u0160is \u010diu\u017einys derina funkcionalum\u0105 ir komfort\u0105, palaikydamas nat\u016brali\u0105 stuburo pad\u0117t\u012f ir kovodamas su nugaros skausmais bei raumen\u0173 \u012ftampa.<\/p>","protected":false},"excerpt":{"rendered":"<p>Plotis: 140 cm<br \/>\nIlgis: 200 cm<br \/>\nAuk\u0161tis: 21 cm<br \/>\nMiegamasis plotas: 140 \u00d7 200 cm<br \/>\n\u010ciu\u017einio tipas: Ki\u0161enin\u0117 spyruokl\u0117 su kokoso kilim\u0117liu<\/p>","protected":false},"featured_media":219079,"comment_status":"open","ping_status":"open","template":"","meta":[],"product_brand":[],"product_cat":[7906,1099,1977],"product_tag":[],"class_list":{"0":"post-219078","1":"product","2":"type-product","3":"status-publish","4":"has-post-thumbnail","6":"product_cat-comforteo","7":"product_cat-mattresses","8":"product_cat-mattresses-140x200","10":"first","11":"instock","12":"purchasable","13":"product-type-simple"},"_links":{"self":[{"href":"https:\/\/baldumarket.lt\/lt\/wp-json\/wp\/v2\/product\/219078","targetHints":{"allow":["GET"]}}],"collection":[{"href":"https:\/\/baldumarket.lt\/lt\/wp-json\/wp\/v2\/product"}],"about":[{"href":"https:\/\/baldumarket.lt\/lt\/wp-json\/wp\/v2\/types\/product"}],"replies":[{"embeddable":true,"href":"https:\/\/baldumarket.lt\/lt\/wp-json\/wp\/v2\/comments?post=219078"}],"wp:featuredmedia":[{"embeddable":true,"href":"https:\/\/baldumarket.lt\/lt\/wp-json\/wp\/v2\/media\/219079"}],"wp:attachment":[{"href":"https:\/\/baldumarket.lt\/lt\/wp-json\/wp\/v2\/media?parent=219078"}],"wp:term":[{"taxonomy":"product_brand","embeddable":true,"href":"https:\/\/baldumarket.lt\/lt\/wp-json\/wp\/v2\/product_brand?post=219078"},{"taxonomy":"product_cat","embeddable":true,"href":"https:\/\/baldumarket.lt\/lt\/wp-json\/wp\/v2\/product_cat?post=219078"},{"taxonomy":"product_tag","embeddable":true,"href":"https:\/\/baldumarket.lt\/lt\/wp-json\/wp\/v2\/product_tag?post=219078"}],"curies":[{"name":"wp","href":"https:\/\/api.w.org\/{rel}","templated":true}]}}