{"id":219070,"date":"2026-02-11T17:01:43","date_gmt":"2026-02-11T14:01:43","guid":{"rendered":"https:\/\/baldumarket.lt\/product\/materac-moon-160x200-cm-dwustronny-kieszeniowy-sprezyny-kokos-pianka-xfoam-h4-h5-comforteo\/"},"modified":"2026-02-11T17:01:44","modified_gmt":"2026-02-11T14:01:44","slug":"materac-moon-160x200-cm-dwustronny-kieszeniowy-sprezyny-kokos-pianka-xfoam-h4-h5-comforteo","status":"publish","type":"product","link":"https:\/\/baldumarket.lt\/lt\/product\/materac-moon-160x200-cm-dwustronny-kieszeniowy-sprezyny-kokos-pianka-xfoam-h4-h5-comforteo\/","title":{"rendered":"\u010ciu\u017einys \u201eMoon\u201c, 160&#215;200 cm, dvipusis, ki\u0161enin\u0117s spyruokl\u0117s, kokoso pluo\u0161tas, \u201eXfoam\u201c, H4\/H5, \u201eComforteo\u201c"},"content":{"rendered":"<p>Ie\u0161kote tvirto \u010diu\u017einio, kuris u\u017etikrint\u0173 patog\u0173 ir sveik\u0105 mieg\u0105 tiek jums, tiek j\u016bs\u0173 antrajai pusei? \u201eMoon\u201c 160 \u00d7 200 cm H4\/H5 \u010diu\u017einys yra puikus sprendimas poroms, kurios tikisi patvarumo, komforto ir funkcionalumo viename gaminyje. Galima \u012fsigyti dviej\u0173 skirting\u0173 kietumo lygi\u0173 \u2013 H4 ir H5 \u2013 tod\u0117l galite lengvai pritaikyti pagrind\u0105 pagal savo poreikius. Tiesiog pasukite j\u012f, kad pakeistum\u0117te atramos lyg\u012f \u2013 puikus sprendimas, pavyzd\u017eiui, po aktyvios dienos, kei\u010diantis svoriui, po traumos ar laikantis ortoped\u0173 rekomendacij\u0173.<\/p>","protected":false},"excerpt":{"rendered":"<p>Plotis: 160 cm<br \/>\nIlgis: 200 cm<br \/>\nAuk\u0161tis: 21 cm<br \/>\nMiegamoji erdv\u0117: 160 \u00d7 200 cm<br \/>\n\u010ciu\u017einio tipas: Ki\u0161enin\u0117 spyruokl\u0117 su kokoso kilim\u0117liu<\/p>","protected":false},"featured_media":219071,"comment_status":"open","ping_status":"open","template":"","meta":[],"product_brand":[],"product_cat":[7906,1099,1978],"product_tag":[],"class_list":{"0":"post-219070","1":"product","2":"type-product","3":"status-publish","4":"has-post-thumbnail","6":"product_cat-comforteo","7":"product_cat-mattresses","8":"product_cat-mattresses-160x200","10":"first","11":"instock","12":"purchasable","13":"product-type-simple"},"_links":{"self":[{"href":"https:\/\/baldumarket.lt\/lt\/wp-json\/wp\/v2\/product\/219070","targetHints":{"allow":["GET"]}}],"collection":[{"href":"https:\/\/baldumarket.lt\/lt\/wp-json\/wp\/v2\/product"}],"about":[{"href":"https:\/\/baldumarket.lt\/lt\/wp-json\/wp\/v2\/types\/product"}],"replies":[{"embeddable":true,"href":"https:\/\/baldumarket.lt\/lt\/wp-json\/wp\/v2\/comments?post=219070"}],"wp:featuredmedia":[{"embeddable":true,"href":"https:\/\/baldumarket.lt\/lt\/wp-json\/wp\/v2\/media\/219071"}],"wp:attachment":[{"href":"https:\/\/baldumarket.lt\/lt\/wp-json\/wp\/v2\/media?parent=219070"}],"wp:term":[{"taxonomy":"product_brand","embeddable":true,"href":"https:\/\/baldumarket.lt\/lt\/wp-json\/wp\/v2\/product_brand?post=219070"},{"taxonomy":"product_cat","embeddable":true,"href":"https:\/\/baldumarket.lt\/lt\/wp-json\/wp\/v2\/product_cat?post=219070"},{"taxonomy":"product_tag","embeddable":true,"href":"https:\/\/baldumarket.lt\/lt\/wp-json\/wp\/v2\/product_tag?post=219070"}],"curies":[{"name":"wp","href":"https:\/\/api.w.org\/{rel}","templated":true}]}}