{"id":219054,"date":"2026-02-11T17:01:41","date_gmt":"2026-02-11T14:01:41","guid":{"rendered":"https:\/\/baldumarket.lt\/product\/materac-moon-200x200-cm-dwustronny-kieszeniowy-sprezyny-kokos-pianka-xfoam-h4-h5-comforteo\/"},"modified":"2026-02-11T17:01:41","modified_gmt":"2026-02-11T14:01:41","slug":"materac-moon-200x200-cm-dwustronny-kieszeniowy-sprezyny-kokos-pianka-xfoam-h4-h5-comforteo","status":"publish","type":"product","link":"https:\/\/baldumarket.lt\/lt\/product\/materac-moon-200x200-cm-dwustronny-kieszeniowy-sprezyny-kokos-pianka-xfoam-h4-h5-comforteo\/","title":{"rendered":"\u010ciu\u017einys \u201eM\u0117nulis\u201c, 200\u00d7200 cm, dvipusis, ki\u0161enin\u0117s spyruokl\u0117s, kokosas, \u201eXfoam\u201c, H4\/H5, \u201eComforteo\u201c"},"content":{"rendered":"<p>Jei svajojate apie karali\u0161k\u0105 miego komfort\u0105 ir jums reikia tikrai erdvaus \u010diu\u017einio, kuris u\u017etikrint\u0173 komfort\u0105 dviem \u017emon\u0117ms be kompromis\u0173, \u201eMoon\u201c 200 \u00d7 200 cm H4\/H5 \u010diu\u017einys kaip tik jums. \u0160is prabangus, dvipusis modelis derina modernias technologijas su nat\u016braliomis med\u017eiagomis, kad b\u016bt\u0173 sudarytos idealios s\u0105lygos k\u016bno regeneracijai ir stuburo apsaugai. D\u0117l \u201eXFoam\u201c, ki\u0161enini\u0173 spyruokli\u0173 ir kokoso pluo\u0161to kilim\u0117lio naudojimo \u010diu\u017einys si\u016blo du kietumo lygius \u2013 H4 (vidutinio kietumo) ir H5 (labai kieto) \u2013 tiesiog apverskite j\u012f, kad sureguliuotum\u0117te kietum\u0105 pagal savo poreikius.<\/p>","protected":false},"excerpt":{"rendered":"<p>Plotis: 200 cm<br \/>\nIlgis: 200 cm<br \/>\nAuk\u0161tis: 21 cm<br \/>\nMiegamasis plotas: 200 \u00d7 200 cm<br \/>\n\u010ciu\u017einio tipas: Ki\u0161enin\u0117 spyruokl\u0117 su kokoso kilim\u0117liu<\/p>","protected":false},"featured_media":219055,"comment_status":"open","ping_status":"open","template":"","meta":[],"product_brand":[],"product_cat":[7906,1099,9144],"product_tag":[],"class_list":{"0":"post-219054","1":"product","2":"type-product","3":"status-publish","4":"has-post-thumbnail","6":"product_cat-comforteo","7":"product_cat-mattresses","8":"product_cat-mattresses-200x200","10":"first","11":"instock","12":"purchasable","13":"product-type-simple"},"_links":{"self":[{"href":"https:\/\/baldumarket.lt\/lt\/wp-json\/wp\/v2\/product\/219054","targetHints":{"allow":["GET"]}}],"collection":[{"href":"https:\/\/baldumarket.lt\/lt\/wp-json\/wp\/v2\/product"}],"about":[{"href":"https:\/\/baldumarket.lt\/lt\/wp-json\/wp\/v2\/types\/product"}],"replies":[{"embeddable":true,"href":"https:\/\/baldumarket.lt\/lt\/wp-json\/wp\/v2\/comments?post=219054"}],"wp:featuredmedia":[{"embeddable":true,"href":"https:\/\/baldumarket.lt\/lt\/wp-json\/wp\/v2\/media\/219055"}],"wp:attachment":[{"href":"https:\/\/baldumarket.lt\/lt\/wp-json\/wp\/v2\/media?parent=219054"}],"wp:term":[{"taxonomy":"product_brand","embeddable":true,"href":"https:\/\/baldumarket.lt\/lt\/wp-json\/wp\/v2\/product_brand?post=219054"},{"taxonomy":"product_cat","embeddable":true,"href":"https:\/\/baldumarket.lt\/lt\/wp-json\/wp\/v2\/product_cat?post=219054"},{"taxonomy":"product_tag","embeddable":true,"href":"https:\/\/baldumarket.lt\/lt\/wp-json\/wp\/v2\/product_tag?post=219054"}],"curies":[{"name":"wp","href":"https:\/\/api.w.org\/{rel}","templated":true}]}}