{"id":219046,"date":"2026-02-11T17:01:40","date_gmt":"2026-02-11T14:01:40","guid":{"rendered":"https:\/\/baldumarket.lt\/product\/materac-moon-80x200-cm-dwustronny-kieszeniowy-sprezyny-kokos-pianka-xfoam-h4-h5-comforteo\/"},"modified":"2026-02-11T17:01:41","modified_gmt":"2026-02-11T14:01:41","slug":"materac-moon-80x200-cm-dwustronny-kieszeniowy-sprezyny-kokos-pianka-xfoam-h4-h5-comforteo","status":"publish","type":"product","link":"https:\/\/baldumarket.lt\/lt\/product\/materac-moon-80x200-cm-dwustronny-kieszeniowy-sprezyny-kokos-pianka-xfoam-h4-h5-comforteo\/","title":{"rendered":"\u010ciu\u017einys \u201eMoon\u201c, 80\u00d7200 cm, dvipusis, ki\u0161enin\u0117s spyruokl\u0117s, kokoso pluo\u0161tas, \u201eXfoam\u201c, H4\/H5, \u201eComforteo\u201c"},"content":{"rendered":"<p>Ie\u0161kote \u010diu\u017einio, kuris u\u017etikrint\u0173 i\u0161skirtin\u012f miego komfort\u0105 ir kartu gerint\u0173 j\u016bs\u0173 sveikat\u0105? \u201eMoon\u201c 80\u00d7200 cm \u010diu\u017einys, kurio kietumo \u012fvertinimas yra H4\/H5, yra modernus sprendimas tiems, kurie vertina patvarum\u0105, lankstum\u0105 ir galimyb\u0119 pritaikyti pagrind\u0105 pagal savo pageidavimus. \u0160is dvipusis \u010diu\u017einys, pagamintas i\u0161 \u201eXFoam\u201c, ki\u0161enini\u0173 spyruokli\u0173 ir kokoso pluo\u0161to kilim\u0117lio derinio, si\u016blo du kietumo lygius \u2013 vidutinio kietumo (H4) ir labai kieto (H5). Tiesiog apverskite j\u012f, kad sureguliuotum\u0117te atramos lyg\u012f pagal savo kintan\u010dius poreikius \u2013 pavyzd\u017eiui, po \u012ftemptos dienos, sveikstant ar priaugant svorio. D\u0117l to \u201eMoon\u201c 80\u00d7200 \u010diu\u017einys yra puikus pasirinkimas vartotojams, kurie vertina kietesn\u012f pagrind\u0105, taip pat tiems, kurie kovoja su nugaros skausmais ar stuburo problemomis.<\/p>","protected":false},"excerpt":{"rendered":"<p>Plotis: 80 cm<br \/>\nIlgis: 200 cm<br \/>\nAuk\u0161tis: 21 cm<br \/>\nMiegamoji erdv\u0117: 80 \u00d7 200 cm<br \/>\n\u010ciu\u017einio tipas: Ki\u0161enin\u0117 spyruokl\u0117 su kokoso kilim\u0117liu<\/p>","protected":false},"featured_media":219047,"comment_status":"open","ping_status":"open","template":"","meta":[],"product_brand":[],"product_cat":[7906,1099],"product_tag":[],"class_list":{"0":"post-219046","1":"product","2":"type-product","3":"status-publish","4":"has-post-thumbnail","6":"product_cat-comforteo","7":"product_cat-mattresses","9":"first","10":"instock","11":"purchasable","12":"product-type-simple"},"_links":{"self":[{"href":"https:\/\/baldumarket.lt\/lt\/wp-json\/wp\/v2\/product\/219046","targetHints":{"allow":["GET"]}}],"collection":[{"href":"https:\/\/baldumarket.lt\/lt\/wp-json\/wp\/v2\/product"}],"about":[{"href":"https:\/\/baldumarket.lt\/lt\/wp-json\/wp\/v2\/types\/product"}],"replies":[{"embeddable":true,"href":"https:\/\/baldumarket.lt\/lt\/wp-json\/wp\/v2\/comments?post=219046"}],"wp:featuredmedia":[{"embeddable":true,"href":"https:\/\/baldumarket.lt\/lt\/wp-json\/wp\/v2\/media\/219047"}],"wp:attachment":[{"href":"https:\/\/baldumarket.lt\/lt\/wp-json\/wp\/v2\/media?parent=219046"}],"wp:term":[{"taxonomy":"product_brand","embeddable":true,"href":"https:\/\/baldumarket.lt\/lt\/wp-json\/wp\/v2\/product_brand?post=219046"},{"taxonomy":"product_cat","embeddable":true,"href":"https:\/\/baldumarket.lt\/lt\/wp-json\/wp\/v2\/product_cat?post=219046"},{"taxonomy":"product_tag","embeddable":true,"href":"https:\/\/baldumarket.lt\/lt\/wp-json\/wp\/v2\/product_tag?post=219046"}],"curies":[{"name":"wp","href":"https:\/\/api.w.org\/{rel}","templated":true}]}}