{"id":219038,"date":"2026-02-11T17:01:39","date_gmt":"2026-02-11T14:01:39","guid":{"rendered":"https:\/\/baldumarket.lt\/product\/materac-moon-90x200-cm-dwustronny-kieszeniowy-sprezyny-kokos-pianka-xfoam-h4-h5-comforteo\/"},"modified":"2026-02-11T17:01:40","modified_gmt":"2026-02-11T14:01:40","slug":"materac-moon-90x200-cm-dwustronny-kieszeniowy-sprezyny-kokos-pianka-xfoam-h4-h5-comforteo","status":"publish","type":"product","link":"https:\/\/baldumarket.lt\/lt\/product\/materac-moon-90x200-cm-dwustronny-kieszeniowy-sprezyny-kokos-pianka-xfoam-h4-h5-comforteo\/","title":{"rendered":"\u010ciu\u017einys \u201eMoon\u201c, 90&#215;200 cm, dvipusis, ki\u0161enin\u0117s spyruokl\u0117s, kokoso pluo\u0161tas, \u201eXfoam\u201c, H4\/H5, \u201eComforteo\u201c"},"content":{"rendered":"<p>Ie\u0161kote patogaus \u010diu\u017einio, kuris u\u017etikrint\u0173 sveik\u0105, atkuriant\u012f mieg\u0105 ir prisitaikyt\u0173 prie j\u016bs\u0173 individuali\u0173 poreiki\u0173? \u201eMoon\u201c 90 \u00d7 200 cm \u010diu\u017einys, kurio kietumo klas\u0117 yra H4\/H5, yra modernus ir ergonomi\u0161kas sprendimas, kuriame derinamos pa\u017eangios technologijos ir nat\u016bralios med\u017eiagos. Tur\u0117dami du naudojamus pavir\u0161ius \u2013 vidutinio kietumo (H4) ir labai kieto (H5) \u2013 galite lengvai reguliuoti kietumo lyg\u012f pagal savo pageidavimus ir esamus poreikius. Tiesiog apverskite \u010diu\u017ein\u012f, kad pakeistum\u0117te komforto lyg\u012f. D\u0117l \u0161io lankstumo jis idealiai tinka kasdieniam naudojimui, taip pat atsigavimo laikotarpiams, po intensyvi\u0173 pratim\u0173 ar svorio poky\u010di\u0173 metu.<\/p>","protected":false},"excerpt":{"rendered":"<p>Plotis: 90 cm<br \/>\nIlgis: 200 cm<br \/>\nAuk\u0161tis: 21 cm<br \/>\nMiegamoji erdv\u0117: 90 \u00d7 200 cm<br \/>\n\u010ciu\u017einio tipas: Ki\u0161enin\u0117 spyruokl\u0117 su kokoso kilim\u0117liu<\/p>","protected":false},"featured_media":219039,"comment_status":"open","ping_status":"open","template":"","meta":[],"product_brand":[],"product_cat":[7906,1099,1975],"product_tag":[],"class_list":{"0":"post-219038","1":"product","2":"type-product","3":"status-publish","4":"has-post-thumbnail","6":"product_cat-comforteo","7":"product_cat-mattresses","8":"product_cat-mattresses-90x200","10":"first","11":"instock","12":"purchasable","13":"product-type-simple"},"_links":{"self":[{"href":"https:\/\/baldumarket.lt\/lt\/wp-json\/wp\/v2\/product\/219038","targetHints":{"allow":["GET"]}}],"collection":[{"href":"https:\/\/baldumarket.lt\/lt\/wp-json\/wp\/v2\/product"}],"about":[{"href":"https:\/\/baldumarket.lt\/lt\/wp-json\/wp\/v2\/types\/product"}],"replies":[{"embeddable":true,"href":"https:\/\/baldumarket.lt\/lt\/wp-json\/wp\/v2\/comments?post=219038"}],"wp:featuredmedia":[{"embeddable":true,"href":"https:\/\/baldumarket.lt\/lt\/wp-json\/wp\/v2\/media\/219039"}],"wp:attachment":[{"href":"https:\/\/baldumarket.lt\/lt\/wp-json\/wp\/v2\/media?parent=219038"}],"wp:term":[{"taxonomy":"product_brand","embeddable":true,"href":"https:\/\/baldumarket.lt\/lt\/wp-json\/wp\/v2\/product_brand?post=219038"},{"taxonomy":"product_cat","embeddable":true,"href":"https:\/\/baldumarket.lt\/lt\/wp-json\/wp\/v2\/product_cat?post=219038"},{"taxonomy":"product_tag","embeddable":true,"href":"https:\/\/baldumarket.lt\/lt\/wp-json\/wp\/v2\/product_tag?post=219038"}],"curies":[{"name":"wp","href":"https:\/\/api.w.org\/{rel}","templated":true}]}}