{"id":219030,"date":"2026-02-11T17:01:37","date_gmt":"2026-02-11T14:01:37","guid":{"rendered":"https:\/\/baldumarket.lt\/product\/materac-nice-100x200-cm-dwustronny-kieszeniowy-wysokie-sprezyny-pianka-xfoam-i-super-soft-h3-comforteo\/"},"modified":"2026-02-11T17:01:38","modified_gmt":"2026-02-11T14:01:38","slug":"materac-nice-100x200-cm-dwustronny-kieszeniowy-wysokie-sprezyny-pianka-xfoam-i-super-soft-h3-comforteo","status":"publish","type":"product","link":"https:\/\/baldumarket.lt\/lt\/product\/materac-nice-100x200-cm-dwustronny-kieszeniowy-wysokie-sprezyny-pianka-xfoam-i-super-soft-h3-comforteo\/","title":{"rendered":"\u010ciu\u017einys \u201eNice\u201c, 100 x 200 cm, dvipusis, ki\u0161enin\u0117s spyruokl\u0117s, \u201eXfoam\u201c ir \u201eSuper Soft\u201c putos, H3, \u201eComforteo\u201c"},"content":{"rendered":"<p>\u201eNice 100\u00d7200 cm H3\u201c \u010diu\u017einys \u2013 puikus pasirinkimas tiems, kurie neaukoja miego kokyb\u0117s. Tai patogus ki\u0161enini\u0173 spyruokli\u0173 \u010diu\u017einys, sukurtas atsi\u017evelgiant \u012f stuburo atram\u0105, naudojimo paprastum\u0105 ir auk\u0161t\u0105 higien\u0105. Platus \u010diu\u017einys suteikia papildomos miegojimo vietos, tod\u0117l idealiai tinka vienam asmeniui arba poroms, vertinan\u010dioms daugiau erdv\u0117s.<\/p>","protected":false},"excerpt":{"rendered":"<p>Plotis: 100 cm<br \/>\nIlgis: 200 cm<br \/>\nAuk\u0161tis: 26 cm<br \/>\nMiegamasis plotas: 100 \u00d7 200 cm<br \/>\n\u010ciu\u017einio tipas: Ki\u0161enin\u0117s spyruokl\u0117s \u2013 auk\u0161tos spyruokl\u0117s<\/p>","protected":false},"featured_media":219031,"comment_status":"open","ping_status":"open","template":"","meta":[],"product_brand":[],"product_cat":[7906,1099],"product_tag":[],"class_list":{"0":"post-219030","1":"product","2":"type-product","3":"status-publish","4":"has-post-thumbnail","6":"product_cat-comforteo","7":"product_cat-mattresses","9":"first","10":"instock","11":"purchasable","12":"product-type-simple"},"_links":{"self":[{"href":"https:\/\/baldumarket.lt\/lt\/wp-json\/wp\/v2\/product\/219030","targetHints":{"allow":["GET"]}}],"collection":[{"href":"https:\/\/baldumarket.lt\/lt\/wp-json\/wp\/v2\/product"}],"about":[{"href":"https:\/\/baldumarket.lt\/lt\/wp-json\/wp\/v2\/types\/product"}],"replies":[{"embeddable":true,"href":"https:\/\/baldumarket.lt\/lt\/wp-json\/wp\/v2\/comments?post=219030"}],"wp:featuredmedia":[{"embeddable":true,"href":"https:\/\/baldumarket.lt\/lt\/wp-json\/wp\/v2\/media\/219031"}],"wp:attachment":[{"href":"https:\/\/baldumarket.lt\/lt\/wp-json\/wp\/v2\/media?parent=219030"}],"wp:term":[{"taxonomy":"product_brand","embeddable":true,"href":"https:\/\/baldumarket.lt\/lt\/wp-json\/wp\/v2\/product_brand?post=219030"},{"taxonomy":"product_cat","embeddable":true,"href":"https:\/\/baldumarket.lt\/lt\/wp-json\/wp\/v2\/product_cat?post=219030"},{"taxonomy":"product_tag","embeddable":true,"href":"https:\/\/baldumarket.lt\/lt\/wp-json\/wp\/v2\/product_tag?post=219030"}],"curies":[{"name":"wp","href":"https:\/\/api.w.org\/{rel}","templated":true}]}}