{"id":219022,"date":"2026-02-11T17:01:36","date_gmt":"2026-02-11T14:01:36","guid":{"rendered":"https:\/\/baldumarket.lt\/product\/materac-nice-120x200-cm-dwustronny-kieszeniowy-wysokie-sprezyny-pianka-xfoam-i-super-soft-h3-comforteo\/"},"modified":"2026-02-11T17:01:37","modified_gmt":"2026-02-11T14:01:37","slug":"materac-nice-120x200-cm-dwustronny-kieszeniowy-wysokie-sprezyny-pianka-xfoam-i-super-soft-h3-comforteo","status":"publish","type":"product","link":"https:\/\/baldumarket.lt\/lt\/product\/materac-nice-120x200-cm-dwustronny-kieszeniowy-wysokie-sprezyny-pianka-xfoam-i-super-soft-h3-comforteo\/","title":{"rendered":"\u010ciu\u017einys \u201eNice\u201c, 120 x 200 cm, dvipusis, ki\u0161enin\u0117s spyruokl\u0117s, \u201eXfoam\u201c ir \u201eSuper Soft\u201c putos, H3, \u201eComforteo\u201c"},"content":{"rendered":"<p>\u201eNice 120\u00d7200 cm H3\u201c \u010diu\u017einys \u2013 tai modernus, patogus ki\u0161enini\u0173 spyruokli\u0173 \u010diu\u017einys, skirtas sveikam ir ramiam miegui. D\u0117l savo dizaino jis suteikia ne tik komfort\u0105, bet ir tikr\u0105 ortopedin\u0119 atram\u0105 bei antialergin\u0119 apsaug\u0105 \u2013 visa tai patogiame, prailgintame dydyje, puikiai tinkan\u010diam vienam ar dviem \u017emon\u0117ms, vertinantiems daugiau erdv\u0117s.<\/p>","protected":false},"excerpt":{"rendered":"<p>Plotis: 120 cm<br \/>\nIlgis: 200 cm<br \/>\nAuk\u0161tis: 26 cm<br \/>\nMiegamasis plotas: 120 \u00d7 200 cm<br \/>\n\u010ciu\u017einio tipas: Ki\u0161enin\u0117s spyruokl\u0117s \u2013 auk\u0161tos spyruokl\u0117s<\/p>","protected":false},"featured_media":219023,"comment_status":"open","ping_status":"open","template":"","meta":[],"product_brand":[],"product_cat":[7906,1099,1976],"product_tag":[],"class_list":{"0":"post-219022","1":"product","2":"type-product","3":"status-publish","4":"has-post-thumbnail","6":"product_cat-comforteo","7":"product_cat-mattresses","8":"product_cat-mattresses-120x200","10":"first","11":"instock","12":"purchasable","13":"product-type-simple"},"_links":{"self":[{"href":"https:\/\/baldumarket.lt\/lt\/wp-json\/wp\/v2\/product\/219022","targetHints":{"allow":["GET"]}}],"collection":[{"href":"https:\/\/baldumarket.lt\/lt\/wp-json\/wp\/v2\/product"}],"about":[{"href":"https:\/\/baldumarket.lt\/lt\/wp-json\/wp\/v2\/types\/product"}],"replies":[{"embeddable":true,"href":"https:\/\/baldumarket.lt\/lt\/wp-json\/wp\/v2\/comments?post=219022"}],"wp:featuredmedia":[{"embeddable":true,"href":"https:\/\/baldumarket.lt\/lt\/wp-json\/wp\/v2\/media\/219023"}],"wp:attachment":[{"href":"https:\/\/baldumarket.lt\/lt\/wp-json\/wp\/v2\/media?parent=219022"}],"wp:term":[{"taxonomy":"product_brand","embeddable":true,"href":"https:\/\/baldumarket.lt\/lt\/wp-json\/wp\/v2\/product_brand?post=219022"},{"taxonomy":"product_cat","embeddable":true,"href":"https:\/\/baldumarket.lt\/lt\/wp-json\/wp\/v2\/product_cat?post=219022"},{"taxonomy":"product_tag","embeddable":true,"href":"https:\/\/baldumarket.lt\/lt\/wp-json\/wp\/v2\/product_tag?post=219022"}],"curies":[{"name":"wp","href":"https:\/\/api.w.org\/{rel}","templated":true}]}}