{"id":219014,"date":"2026-02-11T17:01:34","date_gmt":"2026-02-11T14:01:34","guid":{"rendered":"https:\/\/baldumarket.lt\/product\/materac-nice-140x200-cm-dwustronny-kieszeniowy-wysokie-sprezyny-pianka-xfoam-i-super-soft-h3-comforteo\/"},"modified":"2026-02-11T17:01:36","modified_gmt":"2026-02-11T14:01:36","slug":"materac-nice-140x200-cm-dwustronny-kieszeniowy-wysokie-sprezyny-pianka-xfoam-i-super-soft-h3-comforteo","status":"publish","type":"product","link":"https:\/\/baldumarket.lt\/lt\/product\/materac-nice-140x200-cm-dwustronny-kieszeniowy-wysokie-sprezyny-pianka-xfoam-i-super-soft-h3-comforteo\/","title":{"rendered":"\u010ciu\u017einys \u201eNice\u201c, 140 x 200 cm, dvipusis, ki\u0161enin\u0117s spyruokl\u0117s, auk\u0161tos spyruokl\u0117s, \u201eXfoam\u201c ir \u201eSuper Soft\u201c putos, H3, \u201eComforteo\u201c"},"content":{"rendered":"<p>\u201eNice\u201c 140 \u00d7 200 cm H3 \u010diu\u017einys \u2013 puikus pasirinkimas poroms arba tiems, kurie ie\u0161ko didesn\u0117s miegojimo erdv\u0117s. D\u0117l modernios ki\u0161enini\u0173 spyruokli\u0173 technologijos ir auk\u0161tos kokyb\u0117s put\u0173 \u0161is 140 \u00d7 200 cm ki\u0161enini\u0173 spyruokli\u0173 \u010diu\u017einys garantuoja puik\u0173 prigludim\u0105, tiksling\u0105 atram\u0105 ir visi\u0161k\u0105 komfort\u0105 kiekvien\u0105 nakt\u012f.<\/p>","protected":false},"excerpt":{"rendered":"<p>Plotis: 140 cm<br \/>\nIlgis: 200 cm<br \/>\nAuk\u0161tis: 26 cm<br \/>\nMiegamasis plotas: 140 \u00d7 200 cm<br \/>\n\u010ciu\u017einio tipas: Ki\u0161enin\u0117s spyruokl\u0117s \u2013 auk\u0161tos spyruokl\u0117s<\/p>","protected":false},"featured_media":219015,"comment_status":"open","ping_status":"open","template":"","meta":[],"product_brand":[],"product_cat":[7906,1099,1977],"product_tag":[],"class_list":{"0":"post-219014","1":"product","2":"type-product","3":"status-publish","4":"has-post-thumbnail","6":"product_cat-comforteo","7":"product_cat-mattresses","8":"product_cat-mattresses-140x200","10":"first","11":"instock","12":"purchasable","13":"product-type-simple"},"_links":{"self":[{"href":"https:\/\/baldumarket.lt\/lt\/wp-json\/wp\/v2\/product\/219014","targetHints":{"allow":["GET"]}}],"collection":[{"href":"https:\/\/baldumarket.lt\/lt\/wp-json\/wp\/v2\/product"}],"about":[{"href":"https:\/\/baldumarket.lt\/lt\/wp-json\/wp\/v2\/types\/product"}],"replies":[{"embeddable":true,"href":"https:\/\/baldumarket.lt\/lt\/wp-json\/wp\/v2\/comments?post=219014"}],"wp:featuredmedia":[{"embeddable":true,"href":"https:\/\/baldumarket.lt\/lt\/wp-json\/wp\/v2\/media\/219015"}],"wp:attachment":[{"href":"https:\/\/baldumarket.lt\/lt\/wp-json\/wp\/v2\/media?parent=219014"}],"wp:term":[{"taxonomy":"product_brand","embeddable":true,"href":"https:\/\/baldumarket.lt\/lt\/wp-json\/wp\/v2\/product_brand?post=219014"},{"taxonomy":"product_cat","embeddable":true,"href":"https:\/\/baldumarket.lt\/lt\/wp-json\/wp\/v2\/product_cat?post=219014"},{"taxonomy":"product_tag","embeddable":true,"href":"https:\/\/baldumarket.lt\/lt\/wp-json\/wp\/v2\/product_tag?post=219014"}],"curies":[{"name":"wp","href":"https:\/\/api.w.org\/{rel}","templated":true}]}}