{"id":218974,"date":"2026-02-11T17:01:27","date_gmt":"2026-02-11T14:01:27","guid":{"rendered":"https:\/\/baldumarket.lt\/product\/materac-nice-90x200-cm-dwustronny-kieszeniowy-wysokie-sprezyny-pianka-xfoam-i-super-soft-h3-comforteo\/"},"modified":"2026-02-11T17:01:29","modified_gmt":"2026-02-11T14:01:29","slug":"materac-nice-90x200-cm-dwustronny-kieszeniowy-wysokie-sprezyny-pianka-xfoam-i-super-soft-h3-comforteo","status":"publish","type":"product","link":"https:\/\/baldumarket.lt\/lt\/product\/materac-nice-90x200-cm-dwustronny-kieszeniowy-wysokie-sprezyny-pianka-xfoam-i-super-soft-h3-comforteo\/","title":{"rendered":"\u010ciu\u017einys \u201eNice\u201c, 90 x 200 cm, dvipusis, ki\u0161enin\u0117s spyruokl\u0117s, \u201eXfoam\u201c ir \u201eSuper Soft\u201c putos, H3, \u201eComforteo\u201c"},"content":{"rendered":"<p>\u201eNice 90\u00d7200 cm H3\u201c \u010diu\u017einys \u2013 puikus sprendimas tiems, kurie siekia patogaus ir sveiko miego. \u0160is patogus ki\u0161enini\u0173 spyruokli\u0173 \u010diu\u017einys u\u017etikrina optimali\u0105 stuburo atram\u0105 ir auk\u0161t\u0105 higienos lyg\u012f \u2013 puikiai tinka tiek suaugusiesiems, tiek paaugliams.<\/p>","protected":false},"excerpt":{"rendered":"<p>Plotis: 90 cm<br \/>\nIlgis: 200 cm<br \/>\nAuk\u0161tis: 26 cm<br \/>\nMiegamoji erdv\u0117: 90 \u00d7 200 cm<br \/>\n\u010ciu\u017einio tipas: Ki\u0161enin\u0117s spyruokl\u0117s \u2013 auk\u0161tos spyruokl\u0117s<\/p>","protected":false},"featured_media":218975,"comment_status":"open","ping_status":"open","template":"","meta":[],"product_brand":[],"product_cat":[7906,1099,1975],"product_tag":[],"class_list":{"0":"post-218974","1":"product","2":"type-product","3":"status-publish","4":"has-post-thumbnail","6":"product_cat-comforteo","7":"product_cat-mattresses","8":"product_cat-mattresses-90x200","10":"first","11":"instock","12":"purchasable","13":"product-type-simple"},"_links":{"self":[{"href":"https:\/\/baldumarket.lt\/lt\/wp-json\/wp\/v2\/product\/218974","targetHints":{"allow":["GET"]}}],"collection":[{"href":"https:\/\/baldumarket.lt\/lt\/wp-json\/wp\/v2\/product"}],"about":[{"href":"https:\/\/baldumarket.lt\/lt\/wp-json\/wp\/v2\/types\/product"}],"replies":[{"embeddable":true,"href":"https:\/\/baldumarket.lt\/lt\/wp-json\/wp\/v2\/comments?post=218974"}],"wp:featuredmedia":[{"embeddable":true,"href":"https:\/\/baldumarket.lt\/lt\/wp-json\/wp\/v2\/media\/218975"}],"wp:attachment":[{"href":"https:\/\/baldumarket.lt\/lt\/wp-json\/wp\/v2\/media?parent=218974"}],"wp:term":[{"taxonomy":"product_brand","embeddable":true,"href":"https:\/\/baldumarket.lt\/lt\/wp-json\/wp\/v2\/product_brand?post=218974"},{"taxonomy":"product_cat","embeddable":true,"href":"https:\/\/baldumarket.lt\/lt\/wp-json\/wp\/v2\/product_cat?post=218974"},{"taxonomy":"product_tag","embeddable":true,"href":"https:\/\/baldumarket.lt\/lt\/wp-json\/wp\/v2\/product_tag?post=218974"}],"curies":[{"name":"wp","href":"https:\/\/api.w.org\/{rel}","templated":true}]}}