{"id":218966,"date":"2026-02-11T17:01:26","date_gmt":"2026-02-11T14:01:26","guid":{"rendered":"https:\/\/baldumarket.lt\/product\/materac-night-100x200-cm-dwustronny-kieszeniowy-sprezyny-pianka-hr-h3-comforteo\/"},"modified":"2026-02-11T17:01:27","modified_gmt":"2026-02-11T14:01:27","slug":"materac-night-100x200-cm-dwustronny-kieszeniowy-sprezyny-pianka-hr-h3-comforteo","status":"publish","type":"product","link":"https:\/\/baldumarket.lt\/lt\/product\/materac-night-100x200-cm-dwustronny-kieszeniowy-sprezyny-pianka-hr-h3-comforteo\/","title":{"rendered":"Naktinis \u010diu\u017einys, 100\u00d7200 cm, dvipusis, ki\u0161enin\u0117s spyruokl\u0117s, HR putos, H3, Comforteo"},"content":{"rendered":"<p>\u201eNight 100\u00d7200 cm H3\u201c \u010diu\u017einys \u2013 tai modernus sprendimas, skirtas tiems, kurie vertina sveik\u0105, gil\u0173 mieg\u0105 ir kuriems reikalinga tvirta stuburo atrama. D\u0117l nepriklausomai veikian\u010di\u0173 ki\u0161enini\u0173 spyruokli\u0173 ir itin elasting\u0173 HR put\u0173 \u0161is modelis u\u017etikrina ne tik i\u0161skirtin\u012f komfort\u0105, bet ir ilgaam\u017ei\u0161kum\u0105 bei prisitaikym\u0105 prie individuali\u0173 naudotojo poreiki\u0173. Tai dvipusis \u010diu\u017einys, o tai rei\u0161kia, kad j\u012f galima reguliariai vartyti, taip pailginant jo tarnavimo laik\u0105 ir i\u0161laikant optimali\u0105 atram\u0105. \u010ciu\u017einys sukurtas taip, kad suma\u017eint\u0173 vibracijos perdavim\u0105, o tai ypa\u010d \u012fvertins tie, kurie dalijasi lova su partneriu. \u201eNight\u201c modelis \u2013 puikus pasirinkimas tiems, kurie ie\u0161ko ergonomi\u0161ko, higieni\u0161ko ir ortopedinio 100\u00d7200 cm \u010diu\u017einio, kuris palaiko nat\u016brali\u0105 k\u016bno pad\u0117t\u012f, skatina raumen\u0173 regeneracij\u0105 ir leid\u017eia kiekvien\u0105 dien\u0105 pabusti \u017evaliam.<\/p>","protected":false},"excerpt":{"rendered":"<p>Plotis: 100 cm<br \/>\nIlgis: 200 cm<br \/>\nAuk\u0161tis: 20 cm<br \/>\nMiegamasis plotas: 100 \u00d7 200 cm<br \/>\n\u010ciu\u017einio tipas: Ki\u0161enin\u0117s spyruokl\u0117s \u2013 auk\u0161tos spyruokl\u0117s<\/p>","protected":false},"featured_media":218967,"comment_status":"open","ping_status":"open","template":"","meta":[],"product_brand":[],"product_cat":[7906,1099],"product_tag":[],"class_list":{"0":"post-218966","1":"product","2":"type-product","3":"status-publish","4":"has-post-thumbnail","6":"product_cat-comforteo","7":"product_cat-mattresses","9":"first","10":"instock","11":"purchasable","12":"product-type-simple"},"_links":{"self":[{"href":"https:\/\/baldumarket.lt\/lt\/wp-json\/wp\/v2\/product\/218966","targetHints":{"allow":["GET"]}}],"collection":[{"href":"https:\/\/baldumarket.lt\/lt\/wp-json\/wp\/v2\/product"}],"about":[{"href":"https:\/\/baldumarket.lt\/lt\/wp-json\/wp\/v2\/types\/product"}],"replies":[{"embeddable":true,"href":"https:\/\/baldumarket.lt\/lt\/wp-json\/wp\/v2\/comments?post=218966"}],"wp:featuredmedia":[{"embeddable":true,"href":"https:\/\/baldumarket.lt\/lt\/wp-json\/wp\/v2\/media\/218967"}],"wp:attachment":[{"href":"https:\/\/baldumarket.lt\/lt\/wp-json\/wp\/v2\/media?parent=218966"}],"wp:term":[{"taxonomy":"product_brand","embeddable":true,"href":"https:\/\/baldumarket.lt\/lt\/wp-json\/wp\/v2\/product_brand?post=218966"},{"taxonomy":"product_cat","embeddable":true,"href":"https:\/\/baldumarket.lt\/lt\/wp-json\/wp\/v2\/product_cat?post=218966"},{"taxonomy":"product_tag","embeddable":true,"href":"https:\/\/baldumarket.lt\/lt\/wp-json\/wp\/v2\/product_tag?post=218966"}],"curies":[{"name":"wp","href":"https:\/\/api.w.org\/{rel}","templated":true}]}}