{"id":218958,"date":"2026-02-11T17:01:22","date_gmt":"2026-02-11T14:01:22","guid":{"rendered":"https:\/\/baldumarket.lt\/product\/materac-night-120x200-cm-dwustronny-kieszeniowy-sprezyny-pianka-hr-h3-comforteo\/"},"modified":"2026-02-11T17:01:25","modified_gmt":"2026-02-11T14:01:25","slug":"materac-night-120x200-cm-dwustronny-kieszeniowy-sprezyny-pianka-hr-h3-comforteo","status":"publish","type":"product","link":"https:\/\/baldumarket.lt\/lt\/product\/materac-night-120x200-cm-dwustronny-kieszeniowy-sprezyny-pianka-hr-h3-comforteo\/","title":{"rendered":"Naktinis \u010diu\u017einys, 120\u00d7200 cm, dvipusis, ki\u0161enin\u0117s spyruokl\u0117s, HR putos, H3, Comforteo"},"content":{"rendered":"<p>Ie\u0161kote patogaus \u010diu\u017einio, kuriame b\u016bt\u0173 suderintos modernios technologijos su stuburo atrama? \u201eNight\u201c 120\u00d7200 cm H3 \u010diu\u017einys \u2013 puikus sprendimas tiems, kurie vertina komfort\u0105, sveik\u0105 mieg\u0105 ir funkcionalum\u0105. Jo 120 cm plotis suteikia daugiau erdv\u0117s nei standartinis viengulis \u010diu\u017einys, tod\u0117l \u0161is modelis puikiai tinka vieni\u0161iems \u017emon\u0117ms, kurie nori daugiau erdv\u0117s, paaugliams ar miegantiems su vaiku. Ki\u0161enini\u0173 spyruokli\u0173 ir didelio elastingumo putplas\u010dio konstrukcija u\u017etikrina tiksl\u0173 prigludim\u0105, ger\u0105 v\u0117dinim\u0105 ir didel\u012f patvarum\u0105. Tur\u0117damas 7 kietumo zonas ir ortopedines savybes, \u201eNight\u201c \u010diu\u017einys suteikia stabili\u0105 atram\u0105 visam k\u016bnui, nepriklausomai nuo miegojimo pad\u0117ties. Be to, nuimamas u\u017evalkalas su 360\u00b0 u\u017etrauktuku leid\u017eia lengvai valyti ir palaikyti higien\u0105.<\/p>","protected":false},"excerpt":{"rendered":"<p>Plotis: 120 cm<br \/>\nIlgis: 200 cm<br \/>\nAuk\u0161tis: 20 cm<br \/>\nMiegamasis plotas: 120 \u00d7 200 cm<br \/>\n\u010ciu\u017einio tipas: Ki\u0161enin\u0117s spyruokl\u0117s \u2013 auk\u0161tos spyruokl\u0117s<\/p>","protected":false},"featured_media":218959,"comment_status":"open","ping_status":"open","template":"","meta":[],"product_brand":[],"product_cat":[7906,1099,1976],"product_tag":[],"class_list":{"0":"post-218958","1":"product","2":"type-product","3":"status-publish","4":"has-post-thumbnail","6":"product_cat-comforteo","7":"product_cat-mattresses","8":"product_cat-mattresses-120x200","10":"first","11":"instock","12":"purchasable","13":"product-type-simple"},"_links":{"self":[{"href":"https:\/\/baldumarket.lt\/lt\/wp-json\/wp\/v2\/product\/218958","targetHints":{"allow":["GET"]}}],"collection":[{"href":"https:\/\/baldumarket.lt\/lt\/wp-json\/wp\/v2\/product"}],"about":[{"href":"https:\/\/baldumarket.lt\/lt\/wp-json\/wp\/v2\/types\/product"}],"replies":[{"embeddable":true,"href":"https:\/\/baldumarket.lt\/lt\/wp-json\/wp\/v2\/comments?post=218958"}],"wp:featuredmedia":[{"embeddable":true,"href":"https:\/\/baldumarket.lt\/lt\/wp-json\/wp\/v2\/media\/218959"}],"wp:attachment":[{"href":"https:\/\/baldumarket.lt\/lt\/wp-json\/wp\/v2\/media?parent=218958"}],"wp:term":[{"taxonomy":"product_brand","embeddable":true,"href":"https:\/\/baldumarket.lt\/lt\/wp-json\/wp\/v2\/product_brand?post=218958"},{"taxonomy":"product_cat","embeddable":true,"href":"https:\/\/baldumarket.lt\/lt\/wp-json\/wp\/v2\/product_cat?post=218958"},{"taxonomy":"product_tag","embeddable":true,"href":"https:\/\/baldumarket.lt\/lt\/wp-json\/wp\/v2\/product_tag?post=218958"}],"curies":[{"name":"wp","href":"https:\/\/api.w.org\/{rel}","templated":true}]}}