{"id":218950,"date":"2026-02-11T17:01:20","date_gmt":"2026-02-11T14:01:20","guid":{"rendered":"https:\/\/baldumarket.lt\/product\/materac-night-140x200-cm-dwustronny-kieszeniowy-sprezyny-pianka-hr-h3-comforteo\/"},"modified":"2026-02-11T17:01:22","modified_gmt":"2026-02-11T14:01:22","slug":"materac-night-140x200-cm-dwustronny-kieszeniowy-sprezyny-pianka-hr-h3-comforteo","status":"publish","type":"product","link":"https:\/\/baldumarket.lt\/lt\/product\/materac-night-140x200-cm-dwustronny-kieszeniowy-sprezyny-pianka-hr-h3-comforteo\/","title":{"rendered":"Naktinis \u010diu\u017einys, 140\u00d7200 cm, dvipusis, ki\u0161enin\u0117s spyruokl\u0117s, HR putos, H3, Comforteo"},"content":{"rendered":"<p>\u201eNight 140\u00d7200 cm H3\u201c \u010diu\u017einys \u2013 puikus sprendimas ie\u0161kantiems sveiko, atkuriamojo miego ir stabilios stuburo atramos. D\u0117l nepriklausomai veikian\u010di\u0173 ki\u0161enini\u0173 spyruokli\u0173 ir labai elasting\u0173 HR put\u0173 \u0161is modelis derina komfort\u0105, ilgaam\u017ei\u0161kum\u0105 ir ergonomik\u0105. Tai dvipusis \u010diu\u017einys, leid\u017eiantis reguliariai vartyti \u010diu\u017ein\u012f ir prailginti jo tarnavimo laik\u0105. D\u0117l konstrukcijos suma\u017e\u0117ja vibracijos perdavimas, o tai ypa\u010d svarbu poroms.<\/p>","protected":false},"excerpt":{"rendered":"<p>Plotis: 140 cm<br \/>\nIlgis: 200 cm<br \/>\nAuk\u0161tis: 20 cm<br \/>\nMiegamasis plotas: 140 \u00d7 200 cm<br \/>\n\u010ciu\u017einio tipas: Ki\u0161enin\u0117s spyruokl\u0117s \u2013 auk\u0161tos spyruokl\u0117s<\/p>","protected":false},"featured_media":218951,"comment_status":"open","ping_status":"open","template":"","meta":[],"product_brand":[],"product_cat":[7906,1099,1977],"product_tag":[],"class_list":{"0":"post-218950","1":"product","2":"type-product","3":"status-publish","4":"has-post-thumbnail","6":"product_cat-comforteo","7":"product_cat-mattresses","8":"product_cat-mattresses-140x200","10":"first","11":"instock","12":"purchasable","13":"product-type-simple"},"_links":{"self":[{"href":"https:\/\/baldumarket.lt\/lt\/wp-json\/wp\/v2\/product\/218950","targetHints":{"allow":["GET"]}}],"collection":[{"href":"https:\/\/baldumarket.lt\/lt\/wp-json\/wp\/v2\/product"}],"about":[{"href":"https:\/\/baldumarket.lt\/lt\/wp-json\/wp\/v2\/types\/product"}],"replies":[{"embeddable":true,"href":"https:\/\/baldumarket.lt\/lt\/wp-json\/wp\/v2\/comments?post=218950"}],"wp:featuredmedia":[{"embeddable":true,"href":"https:\/\/baldumarket.lt\/lt\/wp-json\/wp\/v2\/media\/218951"}],"wp:attachment":[{"href":"https:\/\/baldumarket.lt\/lt\/wp-json\/wp\/v2\/media?parent=218950"}],"wp:term":[{"taxonomy":"product_brand","embeddable":true,"href":"https:\/\/baldumarket.lt\/lt\/wp-json\/wp\/v2\/product_brand?post=218950"},{"taxonomy":"product_cat","embeddable":true,"href":"https:\/\/baldumarket.lt\/lt\/wp-json\/wp\/v2\/product_cat?post=218950"},{"taxonomy":"product_tag","embeddable":true,"href":"https:\/\/baldumarket.lt\/lt\/wp-json\/wp\/v2\/product_tag?post=218950"}],"curies":[{"name":"wp","href":"https:\/\/api.w.org\/{rel}","templated":true}]}}