{"id":218934,"date":"2026-02-11T17:00:40","date_gmt":"2026-02-11T14:00:40","guid":{"rendered":"https:\/\/baldumarket.lt\/product\/materac-night-180x200-cm-dwustronny-kieszeniowy-sprezyny-pianka-hr-h3-comforteo\/"},"modified":"2026-02-11T17:00:42","modified_gmt":"2026-02-11T14:00:42","slug":"materac-night-180x200-cm-dwustronny-kieszeniowy-sprezyny-pianka-hr-h3-comforteo","status":"publish","type":"product","link":"https:\/\/baldumarket.lt\/lt\/product\/materac-night-180x200-cm-dwustronny-kieszeniowy-sprezyny-pianka-hr-h3-comforteo\/","title":{"rendered":"Naktinis \u010diu\u017einys, 180\u00d7200 cm, dvipusis, ki\u0161enin\u0117s spyruokl\u0117s, HR putos, H3, Comforteo"},"content":{"rendered":"<p>Naktinis \u010diu\u017einys 180\u00d7200 cm H3 \u2013 patogumas, higiena ir ortopedin\u0117 atrama<\/p>","protected":false},"excerpt":{"rendered":"<p>Plotis: 180 cm<br \/>\nIlgis: 200 cm<br \/>\nAuk\u0161tis: 20 cm<br \/>\nMiegamoji erdv\u0117: 180 \u00d7 200 cm<br \/>\n\u010ciu\u017einio tipas: Ki\u0161enin\u0117s spyruokl\u0117s \u2013 auk\u0161tos spyruokl\u0117s<\/p>","protected":false},"featured_media":218935,"comment_status":"open","ping_status":"open","template":"","meta":[],"product_brand":[],"product_cat":[7906,1099,1979],"product_tag":[],"class_list":{"0":"post-218934","1":"product","2":"type-product","3":"status-publish","4":"has-post-thumbnail","6":"product_cat-comforteo","7":"product_cat-mattresses","8":"product_cat-mattresses-180x200","10":"first","11":"instock","12":"purchasable","13":"product-type-simple"},"_links":{"self":[{"href":"https:\/\/baldumarket.lt\/lt\/wp-json\/wp\/v2\/product\/218934","targetHints":{"allow":["GET"]}}],"collection":[{"href":"https:\/\/baldumarket.lt\/lt\/wp-json\/wp\/v2\/product"}],"about":[{"href":"https:\/\/baldumarket.lt\/lt\/wp-json\/wp\/v2\/types\/product"}],"replies":[{"embeddable":true,"href":"https:\/\/baldumarket.lt\/lt\/wp-json\/wp\/v2\/comments?post=218934"}],"wp:featuredmedia":[{"embeddable":true,"href":"https:\/\/baldumarket.lt\/lt\/wp-json\/wp\/v2\/media\/218935"}],"wp:attachment":[{"href":"https:\/\/baldumarket.lt\/lt\/wp-json\/wp\/v2\/media?parent=218934"}],"wp:term":[{"taxonomy":"product_brand","embeddable":true,"href":"https:\/\/baldumarket.lt\/lt\/wp-json\/wp\/v2\/product_brand?post=218934"},{"taxonomy":"product_cat","embeddable":true,"href":"https:\/\/baldumarket.lt\/lt\/wp-json\/wp\/v2\/product_cat?post=218934"},{"taxonomy":"product_tag","embeddable":true,"href":"https:\/\/baldumarket.lt\/lt\/wp-json\/wp\/v2\/product_tag?post=218934"}],"curies":[{"name":"wp","href":"https:\/\/api.w.org\/{rel}","templated":true}]}}