{"id":218918,"date":"2026-02-11T17:00:36","date_gmt":"2026-02-11T14:00:36","guid":{"rendered":"https:\/\/baldumarket.lt\/product\/materac-night-80x200-cm-dwustronny-kieszeniowy-sprezyny-pianka-hr-h3-comforteo\/"},"modified":"2026-02-11T17:00:38","modified_gmt":"2026-02-11T14:00:38","slug":"materac-night-80x200-cm-dwustronny-kieszeniowy-sprezyny-pianka-hr-h3-comforteo","status":"publish","type":"product","link":"https:\/\/baldumarket.lt\/lt\/product\/materac-night-80x200-cm-dwustronny-kieszeniowy-sprezyny-pianka-hr-h3-comforteo\/","title":{"rendered":"Naktinis \u010diu\u017einys, 80\u00d7200 cm, dvipusis, ki\u0161enin\u0117s spyruokl\u0117s, HR putos, H3, Comforteo"},"content":{"rendered":"<p>\u201eNight 80\u00d7200 cm H3\u201c \u010diu\u017einys yra patogus ki\u0161enini\u0173 spyruokli\u0173 \u010diu\u017einys tiems, kurie ie\u0161ko ir komforto, ir efektyvios stuburo atramos. D\u0117l nepriklausomai veikian\u010di\u0173 spyruokli\u0173 ir moderni\u0173 HR put\u0173 \u0161is modelis puikiai prisitaiko prie naudotojo k\u016bno formos, u\u017etikrindamas ram\u0173, sveik\u0105 ir atkuriant\u012f mieg\u0105.<\/p>","protected":false},"excerpt":{"rendered":"<p>Plotis: 80 cm<br \/>\nIlgis: 200 cm<br \/>\nAuk\u0161tis: 20 cm<br \/>\nMiegamoji erdv\u0117: 80 \u00d7 200 cm<br \/>\n\u010ciu\u017einio tipas: Ki\u0161enin\u0117s spyruokl\u0117s \u2013 auk\u0161tos spyruokl\u0117s<\/p>","protected":false},"featured_media":218919,"comment_status":"open","ping_status":"open","template":"","meta":[],"product_brand":[],"product_cat":[7906,1099],"product_tag":[],"class_list":{"0":"post-218918","1":"product","2":"type-product","3":"status-publish","4":"has-post-thumbnail","6":"product_cat-comforteo","7":"product_cat-mattresses","9":"first","10":"instock","11":"purchasable","12":"product-type-simple"},"_links":{"self":[{"href":"https:\/\/baldumarket.lt\/lt\/wp-json\/wp\/v2\/product\/218918","targetHints":{"allow":["GET"]}}],"collection":[{"href":"https:\/\/baldumarket.lt\/lt\/wp-json\/wp\/v2\/product"}],"about":[{"href":"https:\/\/baldumarket.lt\/lt\/wp-json\/wp\/v2\/types\/product"}],"replies":[{"embeddable":true,"href":"https:\/\/baldumarket.lt\/lt\/wp-json\/wp\/v2\/comments?post=218918"}],"wp:featuredmedia":[{"embeddable":true,"href":"https:\/\/baldumarket.lt\/lt\/wp-json\/wp\/v2\/media\/218919"}],"wp:attachment":[{"href":"https:\/\/baldumarket.lt\/lt\/wp-json\/wp\/v2\/media?parent=218918"}],"wp:term":[{"taxonomy":"product_brand","embeddable":true,"href":"https:\/\/baldumarket.lt\/lt\/wp-json\/wp\/v2\/product_brand?post=218918"},{"taxonomy":"product_cat","embeddable":true,"href":"https:\/\/baldumarket.lt\/lt\/wp-json\/wp\/v2\/product_cat?post=218918"},{"taxonomy":"product_tag","embeddable":true,"href":"https:\/\/baldumarket.lt\/lt\/wp-json\/wp\/v2\/product_tag?post=218918"}],"curies":[{"name":"wp","href":"https:\/\/api.w.org\/{rel}","templated":true}]}}