{"id":218910,"date":"2026-02-11T17:00:35","date_gmt":"2026-02-11T14:00:35","guid":{"rendered":"https:\/\/baldumarket.lt\/product\/materac-night-90x200-cm-dwustronny-kieszeniowy-sprezyny-pianka-hr-h3-comforteo\/"},"modified":"2026-02-11T17:00:36","modified_gmt":"2026-02-11T14:00:36","slug":"materac-night-90x200-cm-dwustronny-kieszeniowy-sprezyny-pianka-hr-h3-comforteo","status":"publish","type":"product","link":"https:\/\/baldumarket.lt\/lt\/product\/materac-night-90x200-cm-dwustronny-kieszeniowy-sprezyny-pianka-hr-h3-comforteo\/","title":{"rendered":"Naktinis \u010diu\u017einys, 90\u00d7200 cm, dvipusis, ki\u0161enin\u0117s spyruokl\u0117s, HR putos, H3, Comforteo"},"content":{"rendered":"<p>\u201eNight 90\u00d7200 cm H3\u201c \u010diu\u017einys \u2013 tai auk\u0161tos kokyb\u0117s dvipusis ki\u0161enini\u0173 spyruokli\u0173 \u010diu\u017einys, skirtas tiems, kurie ie\u0161ko sveikos, patogios ir stabilios atramos vis\u0105 nakt\u012f. D\u0117l moderni\u0173 med\u017eiag\u0173 ir technologij\u0173 naudojimo jis sujungia puikias ortopedines savybes, auk\u0161t\u0105 higien\u0105 ir \u0161ilumin\u012f komfort\u0105 visais met\u0173 laikais.<\/p>","protected":false},"excerpt":{"rendered":"<p>Plotis: 90 cm<br \/>\nIlgis: 200 cm<br \/>\nAuk\u0161tis: 20 cm<br \/>\nMiegamoji erdv\u0117: 90 \u00d7 200 cm<br \/>\n\u010ciu\u017einio tipas: Ki\u0161enin\u0117s spyruokl\u0117s \u2013 auk\u0161tos spyruokl\u0117s<\/p>","protected":false},"featured_media":218911,"comment_status":"open","ping_status":"open","template":"","meta":[],"product_brand":[],"product_cat":[7906,1099,1975],"product_tag":[],"class_list":{"0":"post-218910","1":"product","2":"type-product","3":"status-publish","4":"has-post-thumbnail","6":"product_cat-comforteo","7":"product_cat-mattresses","8":"product_cat-mattresses-90x200","10":"first","11":"instock","12":"purchasable","13":"product-type-simple"},"_links":{"self":[{"href":"https:\/\/baldumarket.lt\/lt\/wp-json\/wp\/v2\/product\/218910","targetHints":{"allow":["GET"]}}],"collection":[{"href":"https:\/\/baldumarket.lt\/lt\/wp-json\/wp\/v2\/product"}],"about":[{"href":"https:\/\/baldumarket.lt\/lt\/wp-json\/wp\/v2\/types\/product"}],"replies":[{"embeddable":true,"href":"https:\/\/baldumarket.lt\/lt\/wp-json\/wp\/v2\/comments?post=218910"}],"wp:featuredmedia":[{"embeddable":true,"href":"https:\/\/baldumarket.lt\/lt\/wp-json\/wp\/v2\/media\/218911"}],"wp:attachment":[{"href":"https:\/\/baldumarket.lt\/lt\/wp-json\/wp\/v2\/media?parent=218910"}],"wp:term":[{"taxonomy":"product_brand","embeddable":true,"href":"https:\/\/baldumarket.lt\/lt\/wp-json\/wp\/v2\/product_brand?post=218910"},{"taxonomy":"product_cat","embeddable":true,"href":"https:\/\/baldumarket.lt\/lt\/wp-json\/wp\/v2\/product_cat?post=218910"},{"taxonomy":"product_tag","embeddable":true,"href":"https:\/\/baldumarket.lt\/lt\/wp-json\/wp\/v2\/product_tag?post=218910"}],"curies":[{"name":"wp","href":"https:\/\/api.w.org\/{rel}","templated":true}]}}