{"id":218902,"date":"2026-02-11T17:00:34","date_gmt":"2026-02-11T14:00:34","guid":{"rendered":"https:\/\/baldumarket.lt\/product\/materac-only-100x200-cm-dwustronny-multipocket-sprezyny-pianka-hr-pianka-visco-h3-h4-comforteo\/"},"modified":"2026-02-11T17:00:35","modified_gmt":"2026-02-11T14:00:35","slug":"materac-only-100x200-cm-dwustronny-multipocket-sprezyny-pianka-hr-pianka-visco-h3-h4-comforteo","status":"publish","type":"product","link":"https:\/\/baldumarket.lt\/lt\/product\/materac-only-100x200-cm-dwustronny-multipocket-sprezyny-pianka-hr-pianka-visco-h3-h4-comforteo\/","title":{"rendered":"\u010ciu\u017einys \u201eTik\u201c, 100 x 200 cm, dvipusis, su spyruokl\u0117mis, HR putomis, viskoelastin\u0117 med\u017eiaga, H3\/H4, Comforteo"},"content":{"rendered":"<p>\u201eOnly 100\u00d7200 cm\u201c \u010diu\u017einys \u2013 tai pa\u017eangus modelis, kuriame derinamos modernios technologijos ir auk\u0161\u010diausios kokyb\u0117s med\u017eiagos, u\u017etikrinan\u010dios i\u0161skirtin\u012f miego komfort\u0105. Jo \u0161erd\u012f sudaro 500 daugiaki\u0161enini\u0173 spyruokli\u0173 kvadratiniame metre \u2013 kiekviena j\u0173 yra atskiroje ki\u0161en\u0117je, tod\u0117l jos veikia nepriklausomai, puikiai prisitaikydamos prie k\u016bno formos ir u\u017etikrindamos patvarum\u0105 bei stabil\u0173 palaikym\u0105.<\/p>","protected":false},"excerpt":{"rendered":"<p>Plotis: 100 cm<br \/>\nIlgis: 200 cm<br \/>\nAuk\u0161tis: 24 cm<br \/>\nMiegamasis plotas: 100 \u00d7 200 cm<br \/>\n\u010ciu\u017einio tipas: Daugiaki\u0161enis su viskoelastine viskoelastine puta<\/p>","protected":false},"featured_media":218903,"comment_status":"open","ping_status":"open","template":"","meta":[],"product_brand":[],"product_cat":[7906,1099],"product_tag":[],"class_list":{"0":"post-218902","1":"product","2":"type-product","3":"status-publish","4":"has-post-thumbnail","6":"product_cat-comforteo","7":"product_cat-mattresses","9":"first","10":"instock","11":"purchasable","12":"product-type-simple"},"_links":{"self":[{"href":"https:\/\/baldumarket.lt\/lt\/wp-json\/wp\/v2\/product\/218902","targetHints":{"allow":["GET"]}}],"collection":[{"href":"https:\/\/baldumarket.lt\/lt\/wp-json\/wp\/v2\/product"}],"about":[{"href":"https:\/\/baldumarket.lt\/lt\/wp-json\/wp\/v2\/types\/product"}],"replies":[{"embeddable":true,"href":"https:\/\/baldumarket.lt\/lt\/wp-json\/wp\/v2\/comments?post=218902"}],"wp:featuredmedia":[{"embeddable":true,"href":"https:\/\/baldumarket.lt\/lt\/wp-json\/wp\/v2\/media\/218903"}],"wp:attachment":[{"href":"https:\/\/baldumarket.lt\/lt\/wp-json\/wp\/v2\/media?parent=218902"}],"wp:term":[{"taxonomy":"product_brand","embeddable":true,"href":"https:\/\/baldumarket.lt\/lt\/wp-json\/wp\/v2\/product_brand?post=218902"},{"taxonomy":"product_cat","embeddable":true,"href":"https:\/\/baldumarket.lt\/lt\/wp-json\/wp\/v2\/product_cat?post=218902"},{"taxonomy":"product_tag","embeddable":true,"href":"https:\/\/baldumarket.lt\/lt\/wp-json\/wp\/v2\/product_tag?post=218902"}],"curies":[{"name":"wp","href":"https:\/\/api.w.org\/{rel}","templated":true}]}}