{"id":218894,"date":"2026-02-11T17:00:33","date_gmt":"2026-02-11T14:00:33","guid":{"rendered":"https:\/\/baldumarket.lt\/product\/materac-only-120x200-cm-dwustronny-multipocket-sprezyny-pianka-hr-pianka-visco-h3-h4-comforteo\/"},"modified":"2026-02-11T17:00:34","modified_gmt":"2026-02-11T14:00:34","slug":"materac-only-120x200-cm-dwustronny-multipocket-sprezyny-pianka-hr-pianka-visco-h3-h4-comforteo","status":"publish","type":"product","link":"https:\/\/baldumarket.lt\/lt\/product\/materac-only-120x200-cm-dwustronny-multipocket-sprezyny-pianka-hr-pianka-visco-h3-h4-comforteo\/","title":{"rendered":"\u010ciu\u017einys \u201eOnly\u201c, 120 x 200 cm, dvipusis, su spyruokl\u0117mis, HR putomis, \u201eVisco\u201c putomis, H3\/H4, \u201eComforteo\u201c"},"content":{"rendered":"<p>Ie\u0161kote \u010diu\u017einio, kuris atitikt\u0173 j\u016bs\u0173 l\u016bkes\u010dius ir u\u017etikrint\u0173 sveik\u0105, atkuriant\u012f mieg\u0105? \u201eOnly\u201c 120 \u00d7 200 cm modelis puikiai tinka tiems, kurie vertina komfort\u0105, ilgaam\u017ei\u0161kum\u0105 ir modernias technologijas. D\u0117l inovatyvios konstrukcijos \u010diu\u017einys puikiai prisitaiko prie j\u016bs\u0173 k\u016bno formos, garantuodamas atsipalaidavim\u0105 ir auk\u0161\u010diausio lygio atram\u0105.<\/p>","protected":false},"excerpt":{"rendered":"<p>Plotis: 120 cm<br \/>\nIlgis: 200 cm<br \/>\nAuk\u0161tis: 24 cm<br \/>\nMiegamasis plotas: 120 \u00d7 200 cm<br \/>\n\u010ciu\u017einio tipas: Daugiaki\u0161enis su viskoelastine viskoelastine puta<\/p>","protected":false},"featured_media":218895,"comment_status":"open","ping_status":"open","template":"","meta":[],"product_brand":[],"product_cat":[7906,1099,1976],"product_tag":[],"class_list":{"0":"post-218894","1":"product","2":"type-product","3":"status-publish","4":"has-post-thumbnail","6":"product_cat-comforteo","7":"product_cat-mattresses","8":"product_cat-mattresses-120x200","10":"first","11":"instock","12":"purchasable","13":"product-type-simple"},"_links":{"self":[{"href":"https:\/\/baldumarket.lt\/lt\/wp-json\/wp\/v2\/product\/218894","targetHints":{"allow":["GET"]}}],"collection":[{"href":"https:\/\/baldumarket.lt\/lt\/wp-json\/wp\/v2\/product"}],"about":[{"href":"https:\/\/baldumarket.lt\/lt\/wp-json\/wp\/v2\/types\/product"}],"replies":[{"embeddable":true,"href":"https:\/\/baldumarket.lt\/lt\/wp-json\/wp\/v2\/comments?post=218894"}],"wp:featuredmedia":[{"embeddable":true,"href":"https:\/\/baldumarket.lt\/lt\/wp-json\/wp\/v2\/media\/218895"}],"wp:attachment":[{"href":"https:\/\/baldumarket.lt\/lt\/wp-json\/wp\/v2\/media?parent=218894"}],"wp:term":[{"taxonomy":"product_brand","embeddable":true,"href":"https:\/\/baldumarket.lt\/lt\/wp-json\/wp\/v2\/product_brand?post=218894"},{"taxonomy":"product_cat","embeddable":true,"href":"https:\/\/baldumarket.lt\/lt\/wp-json\/wp\/v2\/product_cat?post=218894"},{"taxonomy":"product_tag","embeddable":true,"href":"https:\/\/baldumarket.lt\/lt\/wp-json\/wp\/v2\/product_tag?post=218894"}],"curies":[{"name":"wp","href":"https:\/\/api.w.org\/{rel}","templated":true}]}}