{"id":218878,"date":"2026-02-11T17:00:29","date_gmt":"2026-02-11T14:00:29","guid":{"rendered":"https:\/\/baldumarket.lt\/product\/materac-only-160x200-cm-dwustronny-multipocket-sprezyny-pianka-hr-pianka-visco-h3-h4-comforteo\/"},"modified":"2026-02-11T17:00:31","modified_gmt":"2026-02-11T14:00:31","slug":"materac-only-160x200-cm-dwustronny-multipocket-sprezyny-pianka-hr-pianka-visco-h3-h4-comforteo","status":"publish","type":"product","link":"https:\/\/baldumarket.lt\/lt\/product\/materac-only-160x200-cm-dwustronny-multipocket-sprezyny-pianka-hr-pianka-visco-h3-h4-comforteo\/","title":{"rendered":"\u010ciu\u017einys \u201eTik\u201c, 160 x 200 cm, dvipusis, su spyruokl\u0117mis, HR putomis, \u201eVisco\u201c putomis, H3\/H4, \u201eComforteo\u201c"},"content":{"rendered":"<p>Jei ie\u0161kote \u010diu\u017einio, kuris derint\u0173 komfort\u0105, patvarum\u0105 ir pa\u017eangias technologijas, \u201eOnly 160\u00d7200 cm\u201c modelis kaip tik Jums. \u0160is \u010diu\u017einys pasi\u017eymi ne tik dideliu pavir\u0161iaus plotu patogiam miegui, bet ir puikiu k\u016bno prigludimu bei stuburo atrama, u\u017etikrinan\u010dia rami\u0105 ir komforti\u0161k\u0105 kiekvien\u0105 nakt\u012f.<\/p>","protected":false},"excerpt":{"rendered":"<p>Plotis: 160 cm<br \/>\nIlgis: 200 cm<br \/>\nAuk\u0161tis: 24 cm<br \/>\nMiegamoji erdv\u0117: 160 \u00d7 200 cm<br \/>\n\u010ciu\u017einio tipas: Daugiaki\u0161enis su viskoelastine viskoelastine puta<\/p>","protected":false},"featured_media":218879,"comment_status":"open","ping_status":"open","template":"","meta":[],"product_brand":[],"product_cat":[7906,1099,1978],"product_tag":[],"class_list":{"0":"post-218878","1":"product","2":"type-product","3":"status-publish","4":"has-post-thumbnail","6":"product_cat-comforteo","7":"product_cat-mattresses","8":"product_cat-mattresses-160x200","10":"first","11":"instock","12":"purchasable","13":"product-type-simple"},"_links":{"self":[{"href":"https:\/\/baldumarket.lt\/lt\/wp-json\/wp\/v2\/product\/218878","targetHints":{"allow":["GET"]}}],"collection":[{"href":"https:\/\/baldumarket.lt\/lt\/wp-json\/wp\/v2\/product"}],"about":[{"href":"https:\/\/baldumarket.lt\/lt\/wp-json\/wp\/v2\/types\/product"}],"replies":[{"embeddable":true,"href":"https:\/\/baldumarket.lt\/lt\/wp-json\/wp\/v2\/comments?post=218878"}],"wp:featuredmedia":[{"embeddable":true,"href":"https:\/\/baldumarket.lt\/lt\/wp-json\/wp\/v2\/media\/218879"}],"wp:attachment":[{"href":"https:\/\/baldumarket.lt\/lt\/wp-json\/wp\/v2\/media?parent=218878"}],"wp:term":[{"taxonomy":"product_brand","embeddable":true,"href":"https:\/\/baldumarket.lt\/lt\/wp-json\/wp\/v2\/product_brand?post=218878"},{"taxonomy":"product_cat","embeddable":true,"href":"https:\/\/baldumarket.lt\/lt\/wp-json\/wp\/v2\/product_cat?post=218878"},{"taxonomy":"product_tag","embeddable":true,"href":"https:\/\/baldumarket.lt\/lt\/wp-json\/wp\/v2\/product_tag?post=218878"}],"curies":[{"name":"wp","href":"https:\/\/api.w.org\/{rel}","templated":true}]}}