{"id":218870,"date":"2026-02-11T17:00:28","date_gmt":"2026-02-11T14:00:28","guid":{"rendered":"https:\/\/baldumarket.lt\/product\/materac-only-180x200-cm-dwustronny-multipocket-sprezyny-pianka-hr-pianka-visco-h3-h4-comforteo\/"},"modified":"2026-02-11T17:00:29","modified_gmt":"2026-02-11T14:00:29","slug":"materac-only-180x200-cm-dwustronny-multipocket-sprezyny-pianka-hr-pianka-visco-h3-h4-comforteo","status":"publish","type":"product","link":"https:\/\/baldumarket.lt\/lt\/product\/materac-only-180x200-cm-dwustronny-multipocket-sprezyny-pianka-hr-pianka-visco-h3-h4-comforteo\/","title":{"rendered":"\u010ciu\u017einys \u201eOnly\u201c, 180&#215;200 cm, dvipusis, su daugiaki\u0161en\u0117mis spyruokl\u0117mis, HR putos, viskoelastin\u0117 puta, H3\/H4, Comforteo"},"content":{"rendered":"<p>Ie\u0161kote tobulo \u010diu\u017einio savo miegamajam? \u201eOnly\u201c 180 \u00d7 200 cm modelis si\u016blo didel\u0119, patogi\u0105 miegojimo erdv\u0119, kurioje derinamos modernios technologijos ir puiki k\u016bno atrama. Tai puikus pasirinkimas tiems, kurie nenori daryti kompromis\u0173 \u2013 jiems reikia komforto, patvarumo ir sveiko miego kiekvien\u0105 dien\u0105.<\/p>","protected":false},"excerpt":{"rendered":"<p>Plotis: 180 cm<br \/>\nIlgis: 200 cm<br \/>\nAuk\u0161tis: 24 cm<br \/>\nMiegamoji erdv\u0117: 180 \u00d7 200 cm<br \/>\n\u010ciu\u017einio tipas: Daugiaki\u0161enis su viskoelastine viskoelastine puta<\/p>","protected":false},"featured_media":218871,"comment_status":"open","ping_status":"open","template":"","meta":[],"product_brand":[],"product_cat":[7906,1099,1979],"product_tag":[],"class_list":{"0":"post-218870","1":"product","2":"type-product","3":"status-publish","4":"has-post-thumbnail","6":"product_cat-comforteo","7":"product_cat-mattresses","8":"product_cat-mattresses-180x200","10":"first","11":"instock","12":"purchasable","13":"product-type-simple"},"_links":{"self":[{"href":"https:\/\/baldumarket.lt\/lt\/wp-json\/wp\/v2\/product\/218870","targetHints":{"allow":["GET"]}}],"collection":[{"href":"https:\/\/baldumarket.lt\/lt\/wp-json\/wp\/v2\/product"}],"about":[{"href":"https:\/\/baldumarket.lt\/lt\/wp-json\/wp\/v2\/types\/product"}],"replies":[{"embeddable":true,"href":"https:\/\/baldumarket.lt\/lt\/wp-json\/wp\/v2\/comments?post=218870"}],"wp:featuredmedia":[{"embeddable":true,"href":"https:\/\/baldumarket.lt\/lt\/wp-json\/wp\/v2\/media\/218871"}],"wp:attachment":[{"href":"https:\/\/baldumarket.lt\/lt\/wp-json\/wp\/v2\/media?parent=218870"}],"wp:term":[{"taxonomy":"product_brand","embeddable":true,"href":"https:\/\/baldumarket.lt\/lt\/wp-json\/wp\/v2\/product_brand?post=218870"},{"taxonomy":"product_cat","embeddable":true,"href":"https:\/\/baldumarket.lt\/lt\/wp-json\/wp\/v2\/product_cat?post=218870"},{"taxonomy":"product_tag","embeddable":true,"href":"https:\/\/baldumarket.lt\/lt\/wp-json\/wp\/v2\/product_tag?post=218870"}],"curies":[{"name":"wp","href":"https:\/\/api.w.org\/{rel}","templated":true}]}}