{"id":218862,"date":"2026-02-11T17:00:26","date_gmt":"2026-02-11T14:00:26","guid":{"rendered":"https:\/\/baldumarket.lt\/product\/materac-only-200x200-cm-dwustronny-multipocket-sprezyny-pianka-hr-pianka-visco-h3-h4-comforteo\/"},"modified":"2026-02-11T17:00:28","modified_gmt":"2026-02-11T14:00:28","slug":"materac-only-200x200-cm-dwustronny-multipocket-sprezyny-pianka-hr-pianka-visco-h3-h4-comforteo","status":"publish","type":"product","link":"https:\/\/baldumarket.lt\/lt\/product\/materac-only-200x200-cm-dwustronny-multipocket-sprezyny-pianka-hr-pianka-visco-h3-h4-comforteo\/","title":{"rendered":"\u010ciu\u017einys \u201eTik\u201c, 200 x 200 cm, dvipusis, su spyruokl\u0117mis, HR putomis, viskoelastin\u0117 med\u017eiaga, H3\/H4, Comforteo"},"content":{"rendered":"<p>Ie\u0161kote tobulo \u010diu\u017einio dideliam miegamajam? \u201eOnly 200\u00d7200 cm\u201c modelis \u2013 tai erdvus ir i\u0161skirtinai patogus \u010diu\u017einys, kuriame derinamos novatori\u0161kos technologijos ir puiki k\u016bno atrama. Sukurtas tiems, kurie vertina sveik\u0105 ir atkuriam\u0105j\u012f mieg\u0105 auk\u0161\u010diausiu komforto lygiu.<\/p>","protected":false},"excerpt":{"rendered":"<p>Plotis: 200 cm<br \/>\nIlgis: 200 cm<br \/>\nAuk\u0161tis: 24 cm<br \/>\nMiegamasis plotas: 200 \u00d7 200 cm<br \/>\n\u010ciu\u017einio tipas: Daugiaki\u0161enis su viskoelastine viskoelastine puta<\/p>","protected":false},"featured_media":218863,"comment_status":"open","ping_status":"open","template":"","meta":[],"product_brand":[],"product_cat":[7906,1099,9144],"product_tag":[],"class_list":{"0":"post-218862","1":"product","2":"type-product","3":"status-publish","4":"has-post-thumbnail","6":"product_cat-comforteo","7":"product_cat-mattresses","8":"product_cat-mattresses-200x200","10":"first","11":"instock","12":"purchasable","13":"product-type-simple"},"_links":{"self":[{"href":"https:\/\/baldumarket.lt\/lt\/wp-json\/wp\/v2\/product\/218862","targetHints":{"allow":["GET"]}}],"collection":[{"href":"https:\/\/baldumarket.lt\/lt\/wp-json\/wp\/v2\/product"}],"about":[{"href":"https:\/\/baldumarket.lt\/lt\/wp-json\/wp\/v2\/types\/product"}],"replies":[{"embeddable":true,"href":"https:\/\/baldumarket.lt\/lt\/wp-json\/wp\/v2\/comments?post=218862"}],"wp:featuredmedia":[{"embeddable":true,"href":"https:\/\/baldumarket.lt\/lt\/wp-json\/wp\/v2\/media\/218863"}],"wp:attachment":[{"href":"https:\/\/baldumarket.lt\/lt\/wp-json\/wp\/v2\/media?parent=218862"}],"wp:term":[{"taxonomy":"product_brand","embeddable":true,"href":"https:\/\/baldumarket.lt\/lt\/wp-json\/wp\/v2\/product_brand?post=218862"},{"taxonomy":"product_cat","embeddable":true,"href":"https:\/\/baldumarket.lt\/lt\/wp-json\/wp\/v2\/product_cat?post=218862"},{"taxonomy":"product_tag","embeddable":true,"href":"https:\/\/baldumarket.lt\/lt\/wp-json\/wp\/v2\/product_tag?post=218862"}],"curies":[{"name":"wp","href":"https:\/\/api.w.org\/{rel}","templated":true}]}}