{"id":218838,"date":"2026-02-11T17:00:22","date_gmt":"2026-02-11T14:00:22","guid":{"rendered":"https:\/\/baldumarket.lt\/product\/materac-perfect-100x200-cm-dwustronny-kieszeniowy-sprezyny-pianka-visco-i-xfoam-h3-h4-comforteo\/"},"modified":"2026-02-11T17:00:23","modified_gmt":"2026-02-11T14:00:23","slug":"materac-perfect-100x200-cm-dwustronny-kieszeniowy-sprezyny-pianka-visco-i-xfoam-h3-h4-comforteo","status":"publish","type":"product","link":"https:\/\/baldumarket.lt\/lt\/product\/materac-perfect-100x200-cm-dwustronny-kieszeniowy-sprezyny-pianka-visco-i-xfoam-h3-h4-comforteo\/","title":{"rendered":"Puikus \u010diu\u017einys, 100\u00d7200 cm, dvipusis, ki\u0161enin\u0117s spyruokl\u0117s, viskoelastinis ir \u201eXfoam\u201c, H3\/H4, \u201eComforteo\u201c"},"content":{"rendered":"<p>\u201ePerfect 100\u00d7200 cm\u201c \u010diu\u017einys \u2013 tai modernus modelis, sukurtas atsi\u017evelgiant \u012f komfort\u0105, ilgaam\u017ei\u0161kum\u0105 ir stuburo sveikat\u0105. D\u0117l 7 kietumo zon\u0173 ki\u0161enini\u0173 spyruokli\u0173 \u010diu\u017einys puikiai palaiko vis\u0105 k\u016bn\u0105, kiekviena spyruokl\u0117 veikia nepriklausomai, taip padidindama miego komfort\u0105 ir pa\u0161alindama vibracij\u0105. \u0160ilumin\u012f komfort\u0105 ir ergonomi\u0161k\u0105 prigludim\u0105 u\u017etikrina \u201eVisco\u201c viskoelastin\u0117 puta, kuri, kaitinama, puikiai prisitaiko prie k\u016bno. Tuo tarpu \u201eXFoam\u201c pasi\u017eymi ilgaam\u017ei\u0161kumu, elastingumu ir atsparumu deformacijai, u\u017etikrindama patikim\u0105 \u010diu\u017ein\u012f ilgus metus.<\/p>","protected":false},"excerpt":{"rendered":"<p>Plotis: 100 cm<br \/>\nIlgis: 200 cm<br \/>\nAuk\u0161tis: 24 cm<br \/>\nMiegamasis plotas: 100 \u00d7 200 cm<br \/>\n\u010ciu\u017einio tipas: Ki\u0161enin\u0117s spyruokl\u0117s su viskoelastiniu putplas\u010diu<\/p>","protected":false},"featured_media":218839,"comment_status":"open","ping_status":"open","template":"","meta":[],"product_brand":[],"product_cat":[7906,1099],"product_tag":[],"class_list":{"0":"post-218838","1":"product","2":"type-product","3":"status-publish","4":"has-post-thumbnail","6":"product_cat-comforteo","7":"product_cat-mattresses","9":"first","10":"instock","11":"purchasable","12":"product-type-simple"},"_links":{"self":[{"href":"https:\/\/baldumarket.lt\/lt\/wp-json\/wp\/v2\/product\/218838","targetHints":{"allow":["GET"]}}],"collection":[{"href":"https:\/\/baldumarket.lt\/lt\/wp-json\/wp\/v2\/product"}],"about":[{"href":"https:\/\/baldumarket.lt\/lt\/wp-json\/wp\/v2\/types\/product"}],"replies":[{"embeddable":true,"href":"https:\/\/baldumarket.lt\/lt\/wp-json\/wp\/v2\/comments?post=218838"}],"wp:featuredmedia":[{"embeddable":true,"href":"https:\/\/baldumarket.lt\/lt\/wp-json\/wp\/v2\/media\/218839"}],"wp:attachment":[{"href":"https:\/\/baldumarket.lt\/lt\/wp-json\/wp\/v2\/media?parent=218838"}],"wp:term":[{"taxonomy":"product_brand","embeddable":true,"href":"https:\/\/baldumarket.lt\/lt\/wp-json\/wp\/v2\/product_brand?post=218838"},{"taxonomy":"product_cat","embeddable":true,"href":"https:\/\/baldumarket.lt\/lt\/wp-json\/wp\/v2\/product_cat?post=218838"},{"taxonomy":"product_tag","embeddable":true,"href":"https:\/\/baldumarket.lt\/lt\/wp-json\/wp\/v2\/product_tag?post=218838"}],"curies":[{"name":"wp","href":"https:\/\/api.w.org\/{rel}","templated":true}]}}