{"id":218830,"date":"2026-02-11T17:00:20","date_gmt":"2026-02-11T14:00:20","guid":{"rendered":"https:\/\/baldumarket.lt\/product\/materac-perfect-120x200-cm-dwustronny-kieszeniowy-sprezyny-pianka-visco-i-xfoam-h3-h4-comforteo\/"},"modified":"2026-02-11T17:00:22","modified_gmt":"2026-02-11T14:00:22","slug":"materac-perfect-120x200-cm-dwustronny-kieszeniowy-sprezyny-pianka-visco-i-xfoam-h3-h4-comforteo","status":"publish","type":"product","link":"https:\/\/baldumarket.lt\/lt\/product\/materac-perfect-120x200-cm-dwustronny-kieszeniowy-sprezyny-pianka-visco-i-xfoam-h3-h4-comforteo\/","title":{"rendered":"Puikus \u010diu\u017einys, 120\u00d7200 cm, dvipusis, ki\u0161enin\u0117s spyruokl\u0117s, viskoelastinis ir \u201eXfoam\u201c, H3\/H4, \u201eComforteo\u201c"},"content":{"rendered":"<p>Ie\u0161kote \u010diu\u017einio, kuris u\u017etikrint\u0173 patog\u0173 nakties mieg\u0105, nepriklausomai nuo miegojimo pad\u0117ties? \u201ePerfect 120\u00d7200 cm\u201c \u010diu\u017einys \u2013 tai tobulas novatori\u0161k\u0173 technologij\u0173 ir apgalvoto dizaino derinys, sukurtas tiems, kurie tikisi daugiau nei patogios lovos. Viduje ki\u0161enin\u0117s spyruokl\u0117s i\u0161d\u0117stytos 7 kietumo zonose, reaguojan\u010dios \u012f konkre\u010dius spaudimo ta\u0161kus. Tai leid\u017eia \u010diu\u017einiui idealiai prisitaikyti prie j\u016bs\u0173 k\u016bno, palaikyti nat\u016bralius stuburo linkius ir suma\u017einti spaudim\u0105 pagrindin\u0117ms k\u016bno dalims \u2013 nuo kaklo iki klub\u0173.<\/p>","protected":false},"excerpt":{"rendered":"<p>Plotis: 120 cm<br \/>\nIlgis: 200 cm<br \/>\nAuk\u0161tis: 24 cm<br \/>\nMiegamasis plotas: 120 \u00d7 200 cm<br \/>\n\u010ciu\u017einio tipas: Ki\u0161enin\u0117s spyruokl\u0117s su viskoelastiniu putplas\u010diu<\/p>","protected":false},"featured_media":218831,"comment_status":"open","ping_status":"open","template":"","meta":[],"product_brand":[],"product_cat":[7906,1099,1976],"product_tag":[],"class_list":{"0":"post-218830","1":"product","2":"type-product","3":"status-publish","4":"has-post-thumbnail","6":"product_cat-comforteo","7":"product_cat-mattresses","8":"product_cat-mattresses-120x200","10":"first","11":"instock","12":"purchasable","13":"product-type-simple"},"_links":{"self":[{"href":"https:\/\/baldumarket.lt\/lt\/wp-json\/wp\/v2\/product\/218830","targetHints":{"allow":["GET"]}}],"collection":[{"href":"https:\/\/baldumarket.lt\/lt\/wp-json\/wp\/v2\/product"}],"about":[{"href":"https:\/\/baldumarket.lt\/lt\/wp-json\/wp\/v2\/types\/product"}],"replies":[{"embeddable":true,"href":"https:\/\/baldumarket.lt\/lt\/wp-json\/wp\/v2\/comments?post=218830"}],"wp:featuredmedia":[{"embeddable":true,"href":"https:\/\/baldumarket.lt\/lt\/wp-json\/wp\/v2\/media\/218831"}],"wp:attachment":[{"href":"https:\/\/baldumarket.lt\/lt\/wp-json\/wp\/v2\/media?parent=218830"}],"wp:term":[{"taxonomy":"product_brand","embeddable":true,"href":"https:\/\/baldumarket.lt\/lt\/wp-json\/wp\/v2\/product_brand?post=218830"},{"taxonomy":"product_cat","embeddable":true,"href":"https:\/\/baldumarket.lt\/lt\/wp-json\/wp\/v2\/product_cat?post=218830"},{"taxonomy":"product_tag","embeddable":true,"href":"https:\/\/baldumarket.lt\/lt\/wp-json\/wp\/v2\/product_tag?post=218830"}],"curies":[{"name":"wp","href":"https:\/\/api.w.org\/{rel}","templated":true}]}}