{"id":218822,"date":"2026-02-11T17:00:19","date_gmt":"2026-02-11T14:00:19","guid":{"rendered":"https:\/\/baldumarket.lt\/product\/materac-perfect-140x200-cm-dwustronny-kieszeniowy-sprezyny-pianka-visco-i-xfoam-h3-h4-comforteo\/"},"modified":"2026-02-11T17:00:20","modified_gmt":"2026-02-11T14:00:20","slug":"materac-perfect-140x200-cm-dwustronny-kieszeniowy-sprezyny-pianka-visco-i-xfoam-h3-h4-comforteo","status":"publish","type":"product","link":"https:\/\/baldumarket.lt\/lt\/product\/materac-perfect-140x200-cm-dwustronny-kieszeniowy-sprezyny-pianka-visco-i-xfoam-h3-h4-comforteo\/","title":{"rendered":"Puikus \u010diu\u017einys, 140\u00d7200 cm, dvipusis, ki\u0161enin\u0117s spyruokl\u0117s, viskoelastinis ir \u201eXfoam\u201c, H3\/H4, \u201eComforteo\u201c"},"content":{"rendered":"<p>Miegas yra vienas svarbiausi\u0173 m\u016bs\u0173 gyvenimo element\u0173 \u2013 tai laikas, kai k\u016bnas atsinaujina, o protas atgauna pusiausvyr\u0105. Jei pabundate pavarg\u0119, jau\u010diate nugaros skausm\u0105 ar tiesiog nesijau\u010diate pails\u0117j\u0119, kaltas gali b\u016bti netinkamas \u010diu\u017einys. \u0160tai kod\u0117l suk\u016br\u0117me \u201ePerfect 140\u00d7200 cm\u201c \u010diu\u017ein\u012f \u2013 sprendim\u0105, kuriame derinamos modernios technologijos, apgalvotas dizainas ir reali nauda sveikatai. \u0160is \u010diu\u017einys skirtas tiems, kurie vertina patog\u0173 mieg\u0105, erdv\u0119 ir sveik\u0105 stuburo atram\u0105. Sukurtas naudojant ki\u0161enines spyruokles ir i\u0161mani\u0173j\u0173 put\u0173 sluoksnius, \u201ePerfect\u201c r\u016bpinasi k\u016bnu kiekvienoje pad\u0117tyje. Nesvarbu, ar miegate vienas, ar su partneriu, ar m\u0117gstate miegoti ant nugaros, \u0161ono ar pilvo \u2013 \u0161is modelis prisitaiko prie j\u016bs\u0173, o ne atvirk\u0161\u010diai.<\/p>","protected":false},"excerpt":{"rendered":"<p>Plotis: 140 cm<br \/>\nIlgis: 200 cm<br \/>\nAuk\u0161tis: 24 cm<br \/>\nMiegamasis plotas: 140 \u00d7 200 cm<br \/>\n\u010ciu\u017einio tipas: Ki\u0161enin\u0117s spyruokl\u0117s su viskoelastiniu putplas\u010diu<\/p>","protected":false},"featured_media":218823,"comment_status":"open","ping_status":"open","template":"","meta":[],"product_brand":[],"product_cat":[7906,1099,1977],"product_tag":[],"class_list":{"0":"post-218822","1":"product","2":"type-product","3":"status-publish","4":"has-post-thumbnail","6":"product_cat-comforteo","7":"product_cat-mattresses","8":"product_cat-mattresses-140x200","10":"first","11":"instock","12":"purchasable","13":"product-type-simple"},"_links":{"self":[{"href":"https:\/\/baldumarket.lt\/lt\/wp-json\/wp\/v2\/product\/218822","targetHints":{"allow":["GET"]}}],"collection":[{"href":"https:\/\/baldumarket.lt\/lt\/wp-json\/wp\/v2\/product"}],"about":[{"href":"https:\/\/baldumarket.lt\/lt\/wp-json\/wp\/v2\/types\/product"}],"replies":[{"embeddable":true,"href":"https:\/\/baldumarket.lt\/lt\/wp-json\/wp\/v2\/comments?post=218822"}],"wp:featuredmedia":[{"embeddable":true,"href":"https:\/\/baldumarket.lt\/lt\/wp-json\/wp\/v2\/media\/218823"}],"wp:attachment":[{"href":"https:\/\/baldumarket.lt\/lt\/wp-json\/wp\/v2\/media?parent=218822"}],"wp:term":[{"taxonomy":"product_brand","embeddable":true,"href":"https:\/\/baldumarket.lt\/lt\/wp-json\/wp\/v2\/product_brand?post=218822"},{"taxonomy":"product_cat","embeddable":true,"href":"https:\/\/baldumarket.lt\/lt\/wp-json\/wp\/v2\/product_cat?post=218822"},{"taxonomy":"product_tag","embeddable":true,"href":"https:\/\/baldumarket.lt\/lt\/wp-json\/wp\/v2\/product_tag?post=218822"}],"curies":[{"name":"wp","href":"https:\/\/api.w.org\/{rel}","templated":true}]}}