{"id":218806,"date":"2026-02-11T17:00:15","date_gmt":"2026-02-11T14:00:15","guid":{"rendered":"https:\/\/baldumarket.lt\/product\/materac-perfect-180x200-cm-dwustronny-kieszeniowy-sprezyny-pianka-visco-i-xfoam-h3-h4-comforteo\/"},"modified":"2026-02-11T17:00:17","modified_gmt":"2026-02-11T14:00:17","slug":"materac-perfect-180x200-cm-dwustronny-kieszeniowy-sprezyny-pianka-visco-i-xfoam-h3-h4-comforteo","status":"publish","type":"product","link":"https:\/\/baldumarket.lt\/lt\/product\/materac-perfect-180x200-cm-dwustronny-kieszeniowy-sprezyny-pianka-visco-i-xfoam-h3-h4-comforteo\/","title":{"rendered":"Puikus \u010diu\u017einys, 180\u00d7200 cm, dvipusis, ki\u0161enin\u0117s spyruokl\u0117s, viskoelastinis ir \u201eXfoam\u201c, H3\/H4, \u201eComforteo\u201c"},"content":{"rendered":"<p>Ar \u012fmanoma geriau miegoti? Be abejo \u2013 jei miegate ant tinkamo \u010diu\u017einio. \u201ePerfect\u201c 180 \u00d7 200 cm \u010diu\u017einys yra puikus pasirinkimas tiems, kurie atsisako kompromis\u0173 d\u0117l komforto. Tai did\u017eiausias \u201ePerfect\u201c modelis \u2013 \u201eking size\u201c dyd\u017eio lova reikliausiems vartotojams. Jei vertinate maksimali\u0105 miegojimo erdv\u0119, sveik\u0105 stuburo atram\u0105 ir tyl\u0173, stabil\u0173 pavir\u0161i\u0173, \u0161is \u010diu\u017einys sukurtas kaip tik Jums.<\/p>","protected":false},"excerpt":{"rendered":"<p>Plotis: 180 cm<br \/>\nIlgis: 200 cm<br \/>\nAuk\u0161tis: 24 cm<br \/>\nMiegamoji erdv\u0117: 180 \u00d7 200 cm<br \/>\n\u010ciu\u017einio tipas: Ki\u0161enin\u0117s spyruokl\u0117s su viskoelastiniu putplas\u010diu<\/p>","protected":false},"featured_media":218807,"comment_status":"open","ping_status":"open","template":"","meta":[],"product_brand":[],"product_cat":[7906,1099,1979],"product_tag":[],"class_list":{"0":"post-218806","1":"product","2":"type-product","3":"status-publish","4":"has-post-thumbnail","6":"product_cat-comforteo","7":"product_cat-mattresses","8":"product_cat-mattresses-180x200","10":"first","11":"instock","12":"purchasable","13":"product-type-simple"},"_links":{"self":[{"href":"https:\/\/baldumarket.lt\/lt\/wp-json\/wp\/v2\/product\/218806","targetHints":{"allow":["GET"]}}],"collection":[{"href":"https:\/\/baldumarket.lt\/lt\/wp-json\/wp\/v2\/product"}],"about":[{"href":"https:\/\/baldumarket.lt\/lt\/wp-json\/wp\/v2\/types\/product"}],"replies":[{"embeddable":true,"href":"https:\/\/baldumarket.lt\/lt\/wp-json\/wp\/v2\/comments?post=218806"}],"wp:featuredmedia":[{"embeddable":true,"href":"https:\/\/baldumarket.lt\/lt\/wp-json\/wp\/v2\/media\/218807"}],"wp:attachment":[{"href":"https:\/\/baldumarket.lt\/lt\/wp-json\/wp\/v2\/media?parent=218806"}],"wp:term":[{"taxonomy":"product_brand","embeddable":true,"href":"https:\/\/baldumarket.lt\/lt\/wp-json\/wp\/v2\/product_brand?post=218806"},{"taxonomy":"product_cat","embeddable":true,"href":"https:\/\/baldumarket.lt\/lt\/wp-json\/wp\/v2\/product_cat?post=218806"},{"taxonomy":"product_tag","embeddable":true,"href":"https:\/\/baldumarket.lt\/lt\/wp-json\/wp\/v2\/product_tag?post=218806"}],"curies":[{"name":"wp","href":"https:\/\/api.w.org\/{rel}","templated":true}]}}