{"id":218790,"date":"2026-02-11T17:00:11","date_gmt":"2026-02-11T14:00:11","guid":{"rendered":"https:\/\/baldumarket.lt\/product\/materac-perfect-80x200-cm-dwustronny-kieszeniowy-sprezyny-pianka-visco-i-xfoam-h3-h4-comforteo\/"},"modified":"2026-02-11T17:00:12","modified_gmt":"2026-02-11T14:00:12","slug":"materac-perfect-80x200-cm-dwustronny-kieszeniowy-sprezyny-pianka-visco-i-xfoam-h3-h4-comforteo","status":"publish","type":"product","link":"https:\/\/baldumarket.lt\/lt\/product\/materac-perfect-80x200-cm-dwustronny-kieszeniowy-sprezyny-pianka-visco-i-xfoam-h3-h4-comforteo\/","title":{"rendered":"Puikus \u010diu\u017einys, 80\u00d7200 cm, dvipusis, ki\u0161enin\u0117s spyruokl\u0117s, viskoelastinis ir \u201eXfoam\u201c, H3\/H4, \u201eComforteo\u201c"},"content":{"rendered":"<p>\u201ePerfect 80\u00d7200 cm\u201c \u010diu\u017einys \u2013 tai modernus modelis, u\u017etikrinantis auk\u0161t\u0105 stuburo pad\u0117t\u012f ir i\u0161skirtin\u012f miego komfort\u0105. D\u0117l 7 kietumo zonose i\u0161d\u0117styt\u0173 ki\u0161enini\u0173 spyruokli\u0173 naudojimo \u010diu\u017einys garantuoja optimali\u0105 stuburo atram\u0105, prisitaikydamas prie k\u016bno formos per vis\u0105 ilg\u012f. Kiekviena spyruokl\u0117 veikia nepriklausomai, tod\u0117l idealiai tinka poroms ir tiems, kurie miegodami da\u017enai kei\u010dia pad\u0117t\u012f. Papildomas privalumas \u2013 \u201eVisco\u201c putos, kurios reaguoja \u012f k\u016bno temperat\u016br\u0105 ir prisitaiko prie jo formos, apgl\u0117bia siluet\u0105 ir pagerina komfort\u0105. Tuo tarpu novatori\u0161ka \u201eXFoam\u201c technologija padidina \u010diu\u017einio elastingum\u0105 ir ilgaam\u017ei\u0161kum\u0105, tod\u0117l jis atsparus deformacijai.<\/p>","protected":false},"excerpt":{"rendered":"<p>Plotis: 80 cm<br \/>\nIlgis: 200 cm<br \/>\nAuk\u0161tis: 24 cm<br \/>\nMiegamoji erdv\u0117: 80 \u00d7 200 cm<br \/>\n\u010ciu\u017einio tipas: Ki\u0161enin\u0117s spyruokl\u0117s su viskoelastiniu putplas\u010diu<\/p>","protected":false},"featured_media":218791,"comment_status":"open","ping_status":"open","template":"","meta":[],"product_brand":[],"product_cat":[7906,1099],"product_tag":[],"class_list":{"0":"post-218790","1":"product","2":"type-product","3":"status-publish","4":"has-post-thumbnail","6":"product_cat-comforteo","7":"product_cat-mattresses","9":"first","10":"instock","11":"purchasable","12":"product-type-simple"},"_links":{"self":[{"href":"https:\/\/baldumarket.lt\/lt\/wp-json\/wp\/v2\/product\/218790","targetHints":{"allow":["GET"]}}],"collection":[{"href":"https:\/\/baldumarket.lt\/lt\/wp-json\/wp\/v2\/product"}],"about":[{"href":"https:\/\/baldumarket.lt\/lt\/wp-json\/wp\/v2\/types\/product"}],"replies":[{"embeddable":true,"href":"https:\/\/baldumarket.lt\/lt\/wp-json\/wp\/v2\/comments?post=218790"}],"wp:featuredmedia":[{"embeddable":true,"href":"https:\/\/baldumarket.lt\/lt\/wp-json\/wp\/v2\/media\/218791"}],"wp:attachment":[{"href":"https:\/\/baldumarket.lt\/lt\/wp-json\/wp\/v2\/media?parent=218790"}],"wp:term":[{"taxonomy":"product_brand","embeddable":true,"href":"https:\/\/baldumarket.lt\/lt\/wp-json\/wp\/v2\/product_brand?post=218790"},{"taxonomy":"product_cat","embeddable":true,"href":"https:\/\/baldumarket.lt\/lt\/wp-json\/wp\/v2\/product_cat?post=218790"},{"taxonomy":"product_tag","embeddable":true,"href":"https:\/\/baldumarket.lt\/lt\/wp-json\/wp\/v2\/product_tag?post=218790"}],"curies":[{"name":"wp","href":"https:\/\/api.w.org\/{rel}","templated":true}]}}