{"id":218766,"date":"2026-02-11T17:00:04","date_gmt":"2026-02-11T14:00:04","guid":{"rendered":"https:\/\/baldumarket.lt\/product\/materac-silence-120x200-cm-dwustronny-kieszeniowy-sprezyny-pianka-visco-i-xfoam-h3-comforteo\/"},"modified":"2026-02-11T17:00:06","modified_gmt":"2026-02-11T14:00:06","slug":"materac-silence-120x200-cm-dwustronny-kieszeniowy-sprezyny-pianka-visco-i-xfoam-h3-comforteo","status":"publish","type":"product","link":"https:\/\/baldumarket.lt\/lt\/product\/materac-silence-120x200-cm-dwustronny-kieszeniowy-sprezyny-pianka-visco-i-xfoam-h3-comforteo\/","title":{"rendered":"\u010ciu\u017einys \u201eTyla\u201c, 120 x 200 cm, dvipusis, ki\u0161enin\u0117s spyruokl\u0117s, \u201eVisco\u201c ir \u201eXfoam\u201c, H3, \u201eComforteo\u201c"},"content":{"rendered":"<p>\u201eSilence\u201c 120 \u00d7 200 cm \u010diu\u017einys puikiai tinka tiems, kurie trok\u0161ta i\u0161skirtinio komforto, daugiau erdv\u0117s miegant ir visi\u0161ko stuburo palaikymo. 120 cm plotis suteikia prabangi\u0105 jud\u0117jimo laisv\u0119, tod\u0117l puikiai tinka tiek vienvie\u010diams dvigul\u0117ms lovoms, tiek poroms, kurios teikia pirmenyb\u0119 atskiriems miegojimo pavir\u0161iams.<\/p>","protected":false},"excerpt":{"rendered":"<p>Plotis: 120 cm<br \/>\nIlgis: 200 cm<br \/>\nAuk\u0161tis: 19 cm<br \/>\nMiegamasis plotas: 120 \u00d7 200 cm<br \/>\n\u010ciu\u017einio tipas: Ki\u0161enin\u0117s spyruokl\u0117s su viskoelastiniu putplas\u010diu<\/p>","protected":false},"featured_media":218767,"comment_status":"open","ping_status":"open","template":"","meta":[],"product_brand":[],"product_cat":[7906,1099,1976],"product_tag":[],"class_list":{"0":"post-218766","1":"product","2":"type-product","3":"status-publish","4":"has-post-thumbnail","6":"product_cat-comforteo","7":"product_cat-mattresses","8":"product_cat-mattresses-120x200","10":"first","11":"instock","12":"purchasable","13":"product-type-simple"},"_links":{"self":[{"href":"https:\/\/baldumarket.lt\/lt\/wp-json\/wp\/v2\/product\/218766","targetHints":{"allow":["GET"]}}],"collection":[{"href":"https:\/\/baldumarket.lt\/lt\/wp-json\/wp\/v2\/product"}],"about":[{"href":"https:\/\/baldumarket.lt\/lt\/wp-json\/wp\/v2\/types\/product"}],"replies":[{"embeddable":true,"href":"https:\/\/baldumarket.lt\/lt\/wp-json\/wp\/v2\/comments?post=218766"}],"wp:featuredmedia":[{"embeddable":true,"href":"https:\/\/baldumarket.lt\/lt\/wp-json\/wp\/v2\/media\/218767"}],"wp:attachment":[{"href":"https:\/\/baldumarket.lt\/lt\/wp-json\/wp\/v2\/media?parent=218766"}],"wp:term":[{"taxonomy":"product_brand","embeddable":true,"href":"https:\/\/baldumarket.lt\/lt\/wp-json\/wp\/v2\/product_brand?post=218766"},{"taxonomy":"product_cat","embeddable":true,"href":"https:\/\/baldumarket.lt\/lt\/wp-json\/wp\/v2\/product_cat?post=218766"},{"taxonomy":"product_tag","embeddable":true,"href":"https:\/\/baldumarket.lt\/lt\/wp-json\/wp\/v2\/product_tag?post=218766"}],"curies":[{"name":"wp","href":"https:\/\/api.w.org\/{rel}","templated":true}]}}