{"id":218758,"date":"2026-02-11T17:00:00","date_gmt":"2026-02-11T14:00:00","guid":{"rendered":"https:\/\/baldumarket.lt\/product\/materac-silence-140x200-cm-dwustronny-kieszeniowy-sprezyny-pianka-visco-i-xfoam-h3-comforteo\/"},"modified":"2026-02-11T17:00:04","modified_gmt":"2026-02-11T14:00:04","slug":"materac-silence-140x200-cm-dwustronny-kieszeniowy-sprezyny-pianka-visco-i-xfoam-h3-comforteo","status":"publish","type":"product","link":"https:\/\/baldumarket.lt\/lt\/product\/materac-silence-140x200-cm-dwustronny-kieszeniowy-sprezyny-pianka-visco-i-xfoam-h3-comforteo\/","title":{"rendered":"\u010ciu\u017einys \u201eTyla\u201c, 140\u00d7200 cm, dvipusis, ki\u0161enin\u0117s spyruokl\u0117s, \u201eVisco\u201c ir \u201eXfoam\u201c, H3, \u201eComforteo\u201c"},"content":{"rendered":"<p>\u201eSilence\u201c 140\u00d7200 cm \u010diu\u017einys \u2013 puikus pasirinkimas poroms ir individualiems asmenims, vertinantiems plat\u0173 ir patog\u0173 miegojimo pavir\u0161i\u0173. \u0160is universalus modelis apjungia modernias technologijas, ortopedines savybes ir auk\u0161t\u0105 gamybos kokyb\u0119, u\u017etikrindamas, kad kiekviena naktis tapt\u0173 tikrai ramia.<\/p>","protected":false},"excerpt":{"rendered":"<p>Plotis: 140 cm<br \/>\nIlgis: 200 cm<br \/>\nAuk\u0161tis: 19 cm<br \/>\nMiegamasis plotas: 140 \u00d7 200 cm<br \/>\n\u010ciu\u017einio tipas: Ki\u0161enin\u0117s spyruokl\u0117s su viskoelastiniu putplas\u010diu<\/p>","protected":false},"featured_media":218759,"comment_status":"open","ping_status":"open","template":"","meta":[],"product_brand":[],"product_cat":[7906,1099,1977],"product_tag":[],"class_list":{"0":"post-218758","1":"product","2":"type-product","3":"status-publish","4":"has-post-thumbnail","6":"product_cat-comforteo","7":"product_cat-mattresses","8":"product_cat-mattresses-140x200","10":"first","11":"instock","12":"purchasable","13":"product-type-simple"},"_links":{"self":[{"href":"https:\/\/baldumarket.lt\/lt\/wp-json\/wp\/v2\/product\/218758","targetHints":{"allow":["GET"]}}],"collection":[{"href":"https:\/\/baldumarket.lt\/lt\/wp-json\/wp\/v2\/product"}],"about":[{"href":"https:\/\/baldumarket.lt\/lt\/wp-json\/wp\/v2\/types\/product"}],"replies":[{"embeddable":true,"href":"https:\/\/baldumarket.lt\/lt\/wp-json\/wp\/v2\/comments?post=218758"}],"wp:featuredmedia":[{"embeddable":true,"href":"https:\/\/baldumarket.lt\/lt\/wp-json\/wp\/v2\/media\/218759"}],"wp:attachment":[{"href":"https:\/\/baldumarket.lt\/lt\/wp-json\/wp\/v2\/media?parent=218758"}],"wp:term":[{"taxonomy":"product_brand","embeddable":true,"href":"https:\/\/baldumarket.lt\/lt\/wp-json\/wp\/v2\/product_brand?post=218758"},{"taxonomy":"product_cat","embeddable":true,"href":"https:\/\/baldumarket.lt\/lt\/wp-json\/wp\/v2\/product_cat?post=218758"},{"taxonomy":"product_tag","embeddable":true,"href":"https:\/\/baldumarket.lt\/lt\/wp-json\/wp\/v2\/product_tag?post=218758"}],"curies":[{"name":"wp","href":"https:\/\/api.w.org\/{rel}","templated":true}]}}