{"id":218750,"date":"2026-02-11T16:59:59","date_gmt":"2026-02-11T13:59:59","guid":{"rendered":"https:\/\/baldumarket.lt\/product\/materac-silence-160x200-cm-dwustronny-kieszeniowy-sprezyny-pianka-visco-i-xfoam-h3-comforteo\/"},"modified":"2026-02-11T17:00:00","modified_gmt":"2026-02-11T14:00:00","slug":"materac-silence-160x200-cm-dwustronny-kieszeniowy-sprezyny-pianka-visco-i-xfoam-h3-comforteo","status":"publish","type":"product","link":"https:\/\/baldumarket.lt\/lt\/product\/materac-silence-160x200-cm-dwustronny-kieszeniowy-sprezyny-pianka-visco-i-xfoam-h3-comforteo\/","title":{"rendered":"\u010ciu\u017einys \u201eSilence\u201c, 160&#215;200 cm, dvipusis, ki\u0161enin\u0117s spyruokl\u0117s, \u201eVisco\u201c ir \u201eXfoam\u201c, H3, \u201eComforteo\u201c"},"content":{"rendered":"<p>\u201eSilence\u201c 160 \u00d7 200 cm \u010diu\u017einys \u2013 puikus pasirinkimas poroms, kurios neaukoja komforto. D\u0117l didelio 160 \u00d7 200 cm pavir\u0161iaus kiekvienas asmuo turi pakankamai erdv\u0117s laisvai keisti miegojimo pozicijas netrukdydamas kitam. Jame derinamos modernios technologijos, patogios med\u017eiagos ir ortopedin\u0117s savyb\u0117s, kad b\u016bt\u0173 palaikoma kasdien\u0117 sveikata.<\/p>","protected":false},"excerpt":{"rendered":"<p>Plotis: 160 cm<br \/>\nIlgis: 200 cm<br \/>\nAuk\u0161tis: 19 cm<br \/>\nMiegamoji erdv\u0117: 160 \u00d7 200 cm<br \/>\n\u010ciu\u017einio tipas: Ki\u0161enin\u0117s spyruokl\u0117s su viskoelastiniu putplas\u010diu<\/p>","protected":false},"featured_media":218751,"comment_status":"open","ping_status":"open","template":"","meta":[],"product_brand":[],"product_cat":[7906,1099,1978],"product_tag":[],"class_list":{"0":"post-218750","1":"product","2":"type-product","3":"status-publish","4":"has-post-thumbnail","6":"product_cat-comforteo","7":"product_cat-mattresses","8":"product_cat-mattresses-160x200","10":"first","11":"instock","12":"purchasable","13":"product-type-simple"},"_links":{"self":[{"href":"https:\/\/baldumarket.lt\/lt\/wp-json\/wp\/v2\/product\/218750","targetHints":{"allow":["GET"]}}],"collection":[{"href":"https:\/\/baldumarket.lt\/lt\/wp-json\/wp\/v2\/product"}],"about":[{"href":"https:\/\/baldumarket.lt\/lt\/wp-json\/wp\/v2\/types\/product"}],"replies":[{"embeddable":true,"href":"https:\/\/baldumarket.lt\/lt\/wp-json\/wp\/v2\/comments?post=218750"}],"wp:featuredmedia":[{"embeddable":true,"href":"https:\/\/baldumarket.lt\/lt\/wp-json\/wp\/v2\/media\/218751"}],"wp:attachment":[{"href":"https:\/\/baldumarket.lt\/lt\/wp-json\/wp\/v2\/media?parent=218750"}],"wp:term":[{"taxonomy":"product_brand","embeddable":true,"href":"https:\/\/baldumarket.lt\/lt\/wp-json\/wp\/v2\/product_brand?post=218750"},{"taxonomy":"product_cat","embeddable":true,"href":"https:\/\/baldumarket.lt\/lt\/wp-json\/wp\/v2\/product_cat?post=218750"},{"taxonomy":"product_tag","embeddable":true,"href":"https:\/\/baldumarket.lt\/lt\/wp-json\/wp\/v2\/product_tag?post=218750"}],"curies":[{"name":"wp","href":"https:\/\/api.w.org\/{rel}","templated":true}]}}