{"id":218734,"date":"2026-02-11T16:59:56","date_gmt":"2026-02-11T13:59:56","guid":{"rendered":"https:\/\/baldumarket.lt\/product\/materac-silence-200x200-cm-dwustronny-kieszeniowy-sprezyny-pianka-visco-i-xfoam-h3-comforteo\/"},"modified":"2026-02-11T16:59:57","modified_gmt":"2026-02-11T13:59:57","slug":"materac-silence-200x200-cm-dwustronny-kieszeniowy-sprezyny-pianka-visco-i-xfoam-h3-comforteo","status":"publish","type":"product","link":"https:\/\/baldumarket.lt\/lt\/product\/materac-silence-200x200-cm-dwustronny-kieszeniowy-sprezyny-pianka-visco-i-xfoam-h3-comforteo\/","title":{"rendered":"\u010ciu\u017einys \u201eTyla\u201c, 200 x 200 cm, dvipusis, ki\u0161enin\u0117s spyruokl\u0117s, \u201eVisco\u201c ir \u201eXfoam\u201c, H3, \u201eComforteo\u201c"},"content":{"rendered":"<p>\u201eSilence\u201c 200 \u00d7 200 cm \u010diu\u017einys \u2013 tai karali\u0161ko atsipalaidavimo ir bekompromisio komforto sinonimas. Tai did\u017eiausias rinkoje esantis \u010diu\u017einio dydis, s\u0117kmingai pateisinantis reikliausi\u0173 por\u0173 l\u016bkes\u010dius, ypa\u010d t\u0173, kurios vertina didel\u0119 miegojimo erdv\u0119, savaranki\u0161k\u0105 jud\u0117jim\u0105 ir ortopedin\u0119 atram\u0105. \u010ciu\u017einio \u0161erdyje \u2013 ki\u0161enin\u0117s spyruokl\u0117s, kurios veikia nepriklausomai, tiksliai prisitaikydamos prie kiekvienos k\u016bno dalies. Septynios kietumo zonos garantuoja ideali\u0105 atram\u0105 \u2013 nuo kaklo iki p\u0117d\u0173 \u2013 u\u017etikrindamos sveik\u0105 stubur\u0105 ir komfort\u0105, nepriklausomai nuo miegojimo pad\u0117ties. Vienoje pus\u0117je naudojamas didelio elastingumo \u201eXFoam\u201c putplastis, kuris yra elastingas, laidus orui ir atsparus deformacijai. Jis puikiai veikia kaip dinami\u0161kas pagrindas tiems, kurie vertina stabil\u0173, \u0161iek tiek kietesn\u012f atram\u0105. Kitoje pus\u0117je \u201eVisco\u201c viskoelastinis putplastis reaguoja \u012f k\u016bno \u0161ilum\u0105 ir tiksliai prisitaiko prie savo formos, sukurdamas apvyniojimo efekt\u0105. Tai idealus sprendimas tiems, kurie kovoja su raumen\u0173 \u012ftampa, nugaros skausmais, miego problemomis arba tiesiog ie\u0161ko gilaus atsipalaidavimo.<\/p>","protected":false},"excerpt":{"rendered":"<p>Plotis: 200 cm<br \/>\nIlgis: 200 cm<br \/>\nAuk\u0161tis: 19 cm<br \/>\nMiegamasis plotas: 200 \u00d7 200 cm<br \/>\n\u010ciu\u017einio tipas: Ki\u0161enin\u0117s spyruokl\u0117s su viskoelastiniu putplas\u010diu<\/p>","protected":false},"featured_media":218735,"comment_status":"open","ping_status":"open","template":"","meta":[],"product_brand":[],"product_cat":[7906,1099,9144],"product_tag":[],"class_list":{"0":"post-218734","1":"product","2":"type-product","3":"status-publish","4":"has-post-thumbnail","6":"product_cat-comforteo","7":"product_cat-mattresses","8":"product_cat-mattresses-200x200","10":"first","11":"instock","12":"purchasable","13":"product-type-simple"},"_links":{"self":[{"href":"https:\/\/baldumarket.lt\/lt\/wp-json\/wp\/v2\/product\/218734","targetHints":{"allow":["GET"]}}],"collection":[{"href":"https:\/\/baldumarket.lt\/lt\/wp-json\/wp\/v2\/product"}],"about":[{"href":"https:\/\/baldumarket.lt\/lt\/wp-json\/wp\/v2\/types\/product"}],"replies":[{"embeddable":true,"href":"https:\/\/baldumarket.lt\/lt\/wp-json\/wp\/v2\/comments?post=218734"}],"wp:featuredmedia":[{"embeddable":true,"href":"https:\/\/baldumarket.lt\/lt\/wp-json\/wp\/v2\/media\/218735"}],"wp:attachment":[{"href":"https:\/\/baldumarket.lt\/lt\/wp-json\/wp\/v2\/media?parent=218734"}],"wp:term":[{"taxonomy":"product_brand","embeddable":true,"href":"https:\/\/baldumarket.lt\/lt\/wp-json\/wp\/v2\/product_brand?post=218734"},{"taxonomy":"product_cat","embeddable":true,"href":"https:\/\/baldumarket.lt\/lt\/wp-json\/wp\/v2\/product_cat?post=218734"},{"taxonomy":"product_tag","embeddable":true,"href":"https:\/\/baldumarket.lt\/lt\/wp-json\/wp\/v2\/product_tag?post=218734"}],"curies":[{"name":"wp","href":"https:\/\/api.w.org\/{rel}","templated":true}]}}