{"id":218718,"date":"2026-02-11T16:59:54","date_gmt":"2026-02-11T13:59:54","guid":{"rendered":"https:\/\/baldumarket.lt\/product\/materac-silence-90x200-cm-dwustronny-kieszeniowy-sprezyny-pianka-visco-i-xfoam-h3-comforteo\/"},"modified":"2026-02-11T16:59:55","modified_gmt":"2026-02-11T13:59:55","slug":"materac-silence-90x200-cm-dwustronny-kieszeniowy-sprezyny-pianka-visco-i-xfoam-h3-comforteo","status":"publish","type":"product","link":"https:\/\/baldumarket.lt\/lt\/product\/materac-silence-90x200-cm-dwustronny-kieszeniowy-sprezyny-pianka-visco-i-xfoam-h3-comforteo\/","title":{"rendered":"\u010ciu\u017einys \u201eTyla\u201c, 90\u00d7200 cm, dvipusis, ki\u0161enin\u0117s spyruokl\u0117s, viskoelastinis ir \u201eXfoam\u201c, H3, \u201eComforteo\u201c"},"content":{"rendered":"<p>\u010ciu\u017einys \u201eSilence 90\u00d7200 cm\u201c \u2013 puikus pasirinkimas tiems, kurie vertina patog\u0173 mieg\u0105 ir kartu ie\u0161ko sveikat\u0105 stiprinan\u010di\u0173 ortopedini\u0173 savybi\u0173. D\u0117l moderni\u0173 technologij\u0173 ir kruop\u0161\u010diai atrinkt\u0173 med\u017eiag\u0173 \u0161is modelis si\u016blo darn\u0173 komforto, patvarumo ir funkcionalumo derin\u012f.<\/p>","protected":false},"excerpt":{"rendered":"<p>Plotis: 90 cm<br \/>\nIlgis: 200 cm<br \/>\nAuk\u0161tis: 19 cm<br \/>\nMiegamoji erdv\u0117: 90 \u00d7 200 cm<br \/>\n\u010ciu\u017einio tipas: Ki\u0161enin\u0117s spyruokl\u0117s su viskoelastiniu putplas\u010diu<\/p>","protected":false},"featured_media":218719,"comment_status":"open","ping_status":"open","template":"","meta":[],"product_brand":[],"product_cat":[7906,1099,1975],"product_tag":[],"class_list":{"0":"post-218718","1":"product","2":"type-product","3":"status-publish","4":"has-post-thumbnail","6":"product_cat-comforteo","7":"product_cat-mattresses","8":"product_cat-mattresses-90x200","10":"first","11":"instock","12":"purchasable","13":"product-type-simple"},"_links":{"self":[{"href":"https:\/\/baldumarket.lt\/lt\/wp-json\/wp\/v2\/product\/218718","targetHints":{"allow":["GET"]}}],"collection":[{"href":"https:\/\/baldumarket.lt\/lt\/wp-json\/wp\/v2\/product"}],"about":[{"href":"https:\/\/baldumarket.lt\/lt\/wp-json\/wp\/v2\/types\/product"}],"replies":[{"embeddable":true,"href":"https:\/\/baldumarket.lt\/lt\/wp-json\/wp\/v2\/comments?post=218718"}],"wp:featuredmedia":[{"embeddable":true,"href":"https:\/\/baldumarket.lt\/lt\/wp-json\/wp\/v2\/media\/218719"}],"wp:attachment":[{"href":"https:\/\/baldumarket.lt\/lt\/wp-json\/wp\/v2\/media?parent=218718"}],"wp:term":[{"taxonomy":"product_brand","embeddable":true,"href":"https:\/\/baldumarket.lt\/lt\/wp-json\/wp\/v2\/product_brand?post=218718"},{"taxonomy":"product_cat","embeddable":true,"href":"https:\/\/baldumarket.lt\/lt\/wp-json\/wp\/v2\/product_cat?post=218718"},{"taxonomy":"product_tag","embeddable":true,"href":"https:\/\/baldumarket.lt\/lt\/wp-json\/wp\/v2\/product_tag?post=218718"}],"curies":[{"name":"wp","href":"https:\/\/api.w.org\/{rel}","templated":true}]}}