{"id":218710,"date":"2026-02-11T16:59:52","date_gmt":"2026-02-11T13:59:52","guid":{"rendered":"https:\/\/baldumarket.lt\/product\/materac-slow-100x200-cm-dwustronny-kieszeniowy-sprezyny-kokos-pianka-xfoam-h3-h4-comforteo\/"},"modified":"2026-02-11T16:59:54","modified_gmt":"2026-02-11T13:59:54","slug":"materac-slow-100x200-cm-dwustronny-kieszeniowy-sprezyny-kokos-pianka-xfoam-h3-h4-comforteo","status":"publish","type":"product","link":"https:\/\/baldumarket.lt\/lt\/product\/materac-slow-100x200-cm-dwustronny-kieszeniowy-sprezyny-kokos-pianka-xfoam-h3-h4-comforteo\/","title":{"rendered":"L\u0117tas \u010diu\u017einys, 100\u00d7200 cm, dvipusis, ki\u0161enin\u0117s spyruokl\u0117s, kokosas, putplastis, H3\/H4, Comforteo"},"content":{"rendered":"<p>\u010ciu\u017einys \u201eSlow 100\u00d7200 cm\u201c \u2013 puikus pasirinkimas tiems, kurie tikisi ne tik patogumo, bet ir erdv\u0117s bei funkcionalumo. 100 cm plo\u010dio \u010diu\u017einys suteikia jud\u0117jimo laisv\u0119 ir komfort\u0105 \u2013 nesvarbu, ar miegate vienas, ar dvigul\u0117je lovoje su atskiromis miegojimo zonomis.<\/p>","protected":false},"excerpt":{"rendered":"<p>Plotis: 100 cm<br \/>\nIlgis: 200 cm<br \/>\nAuk\u0161tis: 18 cm<br \/>\nMiegamasis plotas: 100 \u00d7 200 cm<br \/>\n\u010ciu\u017einio tipas: Ki\u0161enin\u0117 spyruokl\u0117 su kokoso kilim\u0117liu<\/p>","protected":false},"featured_media":218711,"comment_status":"open","ping_status":"open","template":"","meta":[],"product_brand":[],"product_cat":[7906,1099],"product_tag":[],"class_list":{"0":"post-218710","1":"product","2":"type-product","3":"status-publish","4":"has-post-thumbnail","6":"product_cat-comforteo","7":"product_cat-mattresses","9":"first","10":"instock","11":"purchasable","12":"product-type-simple"},"_links":{"self":[{"href":"https:\/\/baldumarket.lt\/lt\/wp-json\/wp\/v2\/product\/218710","targetHints":{"allow":["GET"]}}],"collection":[{"href":"https:\/\/baldumarket.lt\/lt\/wp-json\/wp\/v2\/product"}],"about":[{"href":"https:\/\/baldumarket.lt\/lt\/wp-json\/wp\/v2\/types\/product"}],"replies":[{"embeddable":true,"href":"https:\/\/baldumarket.lt\/lt\/wp-json\/wp\/v2\/comments?post=218710"}],"wp:featuredmedia":[{"embeddable":true,"href":"https:\/\/baldumarket.lt\/lt\/wp-json\/wp\/v2\/media\/218711"}],"wp:attachment":[{"href":"https:\/\/baldumarket.lt\/lt\/wp-json\/wp\/v2\/media?parent=218710"}],"wp:term":[{"taxonomy":"product_brand","embeddable":true,"href":"https:\/\/baldumarket.lt\/lt\/wp-json\/wp\/v2\/product_brand?post=218710"},{"taxonomy":"product_cat","embeddable":true,"href":"https:\/\/baldumarket.lt\/lt\/wp-json\/wp\/v2\/product_cat?post=218710"},{"taxonomy":"product_tag","embeddable":true,"href":"https:\/\/baldumarket.lt\/lt\/wp-json\/wp\/v2\/product_tag?post=218710"}],"curies":[{"name":"wp","href":"https:\/\/api.w.org\/{rel}","templated":true}]}}