{"id":218694,"date":"2026-02-11T16:59:50","date_gmt":"2026-02-11T13:59:50","guid":{"rendered":"https:\/\/baldumarket.lt\/product\/materac-slow-140x200-cm-dwustronny-kieszeniowy-sprezyny-kokos-pianka-xfoam-h3-h4-comforteo\/"},"modified":"2026-02-11T16:59:51","modified_gmt":"2026-02-11T13:59:51","slug":"materac-slow-140x200-cm-dwustronny-kieszeniowy-sprezyny-kokos-pianka-xfoam-h3-h4-comforteo","status":"publish","type":"product","link":"https:\/\/baldumarket.lt\/lt\/product\/materac-slow-140x200-cm-dwustronny-kieszeniowy-sprezyny-kokos-pianka-xfoam-h3-h4-comforteo\/","title":{"rendered":"L\u0117tas \u010diu\u017einys, 140\u00d7200 cm, dvipusis, ki\u0161enin\u0117s spyruokl\u0117s, kokoso pluo\u0161tas, \u201eXfoam\u201c, H3\/H4, \u201eComforteo\u201c"},"content":{"rendered":"<p>\u010ciu\u017einys \u201eSlow 140\u00d7200 cm\u201c \u2013 puikus pasirinkimas ie\u0161kantiems erdv\u0117s ir funkcionalumo kompromiso. Jis puikiai tinka kaip viengulis \u010diu\u017einys tiek vertinantiems komfort\u0105, tiek poroms, pageidaujan\u010dioms kompakti\u0161kos dvigul\u0117s lovos. D\u0117l moderni\u0173 technologij\u0173 ir nat\u016brali\u0173 med\u017eiag\u0173 naudojimo jis u\u017etikrina patog\u0173, sveik\u0105 ir higieni\u0161k\u0105 mieg\u0105 kiekvien\u0105 nakt\u012f.<\/p>","protected":false},"excerpt":{"rendered":"<p>Plotis: 140 cm<br \/>\nIlgis: 200 cm<br \/>\nAuk\u0161tis: 18 cm<br \/>\nMiegamasis plotas: 140 \u00d7 200 cm<br \/>\n\u010ciu\u017einio tipas: Ki\u0161enin\u0117 spyruokl\u0117 su kokoso kilim\u0117liu<\/p>","protected":false},"featured_media":218695,"comment_status":"open","ping_status":"open","template":"","meta":[],"product_brand":[],"product_cat":[7906,1099,1977],"product_tag":[],"class_list":{"0":"post-218694","1":"product","2":"type-product","3":"status-publish","4":"has-post-thumbnail","6":"product_cat-comforteo","7":"product_cat-mattresses","8":"product_cat-mattresses-140x200","10":"first","11":"instock","12":"purchasable","13":"product-type-simple"},"_links":{"self":[{"href":"https:\/\/baldumarket.lt\/lt\/wp-json\/wp\/v2\/product\/218694","targetHints":{"allow":["GET"]}}],"collection":[{"href":"https:\/\/baldumarket.lt\/lt\/wp-json\/wp\/v2\/product"}],"about":[{"href":"https:\/\/baldumarket.lt\/lt\/wp-json\/wp\/v2\/types\/product"}],"replies":[{"embeddable":true,"href":"https:\/\/baldumarket.lt\/lt\/wp-json\/wp\/v2\/comments?post=218694"}],"wp:featuredmedia":[{"embeddable":true,"href":"https:\/\/baldumarket.lt\/lt\/wp-json\/wp\/v2\/media\/218695"}],"wp:attachment":[{"href":"https:\/\/baldumarket.lt\/lt\/wp-json\/wp\/v2\/media?parent=218694"}],"wp:term":[{"taxonomy":"product_brand","embeddable":true,"href":"https:\/\/baldumarket.lt\/lt\/wp-json\/wp\/v2\/product_brand?post=218694"},{"taxonomy":"product_cat","embeddable":true,"href":"https:\/\/baldumarket.lt\/lt\/wp-json\/wp\/v2\/product_cat?post=218694"},{"taxonomy":"product_tag","embeddable":true,"href":"https:\/\/baldumarket.lt\/lt\/wp-json\/wp\/v2\/product_tag?post=218694"}],"curies":[{"name":"wp","href":"https:\/\/api.w.org\/{rel}","templated":true}]}}