{"id":218686,"date":"2026-02-11T16:59:49","date_gmt":"2026-02-11T13:59:49","guid":{"rendered":"https:\/\/baldumarket.lt\/product\/materac-slow-160x200-cm-dwustronny-kieszeniowy-sprezyny-kokos-pianka-xfoam-h3-h4-comforteo\/"},"modified":"2026-02-11T16:59:49","modified_gmt":"2026-02-11T13:59:49","slug":"materac-slow-160x200-cm-dwustronny-kieszeniowy-sprezyny-kokos-pianka-xfoam-h3-h4-comforteo","status":"publish","type":"product","link":"https:\/\/baldumarket.lt\/lt\/product\/materac-slow-160x200-cm-dwustronny-kieszeniowy-sprezyny-kokos-pianka-xfoam-h3-h4-comforteo\/","title":{"rendered":"L\u0117tas \u010diu\u017einys, 160&#215;200 cm, dvipusis, ki\u0161enin\u0117s spyruokl\u0117s, kokoso pluo\u0161tas, \u201eXfoam\u201c, H3\/H4, \u201eComforteo\u201c"},"content":{"rendered":"<p>L\u0117tas \u010diu\u017einys 160\u00d7200 cm \u2013 puikus pasirinkimas poroms, kurios vertina komfort\u0105, ilgaam\u017ei\u0161kum\u0105 ir sveik\u0105 mieg\u0105<\/p>","protected":false},"excerpt":{"rendered":"<p>Plotis: 160 cm<br \/>\nIlgis: 200 cm<br \/>\nAuk\u0161tis: 18 cm<br \/>\nMiegamoji erdv\u0117: 160 \u00d7 200 cm<br \/>\n\u010ciu\u017einio tipas: Ki\u0161enin\u0117 spyruokl\u0117 su kokoso kilim\u0117liu<\/p>","protected":false},"featured_media":218687,"comment_status":"open","ping_status":"open","template":"","meta":[],"product_brand":[],"product_cat":[7906,1099,1978],"product_tag":[],"class_list":{"0":"post-218686","1":"product","2":"type-product","3":"status-publish","4":"has-post-thumbnail","6":"product_cat-comforteo","7":"product_cat-mattresses","8":"product_cat-mattresses-160x200","10":"first","11":"instock","12":"purchasable","13":"product-type-simple"},"_links":{"self":[{"href":"https:\/\/baldumarket.lt\/lt\/wp-json\/wp\/v2\/product\/218686","targetHints":{"allow":["GET"]}}],"collection":[{"href":"https:\/\/baldumarket.lt\/lt\/wp-json\/wp\/v2\/product"}],"about":[{"href":"https:\/\/baldumarket.lt\/lt\/wp-json\/wp\/v2\/types\/product"}],"replies":[{"embeddable":true,"href":"https:\/\/baldumarket.lt\/lt\/wp-json\/wp\/v2\/comments?post=218686"}],"wp:featuredmedia":[{"embeddable":true,"href":"https:\/\/baldumarket.lt\/lt\/wp-json\/wp\/v2\/media\/218687"}],"wp:attachment":[{"href":"https:\/\/baldumarket.lt\/lt\/wp-json\/wp\/v2\/media?parent=218686"}],"wp:term":[{"taxonomy":"product_brand","embeddable":true,"href":"https:\/\/baldumarket.lt\/lt\/wp-json\/wp\/v2\/product_brand?post=218686"},{"taxonomy":"product_cat","embeddable":true,"href":"https:\/\/baldumarket.lt\/lt\/wp-json\/wp\/v2\/product_cat?post=218686"},{"taxonomy":"product_tag","embeddable":true,"href":"https:\/\/baldumarket.lt\/lt\/wp-json\/wp\/v2\/product_tag?post=218686"}],"curies":[{"name":"wp","href":"https:\/\/api.w.org\/{rel}","templated":true}]}}