{"id":218678,"date":"2026-02-11T16:59:47","date_gmt":"2026-02-11T13:59:47","guid":{"rendered":"https:\/\/baldumarket.lt\/product\/materac-slow-180x200-cm-dwustronny-kieszeniowy-sprezyny-kokos-pianka-xfoam-h3-h4-comforteo\/"},"modified":"2026-02-11T16:59:48","modified_gmt":"2026-02-11T13:59:48","slug":"materac-slow-180x200-cm-dwustronny-kieszeniowy-sprezyny-kokos-pianka-xfoam-h3-h4-comforteo","status":"publish","type":"product","link":"https:\/\/baldumarket.lt\/lt\/product\/materac-slow-180x200-cm-dwustronny-kieszeniowy-sprezyny-kokos-pianka-xfoam-h3-h4-comforteo\/","title":{"rendered":"L\u0117tas \u010diu\u017einys, 180\u00d7200 cm, dvipusis, ki\u0161enin\u0117s spyruokl\u0117s, kokoso pluo\u0161tas, \u201eXfoam\u201c, H3\/H4, \u201eComforteo\u201c"},"content":{"rendered":"<p>180 \u00d7 200 cm dyd\u017eio ki\u0161enini\u0173 spyruokli\u0173 kokosinis \u010diu\u017einys \u2013 puikus pasirinkimas poroms, kurios vertina komfort\u0105, lanks\u010di\u0105 k\u016bno atram\u0105 ir nat\u016bralias, higieni\u0161kas med\u017eiagas. \u012esp\u016bdingas 180 cm plotis suteikia maksimali\u0105 miegojimo erdv\u0119 be joki\u0173 kompromis\u0173 \u2013 nepriklausomai nuo miegojimo pad\u0117ties, kito \u017emogaus judesi\u0173 ar k\u016bno svorio skirtumo. Jo konstrukcijoje naudojamos ki\u0161enin\u0117s spyruokl\u0117s su septyniomis kietumo zonomis, kurios nepriklausomai reaguoja \u012f skirting\u0173 k\u016bno dali\u0173 spaudim\u0105. Toks i\u0161d\u0117stymas leid\u017eia \u010diu\u017einiui tiksliai prisitaikyti prie miegan\u010diojo anatomijos, paremti stubur\u0105 ir palengvinti raumen\u0173 atsistatym\u0105 vis\u0105 nakt\u012f.<\/p>","protected":false},"excerpt":{"rendered":"<p>Plotis: 180 cm<br \/>\nIlgis: 200 cm<br \/>\nAuk\u0161tis: 18 cm<br \/>\nMiegamoji erdv\u0117: 180 \u00d7 200 cm<br \/>\n\u010ciu\u017einio tipas: Ki\u0161enin\u0117 spyruokl\u0117 su kokoso kilim\u0117liu<\/p>","protected":false},"featured_media":218679,"comment_status":"open","ping_status":"open","template":"","meta":[],"product_brand":[],"product_cat":[7906,1099,1979],"product_tag":[],"class_list":{"0":"post-218678","1":"product","2":"type-product","3":"status-publish","4":"has-post-thumbnail","6":"product_cat-comforteo","7":"product_cat-mattresses","8":"product_cat-mattresses-180x200","10":"first","11":"instock","12":"purchasable","13":"product-type-simple"},"_links":{"self":[{"href":"https:\/\/baldumarket.lt\/lt\/wp-json\/wp\/v2\/product\/218678","targetHints":{"allow":["GET"]}}],"collection":[{"href":"https:\/\/baldumarket.lt\/lt\/wp-json\/wp\/v2\/product"}],"about":[{"href":"https:\/\/baldumarket.lt\/lt\/wp-json\/wp\/v2\/types\/product"}],"replies":[{"embeddable":true,"href":"https:\/\/baldumarket.lt\/lt\/wp-json\/wp\/v2\/comments?post=218678"}],"wp:featuredmedia":[{"embeddable":true,"href":"https:\/\/baldumarket.lt\/lt\/wp-json\/wp\/v2\/media\/218679"}],"wp:attachment":[{"href":"https:\/\/baldumarket.lt\/lt\/wp-json\/wp\/v2\/media?parent=218678"}],"wp:term":[{"taxonomy":"product_brand","embeddable":true,"href":"https:\/\/baldumarket.lt\/lt\/wp-json\/wp\/v2\/product_brand?post=218678"},{"taxonomy":"product_cat","embeddable":true,"href":"https:\/\/baldumarket.lt\/lt\/wp-json\/wp\/v2\/product_cat?post=218678"},{"taxonomy":"product_tag","embeddable":true,"href":"https:\/\/baldumarket.lt\/lt\/wp-json\/wp\/v2\/product_tag?post=218678"}],"curies":[{"name":"wp","href":"https:\/\/api.w.org\/{rel}","templated":true}]}}