{"id":218662,"date":"2026-02-11T16:59:44","date_gmt":"2026-02-11T13:59:44","guid":{"rendered":"https:\/\/baldumarket.lt\/product\/materac-slow-80x200-cm-dwustronny-kieszeniowy-sprezyny-kokos-pianka-xfoam-h3-h4-comforteo\/"},"modified":"2026-02-11T16:59:46","modified_gmt":"2026-02-11T13:59:46","slug":"materac-slow-80x200-cm-dwustronny-kieszeniowy-sprezyny-kokos-pianka-xfoam-h3-h4-comforteo","status":"publish","type":"product","link":"https:\/\/baldumarket.lt\/lt\/product\/materac-slow-80x200-cm-dwustronny-kieszeniowy-sprezyny-kokos-pianka-xfoam-h3-h4-comforteo\/","title":{"rendered":"L\u0117tas \u010diu\u017einys, 80\u00d7200 cm, dvipusis, ki\u0161enin\u0117s spyruokl\u0117s, kokosas, putplastis, H3\/H4, Comforteo"},"content":{"rendered":"<p>Ie\u0161kote 80 \u00d7 200 cm \u010diu\u017einio, kuris viename dizaine apjungt\u0173 komfort\u0105, higien\u0105 ir ortopedin\u0119 atram\u0105? \u201eSlow\u201c 80 \u00d7 200 cm \u010diu\u017einys puikiai tinka tiems, kurie vertina miego kokyb\u0119, reguliuojam\u0105 kietum\u0105 ir antialergines savybes.<\/p>","protected":false},"excerpt":{"rendered":"<p>Plotis: 80 cm<br \/>\nIlgis: 200 cm<br \/>\nAuk\u0161tis: 18 cm<br \/>\nMiegamoji erdv\u0117: 80 \u00d7 200 cm<br \/>\n\u010ciu\u017einio tipas: Ki\u0161enin\u0117 spyruokl\u0117 su kokoso kilim\u0117liu<\/p>","protected":false},"featured_media":218663,"comment_status":"open","ping_status":"open","template":"","meta":[],"product_brand":[],"product_cat":[7906,1099],"product_tag":[],"class_list":{"0":"post-218662","1":"product","2":"type-product","3":"status-publish","4":"has-post-thumbnail","6":"product_cat-comforteo","7":"product_cat-mattresses","9":"first","10":"instock","11":"purchasable","12":"product-type-simple"},"_links":{"self":[{"href":"https:\/\/baldumarket.lt\/lt\/wp-json\/wp\/v2\/product\/218662","targetHints":{"allow":["GET"]}}],"collection":[{"href":"https:\/\/baldumarket.lt\/lt\/wp-json\/wp\/v2\/product"}],"about":[{"href":"https:\/\/baldumarket.lt\/lt\/wp-json\/wp\/v2\/types\/product"}],"replies":[{"embeddable":true,"href":"https:\/\/baldumarket.lt\/lt\/wp-json\/wp\/v2\/comments?post=218662"}],"wp:featuredmedia":[{"embeddable":true,"href":"https:\/\/baldumarket.lt\/lt\/wp-json\/wp\/v2\/media\/218663"}],"wp:attachment":[{"href":"https:\/\/baldumarket.lt\/lt\/wp-json\/wp\/v2\/media?parent=218662"}],"wp:term":[{"taxonomy":"product_brand","embeddable":true,"href":"https:\/\/baldumarket.lt\/lt\/wp-json\/wp\/v2\/product_brand?post=218662"},{"taxonomy":"product_cat","embeddable":true,"href":"https:\/\/baldumarket.lt\/lt\/wp-json\/wp\/v2\/product_cat?post=218662"},{"taxonomy":"product_tag","embeddable":true,"href":"https:\/\/baldumarket.lt\/lt\/wp-json\/wp\/v2\/product_tag?post=218662"}],"curies":[{"name":"wp","href":"https:\/\/api.w.org\/{rel}","templated":true}]}}