{"id":218649,"date":"2026-02-11T16:59:41","date_gmt":"2026-02-11T13:59:41","guid":{"rendered":"https:\/\/baldumarket.lt\/product\/topper-100x200-cm-pianka-wysokoelastyczna-hr-4-cm-zdejmowany-pokrowiec-h4-comforteo\/"},"modified":"2026-02-11T16:59:43","modified_gmt":"2026-02-11T13:59:43","slug":"topper-100x200-cm-pianka-wysokoelastyczna-hr-4-cm-zdejmowany-pokrowiec-h4-comforteo","status":"publish","type":"product","link":"https:\/\/baldumarket.lt\/lt\/product\/topper-100x200-cm-pianka-wysokoelastyczna-hr-4-cm-zdejmowany-pokrowiec-h4-comforteo\/","title":{"rendered":"Ant\u010diu\u017einis 100\u00d7200 cm, labai elastingas putplastis HR 4 cm, nuimamas u\u017evalkalas, H4, Comforteo"},"content":{"rendered":"<p>4 cm storio HR ant\u010diu\u017einis, kurio matmenys \u2013 100 \u00d7 200 cm, yra puikus \u010diu\u017einio papildymas, u\u017etikrinantis sveik\u0105, patog\u0173 ir erdv\u0173 mieg\u0105. Sukurtas tiems, kurie m\u0117gsta tvirtesn\u012f pagrind\u0105, \u0161is ant\u010diu\u017einis efektyviai sutvirtina pernelyg mink\u0161tus patalus, u\u017etikrindamas puiki\u0105 oro cirkuliacij\u0105 ir antialergines savybes. HR (didelio atsparumo) putplas\u010dio \u0161erdis yra itin patvari ir elastinga, suteikianti stabili\u0105, bet lanks\u010di\u0105 atram\u0105 nat\u016braliems stuburo linkiams. \u0160is ergonomi\u0161kas profilis pagerina miego komfort\u0105, padeda i\u0161laikyti taisykling\u0105 laikysen\u0105 ir ma\u017eina raumen\u0173 \u012ftamp\u0105, o tai ypa\u010d svarbu tiems, kurie ken\u010dia nuo nugaros skausm\u0173.<\/p>","protected":false},"excerpt":{"rendered":"<p>Plotis: 100 cm<br \/>\nIlgis: 200 cm<br \/>\nAuk\u0161tis: 4 cm<br \/>\nMiegamasis plotas: 100 \u00d7 200 cm<br \/>\n\u010ciu\u017einio tipas: Putplastis \u2013 labai elastingas<\/p>","protected":false},"featured_media":218650,"comment_status":"open","ping_status":"open","template":"","meta":[],"product_brand":[],"product_cat":[7906,1099],"product_tag":[],"class_list":{"0":"post-218649","1":"product","2":"type-product","3":"status-publish","4":"has-post-thumbnail","6":"product_cat-comforteo","7":"product_cat-mattresses","9":"first","10":"instock","11":"purchasable","12":"product-type-simple"},"_links":{"self":[{"href":"https:\/\/baldumarket.lt\/lt\/wp-json\/wp\/v2\/product\/218649","targetHints":{"allow":["GET"]}}],"collection":[{"href":"https:\/\/baldumarket.lt\/lt\/wp-json\/wp\/v2\/product"}],"about":[{"href":"https:\/\/baldumarket.lt\/lt\/wp-json\/wp\/v2\/types\/product"}],"replies":[{"embeddable":true,"href":"https:\/\/baldumarket.lt\/lt\/wp-json\/wp\/v2\/comments?post=218649"}],"wp:featuredmedia":[{"embeddable":true,"href":"https:\/\/baldumarket.lt\/lt\/wp-json\/wp\/v2\/media\/218650"}],"wp:attachment":[{"href":"https:\/\/baldumarket.lt\/lt\/wp-json\/wp\/v2\/media?parent=218649"}],"wp:term":[{"taxonomy":"product_brand","embeddable":true,"href":"https:\/\/baldumarket.lt\/lt\/wp-json\/wp\/v2\/product_brand?post=218649"},{"taxonomy":"product_cat","embeddable":true,"href":"https:\/\/baldumarket.lt\/lt\/wp-json\/wp\/v2\/product_cat?post=218649"},{"taxonomy":"product_tag","embeddable":true,"href":"https:\/\/baldumarket.lt\/lt\/wp-json\/wp\/v2\/product_tag?post=218649"}],"curies":[{"name":"wp","href":"https:\/\/api.w.org\/{rel}","templated":true}]}}