{"id":218644,"date":"2026-02-11T16:59:39","date_gmt":"2026-02-11T13:59:39","guid":{"rendered":"https:\/\/baldumarket.lt\/product\/topper-100x200-cm-pianka-wysokoelastyczna-hr-6-cm-zdejmowany-pokrowiec-h4-comforteo\/"},"modified":"2026-02-11T16:59:41","modified_gmt":"2026-02-11T13:59:41","slug":"topper-100x200-cm-pianka-wysokoelastyczna-hr-6-cm-zdejmowany-pokrowiec-h4-comforteo","status":"publish","type":"product","link":"https:\/\/baldumarket.lt\/lt\/product\/topper-100x200-cm-pianka-wysokoelastyczna-hr-6-cm-zdejmowany-pokrowiec-h4-comforteo\/","title":{"rendered":"Ant\u010diu\u017einis 100\u00d7200 cm, labai elastingas putplastis HR 6 cm, nuimamas u\u017evalkalas, H4, Comforteo"},"content":{"rendered":"<p>Ie\u0161kote b\u016bdo pagerinti miego komfort\u0105 nekei\u010diant viso \u010diu\u017einio? Reikia tvirtesnio pagrindo, kuris paremt\u0173 j\u016bs\u0173 stubur\u0105 ir u\u017etikrint\u0173 miego higien\u0105 i\u0161tisus metus? 6 cm storio HR ant\u010diu\u017einis, kurio dydis 100 \u00d7 200 cm, yra puikus sprendimas. \u0160is modernus \u010diu\u017einio ant\u010diu\u017einis pagamintas i\u0161 auk\u0161tos kokyb\u0117s HR (didelio atsparumo) put\u0173, kurios suteikia puiki\u0105 atram\u0105 visam k\u016bnui, pagerina miego komfort\u0105 ir pailgina pagrindinio \u010diu\u017einio tarnavimo laik\u0105. \u0160is produktas skirtas reikliems klientams \u2013 tiems, kurie atsisako daryti kompromisus d\u0117l miego kokyb\u0117s.<\/p>","protected":false},"excerpt":{"rendered":"<p>Plotis: 100 cm<br \/>\nIlgis: 200 cm<br \/>\nAuk\u0161tis: 6 cm<br \/>\nMiegamasis plotas: 100 \u00d7 200 cm<br \/>\n\u010ciu\u017einio tipas: Putplastis \u2013 labai elastingas<\/p>","protected":false},"featured_media":218645,"comment_status":"open","ping_status":"open","template":"","meta":[],"product_brand":[],"product_cat":[7906,1099],"product_tag":[],"class_list":{"0":"post-218644","1":"product","2":"type-product","3":"status-publish","4":"has-post-thumbnail","6":"product_cat-comforteo","7":"product_cat-mattresses","9":"first","10":"instock","11":"purchasable","12":"product-type-simple"},"_links":{"self":[{"href":"https:\/\/baldumarket.lt\/lt\/wp-json\/wp\/v2\/product\/218644","targetHints":{"allow":["GET"]}}],"collection":[{"href":"https:\/\/baldumarket.lt\/lt\/wp-json\/wp\/v2\/product"}],"about":[{"href":"https:\/\/baldumarket.lt\/lt\/wp-json\/wp\/v2\/types\/product"}],"replies":[{"embeddable":true,"href":"https:\/\/baldumarket.lt\/lt\/wp-json\/wp\/v2\/comments?post=218644"}],"wp:featuredmedia":[{"embeddable":true,"href":"https:\/\/baldumarket.lt\/lt\/wp-json\/wp\/v2\/media\/218645"}],"wp:attachment":[{"href":"https:\/\/baldumarket.lt\/lt\/wp-json\/wp\/v2\/media?parent=218644"}],"wp:term":[{"taxonomy":"product_brand","embeddable":true,"href":"https:\/\/baldumarket.lt\/lt\/wp-json\/wp\/v2\/product_brand?post=218644"},{"taxonomy":"product_cat","embeddable":true,"href":"https:\/\/baldumarket.lt\/lt\/wp-json\/wp\/v2\/product_cat?post=218644"},{"taxonomy":"product_tag","embeddable":true,"href":"https:\/\/baldumarket.lt\/lt\/wp-json\/wp\/v2\/product_tag?post=218644"}],"curies":[{"name":"wp","href":"https:\/\/api.w.org\/{rel}","templated":true}]}}