{"id":218639,"date":"2026-02-11T16:59:37","date_gmt":"2026-02-11T13:59:37","guid":{"rendered":"https:\/\/baldumarket.lt\/product\/topper-120x200-cm-pianka-wysokoelastyczna-hr-4-cm-zdejmowany-pokrowiec-h4-comforteo\/"},"modified":"2026-02-11T16:59:38","modified_gmt":"2026-02-11T13:59:38","slug":"topper-120x200-cm-pianka-wysokoelastyczna-hr-4-cm-zdejmowany-pokrowiec-h4-comforteo","status":"publish","type":"product","link":"https:\/\/baldumarket.lt\/lt\/product\/topper-120x200-cm-pianka-wysokoelastyczna-hr-4-cm-zdejmowany-pokrowiec-h4-comforteo\/","title":{"rendered":"Ant\u010diu\u017einis 120\u00d7200 cm, labai elastingas putplastis HR 4 cm, nuimamas u\u017evalkalas, H4, Comforteo"},"content":{"rendered":"<p>4 cm storio HR ant\u010diu\u017einis, kurio matmenys \u2013 120 x 200 cm, puikiai papildo j\u016bs\u0173 \u010diu\u017ein\u012f, padidindamas miego komfort\u0105 ir suteikdamas sveik\u0105, stabil\u0173 bei kv\u0117puojant\u012f atram\u0105. Sukurtas tiems, kurie renkasi kietesn\u0119 lov\u0105, jis idealiai tinka per mink\u0161tiems \u010diu\u017einiams, kuriems reikalingas papildomas kietumas. HR (didelio elastingumo) putplas\u010dio \u0161erdis yra itin patvari ir lanksti, tod\u0117l ant\u010diu\u017einis prisitaiko prie nat\u016brali\u0173 stuburo linki\u0173, j\u012f palaiko ir palaiko taisykling\u0105 laikysen\u0105 miego metu. Tai puikus sprendimas tiems, kurie ie\u0161ko ergonomi\u0161kos atramos ir nori suma\u017einti raumen\u0173 \u012ftamp\u0105.<\/p>","protected":false},"excerpt":{"rendered":"<p>Plotis: 120 cm<br \/>\nIlgis: 200 cm<br \/>\nAuk\u0161tis: 4 cm<br \/>\nMiegamasis plotas: 120 \u00d7 200 cm<br \/>\n\u010ciu\u017einio tipas: Putplastis \u2013 labai elastingas<\/p>","protected":false},"featured_media":218640,"comment_status":"open","ping_status":"open","template":"","meta":[],"product_brand":[],"product_cat":[7906,1099,1976],"product_tag":[],"class_list":{"0":"post-218639","1":"product","2":"type-product","3":"status-publish","4":"has-post-thumbnail","6":"product_cat-comforteo","7":"product_cat-mattresses","8":"product_cat-mattresses-120x200","10":"first","11":"instock","12":"purchasable","13":"product-type-simple"},"_links":{"self":[{"href":"https:\/\/baldumarket.lt\/lt\/wp-json\/wp\/v2\/product\/218639","targetHints":{"allow":["GET"]}}],"collection":[{"href":"https:\/\/baldumarket.lt\/lt\/wp-json\/wp\/v2\/product"}],"about":[{"href":"https:\/\/baldumarket.lt\/lt\/wp-json\/wp\/v2\/types\/product"}],"replies":[{"embeddable":true,"href":"https:\/\/baldumarket.lt\/lt\/wp-json\/wp\/v2\/comments?post=218639"}],"wp:featuredmedia":[{"embeddable":true,"href":"https:\/\/baldumarket.lt\/lt\/wp-json\/wp\/v2\/media\/218640"}],"wp:attachment":[{"href":"https:\/\/baldumarket.lt\/lt\/wp-json\/wp\/v2\/media?parent=218639"}],"wp:term":[{"taxonomy":"product_brand","embeddable":true,"href":"https:\/\/baldumarket.lt\/lt\/wp-json\/wp\/v2\/product_brand?post=218639"},{"taxonomy":"product_cat","embeddable":true,"href":"https:\/\/baldumarket.lt\/lt\/wp-json\/wp\/v2\/product_cat?post=218639"},{"taxonomy":"product_tag","embeddable":true,"href":"https:\/\/baldumarket.lt\/lt\/wp-json\/wp\/v2\/product_tag?post=218639"}],"curies":[{"name":"wp","href":"https:\/\/api.w.org\/{rel}","templated":true}]}}