{"id":218634,"date":"2026-02-11T16:59:36","date_gmt":"2026-02-11T13:59:36","guid":{"rendered":"https:\/\/baldumarket.lt\/product\/topper-120x200-cm-pianka-wysokoelastyczna-hr-6-cm-zdejmowany-pokrowiec-h4-comforteo\/"},"modified":"2026-02-11T16:59:37","modified_gmt":"2026-02-11T13:59:37","slug":"topper-120x200-cm-pianka-wysokoelastyczna-hr-6-cm-zdejmowany-pokrowiec-h4-comforteo","status":"publish","type":"product","link":"https:\/\/baldumarket.lt\/lt\/product\/topper-120x200-cm-pianka-wysokoelastyczna-hr-6-cm-zdejmowany-pokrowiec-h4-comforteo\/","title":{"rendered":"Ant\u010diu\u017einis 120\u00d7200 cm, labai elastingas putplastis HR 6 cm, nuimamas u\u017evalkalas, H4, Comforteo"},"content":{"rendered":"<p>Pagerinkite miego kokyb\u0119 lengvai su 6 cm storio HR putplas\u010dio \u010diu\u017einio u\u017etiesalu, kurio matmenys 120 \u00d7 200 cm. Tai puikus \u010diu\u017einio u\u017etiesalas tiek namams, tiek butams, sve\u010di\u0173 namams ar nuomojamoms patalpoms. D\u0117l didelio elastingumo HR putplas\u010dio \u0161is gaminys suteikia tvirtesn\u0119, atsparesn\u0119 atram\u0105, kuri stabilizuoja vis\u0105 k\u016bn\u0105 ir pa\u0161alina diskomfort\u0105, susijus\u012f su per mink\u0161tu ar susid\u0117v\u0117jusiu pagrindiniu \u010diu\u017einiu.<\/p>","protected":false},"excerpt":{"rendered":"<p>Plotis: 120 cm<br \/>\nIlgis: 200 cm<br \/>\nAuk\u0161tis: 6 cm<br \/>\nMiegamasis plotas: 120 \u00d7 200 cm<br \/>\n\u010ciu\u017einio tipas: Putplastis \u2013 labai elastingas<\/p>","protected":false},"featured_media":218635,"comment_status":"open","ping_status":"open","template":"","meta":[],"product_brand":[],"product_cat":[7906,1099,1976],"product_tag":[],"class_list":{"0":"post-218634","1":"product","2":"type-product","3":"status-publish","4":"has-post-thumbnail","6":"product_cat-comforteo","7":"product_cat-mattresses","8":"product_cat-mattresses-120x200","10":"first","11":"instock","12":"purchasable","13":"product-type-simple"},"_links":{"self":[{"href":"https:\/\/baldumarket.lt\/lt\/wp-json\/wp\/v2\/product\/218634","targetHints":{"allow":["GET"]}}],"collection":[{"href":"https:\/\/baldumarket.lt\/lt\/wp-json\/wp\/v2\/product"}],"about":[{"href":"https:\/\/baldumarket.lt\/lt\/wp-json\/wp\/v2\/types\/product"}],"replies":[{"embeddable":true,"href":"https:\/\/baldumarket.lt\/lt\/wp-json\/wp\/v2\/comments?post=218634"}],"wp:featuredmedia":[{"embeddable":true,"href":"https:\/\/baldumarket.lt\/lt\/wp-json\/wp\/v2\/media\/218635"}],"wp:attachment":[{"href":"https:\/\/baldumarket.lt\/lt\/wp-json\/wp\/v2\/media?parent=218634"}],"wp:term":[{"taxonomy":"product_brand","embeddable":true,"href":"https:\/\/baldumarket.lt\/lt\/wp-json\/wp\/v2\/product_brand?post=218634"},{"taxonomy":"product_cat","embeddable":true,"href":"https:\/\/baldumarket.lt\/lt\/wp-json\/wp\/v2\/product_cat?post=218634"},{"taxonomy":"product_tag","embeddable":true,"href":"https:\/\/baldumarket.lt\/lt\/wp-json\/wp\/v2\/product_tag?post=218634"}],"curies":[{"name":"wp","href":"https:\/\/api.w.org\/{rel}","templated":true}]}}