{"id":218629,"date":"2026-02-11T16:59:35","date_gmt":"2026-02-11T13:59:35","guid":{"rendered":"https:\/\/baldumarket.lt\/product\/topper-140x200-cm-pianka-wysokoelastyczna-hr-4-cm-zdejmowany-pokrowiec-h4-comforteo\/"},"modified":"2026-02-11T16:59:36","modified_gmt":"2026-02-11T13:59:36","slug":"topper-140x200-cm-pianka-wysokoelastyczna-hr-4-cm-zdejmowany-pokrowiec-h4-comforteo","status":"publish","type":"product","link":"https:\/\/baldumarket.lt\/lt\/product\/topper-140x200-cm-pianka-wysokoelastyczna-hr-4-cm-zdejmowany-pokrowiec-h4-comforteo\/","title":{"rendered":"Ant\u010diu\u017einis 140\u00d7200 cm, labai elastingas putplastis HR 4 cm, nuimamas u\u017evalkalas, H4, Comforteo"},"content":{"rendered":"<p>4 cm storio HR ant\u010diu\u017einis, kurio matmenys 140 \u00d7 200 cm, yra puikus \u010diu\u017einio papildymas, u\u017etikrinantis sveik\u0105, patog\u0173 ir erdv\u0173 mieg\u0105 vienam ar dviem \u017emon\u0117ms. Idealiai tinka tiems, kurie renkasi kietesn\u0119 lov\u0105 ir nori efektyviai sutvirtinti per mink\u0161t\u0105 \u010diu\u017ein\u012f, kartu u\u017etikrindami higien\u0105 ir tinkam\u0105 oro cirkuliacij\u0105.<\/p>","protected":false},"excerpt":{"rendered":"<p>Plotis: 140 cm<br \/>\nIlgis: 200 cm<br \/>\nAuk\u0161tis: 4 cm<br \/>\nMiegamasis plotas: 140 \u00d7 200 cm<br \/>\n\u010ciu\u017einio tipas: labai elastingas putplastis<\/p>","protected":false},"featured_media":218630,"comment_status":"open","ping_status":"open","template":"","meta":[],"product_brand":[],"product_cat":[7906,1099,1977],"product_tag":[],"class_list":{"0":"post-218629","1":"product","2":"type-product","3":"status-publish","4":"has-post-thumbnail","6":"product_cat-comforteo","7":"product_cat-mattresses","8":"product_cat-mattresses-140x200","10":"first","11":"instock","12":"purchasable","13":"product-type-simple"},"_links":{"self":[{"href":"https:\/\/baldumarket.lt\/lt\/wp-json\/wp\/v2\/product\/218629","targetHints":{"allow":["GET"]}}],"collection":[{"href":"https:\/\/baldumarket.lt\/lt\/wp-json\/wp\/v2\/product"}],"about":[{"href":"https:\/\/baldumarket.lt\/lt\/wp-json\/wp\/v2\/types\/product"}],"replies":[{"embeddable":true,"href":"https:\/\/baldumarket.lt\/lt\/wp-json\/wp\/v2\/comments?post=218629"}],"wp:featuredmedia":[{"embeddable":true,"href":"https:\/\/baldumarket.lt\/lt\/wp-json\/wp\/v2\/media\/218630"}],"wp:attachment":[{"href":"https:\/\/baldumarket.lt\/lt\/wp-json\/wp\/v2\/media?parent=218629"}],"wp:term":[{"taxonomy":"product_brand","embeddable":true,"href":"https:\/\/baldumarket.lt\/lt\/wp-json\/wp\/v2\/product_brand?post=218629"},{"taxonomy":"product_cat","embeddable":true,"href":"https:\/\/baldumarket.lt\/lt\/wp-json\/wp\/v2\/product_cat?post=218629"},{"taxonomy":"product_tag","embeddable":true,"href":"https:\/\/baldumarket.lt\/lt\/wp-json\/wp\/v2\/product_tag?post=218629"}],"curies":[{"name":"wp","href":"https:\/\/api.w.org\/{rel}","templated":true}]}}