{"id":218624,"date":"2026-02-11T16:59:34","date_gmt":"2026-02-11T13:59:34","guid":{"rendered":"https:\/\/baldumarket.lt\/product\/topper-140x200-cm-pianka-wysokoelastyczna-hr-6-cm-zdejmowany-pokrowiec-h4-comforteo\/"},"modified":"2026-02-11T16:59:35","modified_gmt":"2026-02-11T13:59:35","slug":"topper-140x200-cm-pianka-wysokoelastyczna-hr-6-cm-zdejmowany-pokrowiec-h4-comforteo","status":"publish","type":"product","link":"https:\/\/baldumarket.lt\/lt\/product\/topper-140x200-cm-pianka-wysokoelastyczna-hr-6-cm-zdejmowany-pokrowiec-h4-comforteo\/","title":{"rendered":"Ant\u010diu\u017einis 140\u00d7200 cm, labai elastingas putplastis HR 6 cm, nuimamas u\u017evalkalas, H4, Comforteo"},"content":{"rendered":"<p>Ma\u017eoms erdv\u0117ms reikalingi i\u0161man\u016bs, apgalvoti sprendimai. Nesvarbu, ar \u012frengiate paauglio kambar\u012f, sve\u010di\u0173 miegam\u0105j\u012f, ar kompakti\u0161k\u0105 but\u0105, rinkit\u0117s funkcionalum\u0105, kuris i\u0161 ties\u0173 veikia. 140 \u00d7 200 cm dyd\u017eio \u010diu\u017einio u\u017etiesalas, pagamintas i\u0161 6 cm storio HR put\u0173, yra patogus, antialerginis \u010diu\u017einio u\u017etiesalas, kuris ne tik pagerina miego komfort\u0105, bet ir apsaugo pagrindin\u012f \u010diu\u017ein\u012f bei pailgina jo tarnavimo laik\u0105.<\/p>","protected":false},"excerpt":{"rendered":"<p>Plotis: 140 cm<br \/>\nIlgis: 200 cm<br \/>\nAuk\u0161tis: 6 cm<br \/>\nMiegamasis plotas: 140 \u00d7 200 cm<br \/>\n\u010ciu\u017einio tipas: labai elastingas putplastis<\/p>","protected":false},"featured_media":218625,"comment_status":"open","ping_status":"open","template":"","meta":[],"product_brand":[],"product_cat":[7906,1099,1977],"product_tag":[],"class_list":{"0":"post-218624","1":"product","2":"type-product","3":"status-publish","4":"has-post-thumbnail","6":"product_cat-comforteo","7":"product_cat-mattresses","8":"product_cat-mattresses-140x200","10":"first","11":"instock","12":"purchasable","13":"product-type-simple"},"_links":{"self":[{"href":"https:\/\/baldumarket.lt\/lt\/wp-json\/wp\/v2\/product\/218624","targetHints":{"allow":["GET"]}}],"collection":[{"href":"https:\/\/baldumarket.lt\/lt\/wp-json\/wp\/v2\/product"}],"about":[{"href":"https:\/\/baldumarket.lt\/lt\/wp-json\/wp\/v2\/types\/product"}],"replies":[{"embeddable":true,"href":"https:\/\/baldumarket.lt\/lt\/wp-json\/wp\/v2\/comments?post=218624"}],"wp:featuredmedia":[{"embeddable":true,"href":"https:\/\/baldumarket.lt\/lt\/wp-json\/wp\/v2\/media\/218625"}],"wp:attachment":[{"href":"https:\/\/baldumarket.lt\/lt\/wp-json\/wp\/v2\/media?parent=218624"}],"wp:term":[{"taxonomy":"product_brand","embeddable":true,"href":"https:\/\/baldumarket.lt\/lt\/wp-json\/wp\/v2\/product_brand?post=218624"},{"taxonomy":"product_cat","embeddable":true,"href":"https:\/\/baldumarket.lt\/lt\/wp-json\/wp\/v2\/product_cat?post=218624"},{"taxonomy":"product_tag","embeddable":true,"href":"https:\/\/baldumarket.lt\/lt\/wp-json\/wp\/v2\/product_tag?post=218624"}],"curies":[{"name":"wp","href":"https:\/\/api.w.org\/{rel}","templated":true}]}}