{"id":218619,"date":"2026-02-11T16:59:32","date_gmt":"2026-02-11T13:59:32","guid":{"rendered":"https:\/\/baldumarket.lt\/product\/topper-160x200-cm-pianka-wysokoelastyczna-hr-4-cm-zdejmowany-pokrowiec-h4-comforteo\/"},"modified":"2026-02-11T16:59:34","modified_gmt":"2026-02-11T13:59:34","slug":"topper-160x200-cm-pianka-wysokoelastyczna-hr-4-cm-zdejmowany-pokrowiec-h4-comforteo","status":"publish","type":"product","link":"https:\/\/baldumarket.lt\/lt\/product\/topper-160x200-cm-pianka-wysokoelastyczna-hr-4-cm-zdejmowany-pokrowiec-h4-comforteo\/","title":{"rendered":"Ant\u010diu\u017einis 160\u00d7200 cm, labai elastingas putplastis HR 4 cm, nuimamas u\u017evalkalas, H4, Comforteo"},"content":{"rendered":"<p>160 \u00d7 200 cm HR putplas\u010dio ant\u010diu\u017einis yra puikus sprendimas tiems, kurie nori pagerinti savo lovos komfort\u0105, suteikdami tvirt\u0105 ir stabil\u0173 atram\u0105 miego metu. \u0160is \u010diu\u017einio ant\u010diu\u017einis ypa\u010d veiksmingas ant pernelyg mink\u0161t\u0173 pavir\u0161i\u0173, kuriems reikalinga papildoma atrama ir geresnis k\u016bno kont\u016br\u0173 prisitaikymas. HR (didelio atsparumo) putplas\u010dio \u0161erdis yra labai patvari ir elastinga, suteikia ergonomi\u0161k\u0105 atram\u0105 stuburui ir i\u0161laiko nat\u016bralius jo linkius. Tvirta putplas\u010dio strukt\u016bra padeda suma\u017einti spaudim\u0105 raumenims ir s\u0105nariams, tod\u0117l miegas gilesnis ir atkuriamasis.<\/p>","protected":false},"excerpt":{"rendered":"<p>Plotis: 160 cm<br \/>\nIlgis: 200 cm<br \/>\nAuk\u0161tis: 4 cm<br \/>\nMiegamoji erdv\u0117: 160 \u00d7 200 cm<br \/>\n\u010ciu\u017einio tipas: Putplastis \u2013 labai elastingas<\/p>","protected":false},"featured_media":218620,"comment_status":"open","ping_status":"open","template":"","meta":[],"product_brand":[],"product_cat":[7906,1099,1978],"product_tag":[],"class_list":{"0":"post-218619","1":"product","2":"type-product","3":"status-publish","4":"has-post-thumbnail","6":"product_cat-comforteo","7":"product_cat-mattresses","8":"product_cat-mattresses-160x200","10":"first","11":"instock","12":"purchasable","13":"product-type-simple"},"_links":{"self":[{"href":"https:\/\/baldumarket.lt\/lt\/wp-json\/wp\/v2\/product\/218619","targetHints":{"allow":["GET"]}}],"collection":[{"href":"https:\/\/baldumarket.lt\/lt\/wp-json\/wp\/v2\/product"}],"about":[{"href":"https:\/\/baldumarket.lt\/lt\/wp-json\/wp\/v2\/types\/product"}],"replies":[{"embeddable":true,"href":"https:\/\/baldumarket.lt\/lt\/wp-json\/wp\/v2\/comments?post=218619"}],"wp:featuredmedia":[{"embeddable":true,"href":"https:\/\/baldumarket.lt\/lt\/wp-json\/wp\/v2\/media\/218620"}],"wp:attachment":[{"href":"https:\/\/baldumarket.lt\/lt\/wp-json\/wp\/v2\/media?parent=218619"}],"wp:term":[{"taxonomy":"product_brand","embeddable":true,"href":"https:\/\/baldumarket.lt\/lt\/wp-json\/wp\/v2\/product_brand?post=218619"},{"taxonomy":"product_cat","embeddable":true,"href":"https:\/\/baldumarket.lt\/lt\/wp-json\/wp\/v2\/product_cat?post=218619"},{"taxonomy":"product_tag","embeddable":true,"href":"https:\/\/baldumarket.lt\/lt\/wp-json\/wp\/v2\/product_tag?post=218619"}],"curies":[{"name":"wp","href":"https:\/\/api.w.org\/{rel}","templated":true}]}}