{"id":218604,"date":"2026-02-11T16:59:29","date_gmt":"2026-02-11T13:59:29","guid":{"rendered":"https:\/\/baldumarket.lt\/product\/topper-180x200-cm-pianka-wysokoelastyczna-hr-6-cm-zdejmowany-pokrowiec-h4-comforteo\/"},"modified":"2026-02-11T16:59:30","modified_gmt":"2026-02-11T13:59:30","slug":"topper-180x200-cm-pianka-wysokoelastyczna-hr-6-cm-zdejmowany-pokrowiec-h4-comforteo","status":"publish","type":"product","link":"https:\/\/baldumarket.lt\/lt\/product\/topper-180x200-cm-pianka-wysokoelastyczna-hr-6-cm-zdejmowany-pokrowiec-h4-comforteo\/","title":{"rendered":"Ant\u010diu\u017einis 180\u00d7200 cm, labai elastingas putplastis HR 6 cm, nuimamas u\u017evalkalas, H4, Comforteo"},"content":{"rendered":"<p>6 cm storio HR putplas\u010dio \u010diu\u017einio u\u017etiesalas, kurio matmenys 180 \u00d7 200 cm, yra puikus sprendimas tiems, kurie ie\u0161ko komforto ir atramos miegant dvigul\u0117je arba didel\u0117je viengul\u0117je lovoje. Pagamintas i\u0161 auk\u0161tos kokyb\u0117s HR (didelio atsparumo) putplas\u010dio, u\u017etiesalas suteikia sveik\u0105 atram\u0105, padidina miego komfort\u0105 ir apsaugo \u010diu\u017ein\u012f nuo greito nusid\u0117v\u0117jimo.<\/p>","protected":false},"excerpt":{"rendered":"<p>Plotis: 180 cm<br \/>\nIlgis: 200 cm<br \/>\nAuk\u0161tis: 6 cm<br \/>\nMiegamoji erdv\u0117: 180 \u00d7 200 cm<br \/>\n\u010ciu\u017einio tipas: Putplastis \u2013 labai elastingas<\/p>","protected":false},"featured_media":218605,"comment_status":"open","ping_status":"open","template":"","meta":[],"product_brand":[],"product_cat":[7906,1099,1979],"product_tag":[],"class_list":{"0":"post-218604","1":"product","2":"type-product","3":"status-publish","4":"has-post-thumbnail","6":"product_cat-comforteo","7":"product_cat-mattresses","8":"product_cat-mattresses-180x200","10":"first","11":"instock","12":"purchasable","13":"product-type-simple"},"_links":{"self":[{"href":"https:\/\/baldumarket.lt\/lt\/wp-json\/wp\/v2\/product\/218604","targetHints":{"allow":["GET"]}}],"collection":[{"href":"https:\/\/baldumarket.lt\/lt\/wp-json\/wp\/v2\/product"}],"about":[{"href":"https:\/\/baldumarket.lt\/lt\/wp-json\/wp\/v2\/types\/product"}],"replies":[{"embeddable":true,"href":"https:\/\/baldumarket.lt\/lt\/wp-json\/wp\/v2\/comments?post=218604"}],"wp:featuredmedia":[{"embeddable":true,"href":"https:\/\/baldumarket.lt\/lt\/wp-json\/wp\/v2\/media\/218605"}],"wp:attachment":[{"href":"https:\/\/baldumarket.lt\/lt\/wp-json\/wp\/v2\/media?parent=218604"}],"wp:term":[{"taxonomy":"product_brand","embeddable":true,"href":"https:\/\/baldumarket.lt\/lt\/wp-json\/wp\/v2\/product_brand?post=218604"},{"taxonomy":"product_cat","embeddable":true,"href":"https:\/\/baldumarket.lt\/lt\/wp-json\/wp\/v2\/product_cat?post=218604"},{"taxonomy":"product_tag","embeddable":true,"href":"https:\/\/baldumarket.lt\/lt\/wp-json\/wp\/v2\/product_tag?post=218604"}],"curies":[{"name":"wp","href":"https:\/\/api.w.org\/{rel}","templated":true}]}}